{"id":11101,"date":"2023-01-03T23:03:54","date_gmt":"2023-01-03T20:03:54","guid":{"rendered":"https:\/\/robusta.ai\/bpm-alignment\/"},"modified":"2023-01-03T23:16:16","modified_gmt":"2023-01-03T20:16:16","slug":"robustanin-bpm-uyumlulugu","status":"publish","type":"page","link":"https:\/\/robusta.ai\/tr\/robustanin-bpm-uyumlulugu\/","title":{"rendered":"Robusta\u2019n\u0131n BPM Uyumlulu\u011fu"},"content":{"rendered":"<div class=\"wpb-content-wrapper\"><p>[vc_row full_width=&#8221;stretch_row&#8221; background_image=&#8221;8283&#8243; background_position=&#8221;center&#8221;][vc_column][tm_spacer size=&#8221;lg:100&#8243;][tm_heading tag=&#8221;h1&#8243; custom_google_font=&#8221;&#8221; google_fonts=&#8221;font_family:Lato%3A100%2C100italic%2C300%2C300italic%2Cregular%2Citalic%2C700%2C700italic%2C900%2C900italic|font_style:100%20light%20regular%3A100%3Anormal&#8221; align=&#8221;center&#8221; text_color=&#8221;custom&#8221; custom_text_color=&#8221;#ffffff&#8221; animation=&#8221;none&#8221; font_size=&#8221;xs:34;sm:44;md:54;lg:64&#8243; line_height=&#8221;1.13&#8243;]Robusta\u2019n\u0131n BPM Temelli Mimarisi ile S\u00fcr\u00fckle &amp; B\u0131rak S\u00fcre\u00e7 Tasar\u0131m\u0131[\/tm_heading][tm_spacer size=&#8221;lg:50&#8243;][vc_row_inner][vc_column_inner][tm_button button=&#8221;url:https%3A%2F%2Frobusta.ai%2Ftr%2Filetisim%2F|title:%C4%B0LET%C4%B0%C5%9E%C4%B0ME%20GE%C3%87&#8243; align=&#8221;center&#8221; animation=&#8221;none&#8221; color=&#8221;custom&#8221; button_bg_color=&#8221;custom&#8221; font_color=&#8221;primary&#8221; custom_button_bg_color=&#8221;#ffffff&#8221;][\/vc_column_inner][\/vc_row_inner][tm_spacer size=&#8221;lg:100&#8243;][\/vc_column][\/vc_row][vc_row][vc_column][tm_spacer size=&#8221;lg:70&#8243;][tm_heading tag=&#8221;h2&#8243; custom_google_font=&#8221;&#8221; google_fonts=&#8221;font_family:Lato%3A100%2C100italic%2C300%2C300italic%2Cregular%2Citalic%2C700%2C700italic%2C900%2C900italic|font_style:100%20light%20regular%3A100%3Anormal&#8221; align=&#8221;center&#8221; animation=&#8221;none&#8221; font_size=&#8221;sm:28;md:34;lg:40&#8243; line_height=&#8221;1.4&#8243;]<mark>BPMN 2.0 Standartlar\u0131nda<\/mark> Robotik S\u00fcre\u00e7 Tasar\u0131m\u0131[\/tm_heading][tm_spacer size=&#8221;lg:70&#8243;][tm_heading tag=&#8221;div&#8221; custom_google_font=&#8221;&#8221; google_fonts=&#8221;font_family:Lato%3A100%2C100italic%2C300%2C300italic%2Cregular%2Citalic%2C700%2C700italic%2C900%2C900italic|font_style:300%20light%20regular%3A300%3Anormal&#8221; animation=&#8221;none&#8221; font_size=&#8221;lg:18&#8243; line_height=&#8221;1.67&#8243;]\u0130\u015f operasyonlar\u0131n\u0131 iyile\u015ftirmek i\u00e7in i\u015f s\u00fcreci y\u00f6netimi (BPM) ve Robotik S\u00fcre\u00e7 Otomasyonu (RPA) kullan\u0131l\u0131r. Robusta RPA, s\u00fcrecin tak\u0131l\u0131p kalmas\u0131n\u0131 \u00f6nlemek i\u00e7in BPM ilkelerini kullanman\u0131z\u0131 sa\u011flar.[\/tm_heading][tm_spacer size=&#8221;lg:20&#8243;][tm_heading tag=&#8221;div&#8221; custom_google_font=&#8221;&#8221; google_fonts=&#8221;font_family:Lato%3A100%2C100italic%2C300%2C300italic%2Cregular%2Citalic%2C700%2C700italic%2C900%2C900italic|font_style:300%20light%20regular%3A300%3Anormal&#8221; animation=&#8221;none&#8221; font_size=&#8221;lg:18&#8243; line_height=&#8221;1.67&#8243;]Robusta RPA, BPM yakla\u015f\u0131m\u0131 temel al\u0131narak geli\u015ftirilmi\u015ftir ve haz\u0131r bir BPM entegrasyonu vard\u0131r. Robusta RPA&#8217;n\u0131n BPMN i\u015flevi, s\u00fcre\u00e7lerinizi verimli ve zahmetsizce tasarlaman\u0131za olanak tan\u0131r.[\/tm_heading][\/vc_column][\/vc_row][vc_row full_width=&#8221;stretch_row&#8221; background_color=&#8221;custom&#8221; custom_background_color=&#8221;#F8F8F8&#8243;][vc_column][tm_spacer size=&#8221;lg:100&#8243;][tm_heading tag=&#8221;h2&#8243; custom_google_font=&#8221;&#8221; google_fonts=&#8221;font_family:Lato%3A100%2C100italic%2C300%2C300italic%2Cregular%2Citalic%2C700%2C700italic%2C900%2C900italic|font_style:100%20light%20regular%3A100%3Anormal&#8221; align=&#8221;center&#8221; animation=&#8221;none&#8221; font_size=&#8221;sm:28;md:34;lg:40&#8243; line_height=&#8221;1.4&#8243;]Robusta RPA\u2019n\u0131n <mark>BPM <\/mark>Yeteneklerini Ke\u015ffedin[\/tm_heading][tm_spacer size=&#8221;lg:50&#8243;][tm_grid equal_height=&#8221;1&#8243; animation=&#8221;none&#8221; columns=&#8221;xs:1;sm:2;lg:3&#8243; column_gutter=&#8221;lg:30&#8243; row_gutter=&#8221;lg:30&#8243;][tm_box_image style=&#8221;05&#8243; animation=&#8221;none&#8221; heading=&#8221;Web Tabanl\u0131&#8221; text=&#8221;Web tabanl\u0131 bir tasar\u0131m st\u00fcdyosu arac\u0131l\u0131\u011f\u0131yla form ve s\u00fcre\u00e7 tasar\u0131m\u0131n\u0131 kolayca ger\u00e7ekle\u015ftirin ve karar tablolar\u0131 olu\u015fturun.&#8221; button=&#8221;|||&#8221; image=&#8221;5761&#8243;][tm_box_image style=&#8221;05&#8243; animation=&#8221;none&#8221; heading=&#8221;S\u00fcr\u00fckle ve b\u0131rak&#8221; text=&#8221;Robusta RPA kullan\u0131c\u0131lar\u0131, Design Studio&#8217;nun s\u00fcr\u00fckle b\u0131rak \u00f6zelli\u011fi ile BPMN standartlar\u0131nda ak\u0131\u015f diyagramlar\u0131 olu\u015fturabilirler.&#8221; button=&#8221;|||&#8221; image=&#8221;7411&#8243;][tm_box_image style=&#8221;05&#8243; animation=&#8221;none&#8221; heading=&#8221;Versiyonlama&#8221; text=&#8221;Robusta RPA ile olu\u015fturulan s\u00fcre\u00e7lerin eski s\u00fcr\u00fcmlerine eri\u015fin ve s\u00fcr\u00fcmler aras\u0131nda ge\u00e7i\u015f yap\u0131n.&#8221; button=&#8221;|||&#8221; image=&#8221;5730&#8243;][\/tm_grid][tm_spacer size=&#8221;lg:30&#8243;][tm_grid equal_height=&#8221;1&#8243; animation=&#8221;none&#8221; columns=&#8221;xs:1;sm:2;lg:3&#8243; column_gutter=&#8221;lg:30&#8243; row_gutter=&#8221;lg:30&#8243;][tm_box_image style=&#8221;05&#8243; animation=&#8221;none&#8221; heading=&#8221;Payla\u015f\u0131m&#8221; text=&#8221;Robusta RPA kullan\u0131c\u0131lar\u0131, organizasyondaki t\u00fcm s\u00fcre\u00e7leri g\u00f6r\u00fcnt\u00fcleyebilir ve s\u00fcre\u00e7leri tasarlayan kullan\u0131c\u0131lar aras\u0131nda payla\u015fabilir.&#8221; button=&#8221;|||&#8221; image=&#8221;5728&#8243;][tm_box_image style=&#8221;05&#8243; animation=&#8221;none&#8221; heading=&#8221;Kolay Takip&#8221; text=&#8221;Robusta RPA ile otomasyon s\u00fcre\u00e7lerinin tasarlanmas\u0131ndan \u00e7al\u0131\u015ft\u0131r\u0131lmas\u0131na kadar t\u00fcm a\u015famalarda s\u00fcr\u00fcm de\u011fi\u015fikliklerinin izlenmesi ve takibi kolayd\u0131r.&#8221; button=&#8221;|||&#8221; image=&#8221;5752&#8243;][tm_box_image style=&#8221;05&#8243; animation=&#8221;none&#8221; heading=&#8221;Y\u00f6netim ve Denetleme&#8221; text=&#8221;Robusta RPA&#8217;n\u0131n Kural Motoru, kullan\u0131c\u0131lar\u0131n i\u015f kurallar\u0131n\u0131 s\u00fcre\u00e7 tasar\u0131m\u0131ndan ba\u011f\u0131ms\u0131z olarak y\u00f6netmesine ve kontrol etmesine olanak tan\u0131r.&#8221; button=&#8221;|||&#8221; image=&#8221;5750&#8243;][\/tm_grid][tm_spacer size=&#8221;lg:100&#8243;][\/vc_column][\/vc_row][vc_row][vc_column align=&#8221;center&#8221;][tm_spacer size=&#8221;lg:100&#8243;][tm_heading tag=&#8221;h2&#8243; custom_google_font=&#8221;&#8221; google_fonts=&#8221;font_family:Lato%3A100%2C100italic%2C300%2C300italic%2Cregular%2Citalic%2C700%2C700italic%2C900%2C900italic|font_style:100%20light%20regular%3A100%3Anormal&#8221; align=&#8221;center&#8221; animation=&#8221;none&#8221; font_size=&#8221;sm:28;md:34;lg:40&#8243; line_height=&#8221;1.4&#8243;]<mark>BPM Temelli <\/mark>Robusta RPA ile Kolayca RPA S\u00fcre\u00e7leri Tasarlay\u0131n[\/tm_heading][tm_spacer size=&#8221;lg:50&#8243;][\/vc_column][\/vc_row][vc_row][vc_column][tm_heading style=&#8221;left-line&#8221; tag=&#8221;p&#8221; custom_google_font=&#8221;&#8221; google_fonts=&#8221;font_family:Lato%3A100%2C100italic%2C300%2C300italic%2Cregular%2Citalic%2C700%2C700italic%2C900%2C900italic|font_style:300%20light%20regular%3A300%3Anormal&#8221; font_weight=&#8221;200&#8243; animation=&#8221;none&#8221; font_size=&#8221;lg:18&#8243; line_height=&#8221;1.67&#8243;]Robusta RPA, s\u00fcre\u00e7leri BPMN standartlar\u0131 alt\u0131nda tasarlaman\u0131z\u0131 ve \u00e7al\u0131\u015ft\u0131rman\u0131z\u0131 sa\u011flar. Ek olarak, BPMN yakla\u015f\u0131m\u0131, kurulu\u015flar\u0131n bir\u00e7ok mevcut s\u00fcreci kolayca RPA&#8217;ya ta\u015f\u0131mas\u0131na olanak tan\u0131r.[\/tm_heading][tm_spacer size=&#8221;lg:30&#8243;][tm_heading style=&#8221;left-line&#8221; tag=&#8221;div&#8221; custom_google_font=&#8221;&#8221; google_fonts=&#8221;font_family:Lato%3A100%2C100italic%2C300%2C300italic%2Cregular%2Citalic%2C700%2C700italic%2C900%2C900italic|font_style:300%20light%20regular%3A300%3Anormal&#8221; font_weight=&#8221;200&#8243; animation=&#8221;none&#8221; font_size=&#8221;lg:18&#8243; line_height=&#8221;1.67&#8243;]Robusta RPA&#8217;n\u0131n BPM \u00f6zellikleri, Robusta RPA \u00fczerinde tasarlanan s\u00fcre\u00e7lerin gerekti\u011finde <mark>PDF ve Word <\/mark> gibi formatlarda d\u0131\u015fa aktar\u0131labilmesini ve kurumunuzdaki di\u011fer BPM ara\u00e7lar\u0131yla uyumlu \u00e7al\u0131\u015fabilmesini sa\u011flar.[\/tm_heading][tm_spacer size=&#8221;lg:100&#8243;][\/vc_column][\/vc_row][vc_row][vc_column][tm_button_group][\/tm_button_group][\/vc_column][\/vc_row]<\/p>\n<\/div>","protected":false},"excerpt":{"rendered":"<p>[vc_row full_width=&#8221;stretch_row&#8221; background_image=&#8221;8283&#8243; background_position=&#8221;center&#8221;][vc_column][tm_spacer size=&#8221;lg:100&#8243;][tm_heading tag=&#8221;h1&#8243; custom_google_font=&#8221;&#8221; google_fonts=&#8221;font_family:Lato%3A100%2C100italic%2C300%2C300italic%2Cregular%2Citalic%2C700%2C700italic%2C900%2C900italic|font_style:100%20light%20regular%3A100%3Anormal&#8221; align=&#8221;center&#8221; text_color=&#8221;custom&#8221; custom_text_color=&#8221;#ffffff&#8221; animation=&#8221;none&#8221; font_size=&#8221;xs:34;sm:44;md:54;lg:64&#8243; line_height=&#8221;1.13&#8243;]Robusta\u2019n\u0131n BPM Temelli Mimarisi ile S\u00fcr\u00fckle &amp; B\u0131rak S\u00fcre\u00e7 Tasar\u0131m\u0131[\/tm_heading][tm_spacer size=&#8221;lg:50&#8243;][vc_row_inner][vc_column_inner][tm_button button=&#8221;url:https%3A%2F%2Frobusta.ai%2Ftr%2Filetisim%2F|title:%C4%B0LET%C4%B0%C5%9E%C4%B0ME%20GE%C3%87&#8243; align=&#8221;center&#8221; animation=&#8221;none&#8221; color=&#8221;custom&#8221; button_bg_color=&#8221;custom&#8221; font_color=&#8221;primary&#8221; custom_button_bg_color=&#8221;#ffffff&#8221;][\/vc_column_inner][\/vc_row_inner][tm_spacer size=&#8221;lg:100&#8243;][\/vc_column][\/vc_row][vc_row][vc_column][tm_spacer size=&#8221;lg:70&#8243;][tm_heading tag=&#8221;h2&#8243; custom_google_font=&#8221;&#8221; google_fonts=&#8221;font_family:Lato%3A100%2C100italic%2C300%2C300italic%2Cregular%2Citalic%2C700%2C700italic%2C900%2C900italic|font_style:100%20light%20regular%3A100%3Anormal&#8221; align=&#8221;center&#8221; animation=&#8221;none&#8221; font_size=&#8221;sm:28;md:34;lg:40&#8243; line_height=&#8221;1.4&#8243;]BPMN 2.0 Standartlar\u0131nda Robotik S\u00fcre\u00e7 Tasar\u0131m\u0131[\/tm_heading][tm_spacer size=&#8221;lg:70&#8243;][tm_heading tag=&#8221;div&#8221; custom_google_font=&#8221;&#8221; google_fonts=&#8221;font_family:Lato%3A100%2C100italic%2C300%2C300italic%2Cregular%2Citalic%2C700%2C700italic%2C900%2C900italic|font_style:300%20light%20regular%3A300%3Anormal&#8221; animation=&#8221;none&#8221; font_size=&#8221;lg:18&#8243; line_height=&#8221;1.67&#8243;]\u0130\u015f operasyonlar\u0131n\u0131 iyile\u015ftirmek i\u00e7in i\u015f s\u00fcreci y\u00f6netimi (BPM) ve Robotik S\u00fcre\u00e7 Otomasyonu (RPA) kullan\u0131l\u0131r. Robusta RPA, s\u00fcrecin tak\u0131l\u0131p kalmas\u0131n\u0131 \u00f6nlemek i\u00e7in BPM ilkelerini kullanman\u0131z\u0131 sa\u011flar.[\/tm_heading][tm_spacer size=&#8221;lg:20&#8243;][tm_heading tag=&#8221;div&#8221; custom_google_font=&#8221;&#8221; google_fonts=&#8221;font_family:Lato%3A100%2C100italic%2C300%2C300italic%2Cregular%2Citalic%2C700%2C700italic%2C900%2C900italic|font_style:300%20light%20regular%3A300%3Anormal&#8221; animation=&#8221;none&#8221; font_size=&#8221;lg:18&#8243; line_height=&#8221;1.67&#8243;]Robusta RPA, BPM yakla\u015f\u0131m\u0131 temel al\u0131narak geli\u015ftirilmi\u015ftir ve haz\u0131r bir BPM entegrasyonu vard\u0131r. Robusta RPA&#8217;n\u0131n BPMN i\u015flevi, s\u00fcre\u00e7lerinizi verimli ve zahmetsizce tasarlaman\u0131za olanak tan\u0131r.[\/tm_heading][\/vc_column][\/vc_row][vc_row full_width=&#8221;stretch_row&#8221; background_color=&#8221;custom&#8221; custom_background_color=&#8221;#F8F8F8&#8243;][vc_column][tm_spacer size=&#8221;lg:100&#8243;][tm_heading tag=&#8221;h2&#8243; custom_google_font=&#8221;&#8221; google_fonts=&#8221;font_family:Lato%3A100%2C100italic%2C300%2C300italic%2Cregular%2Citalic%2C700%2C700italic%2C900%2C900italic|font_style:100%20light%20regular%3A100%3Anormal&#8221; align=&#8221;center&#8221; animation=&#8221;none&#8221; font_size=&#8221;sm:28;md:34;lg:40&#8243; line_height=&#8221;1.4&#8243;]Robusta RPA\u2019n\u0131n BPM Yeteneklerini Ke\u015ffedin[\/tm_heading][tm_spacer size=&#8221;lg:50&#8243;][tm_grid equal_height=&#8221;1&#8243; animation=&#8221;none&#8221; columns=&#8221;xs:1;sm:2;lg:3&#8243; column_gutter=&#8221;lg:30&#8243; row_gutter=&#8221;lg:30&#8243;][tm_box_image style=&#8221;05&#8243; animation=&#8221;none&#8221; heading=&#8221;Web Tabanl\u0131&#8221; text=&#8221;Web tabanl\u0131 bir tasar\u0131m st\u00fcdyosu arac\u0131l\u0131\u011f\u0131yla form ve s\u00fcre\u00e7 tasar\u0131m\u0131n\u0131 kolayca ger\u00e7ekle\u015ftirin ve karar tablolar\u0131 olu\u015fturun.&#8221; button=&#8221;|||&#8221; image=&#8221;5761&#8243;][tm_box_image style=&#8221;05&#8243; animation=&#8221;none&#8221; heading=&#8221;S\u00fcr\u00fckle ve b\u0131rak&#8221; text=&#8221;Robusta RPA kullan\u0131c\u0131lar\u0131, Design Studio&#8217;nun s\u00fcr\u00fckle b\u0131rak \u00f6zelli\u011fi ile BPMN standartlar\u0131nda ak\u0131\u015f diyagramlar\u0131 olu\u015fturabilirler.&#8221; button=&#8221;|||&#8221; image=&#8221;7411&#8243;][tm_box_image style=&#8221;05&#8243; animation=&#8221;none&#8221; heading=&#8221;Versiyonlama&#8221; text=&#8221;Robusta RPA ile olu\u015fturulan s\u00fcre\u00e7lerin eski s\u00fcr\u00fcmlerine eri\u015fin ve s\u00fcr\u00fcmler aras\u0131nda ge\u00e7i\u015f yap\u0131n.&#8221; button=&#8221;|||&#8221; image=&#8221;5730&#8243;][\/tm_grid][tm_spacer size=&#8221;lg:30&#8243;][tm_grid equal_height=&#8221;1&#8243; animation=&#8221;none&#8221; columns=&#8221;xs:1;sm:2;lg:3&#8243; column_gutter=&#8221;lg:30&#8243; row_gutter=&#8221;lg:30&#8243;][tm_box_image style=&#8221;05&#8243; animation=&#8221;none&#8221; heading=&#8221;Payla\u015f\u0131m&#8221; text=&#8221;Robusta RPA kullan\u0131c\u0131lar\u0131, organizasyondaki t\u00fcm s\u00fcre\u00e7leri g\u00f6r\u00fcnt\u00fcleyebilir ve s\u00fcre\u00e7leri tasarlayan kullan\u0131c\u0131lar aras\u0131nda payla\u015fabilir.&#8221; button=&#8221;|||&#8221; image=&#8221;5728&#8243;][tm_box_image style=&#8221;05&#8243; animation=&#8221;none&#8221; heading=&#8221;Kolay Takip&#8221; text=&#8221;Robusta RPA ile otomasyon s\u00fcre\u00e7lerinin tasarlanmas\u0131ndan \u00e7al\u0131\u015ft\u0131r\u0131lmas\u0131na kadar t\u00fcm a\u015famalarda s\u00fcr\u00fcm de\u011fi\u015fikliklerinin izlenmesi ve takibi kolayd\u0131r.&#8221; button=&#8221;|||&#8221; image=&#8221;5752&#8243;][tm_box_image style=&#8221;05&#8243; animation=&#8221;none&#8221; heading=&#8221;Y\u00f6netim ve Denetleme&#8221; text=&#8221;Robusta RPA&#8217;n\u0131n Kural Motoru, kullan\u0131c\u0131lar\u0131n i\u015f kurallar\u0131n\u0131 s\u00fcre\u00e7 tasar\u0131m\u0131ndan ba\u011f\u0131ms\u0131z olarak y\u00f6netmesine ve kontrol etmesine olanak tan\u0131r.&#8221; button=&#8221;|||&#8221; image=&#8221;5750&#8243;][\/tm_grid][tm_spacer size=&#8221;lg:100&#8243;][\/vc_column][\/vc_row][vc_row][vc_column align=&#8221;center&#8221;][tm_spacer size=&#8221;lg:100&#8243;][tm_heading tag=&#8221;h2&#8243; custom_google_font=&#8221;&#8221; google_fonts=&#8221;font_family:Lato%3A100%2C100italic%2C300%2C300italic%2Cregular%2Citalic%2C700%2C700italic%2C900%2C900italic|font_style:100%20light%20regular%3A100%3Anormal&#8221; align=&#8221;center&#8221; animation=&#8221;none&#8221; font_size=&#8221;sm:28;md:34;lg:40&#8243; line_height=&#8221;1.4&#8243;]BPM Temelli Robusta RPA ile Kolayca RPA S\u00fcre\u00e7leri Tasarlay\u0131n[\/tm_heading][tm_spacer size=&#8221;lg:50&#8243;][\/vc_column][\/vc_row][vc_row][vc_column][tm_heading style=&#8221;left-line&#8221; tag=&#8221;p&#8221; custom_google_font=&#8221;&#8221; google_fonts=&#8221;font_family:Lato%3A100%2C100italic%2C300%2C300italic%2Cregular%2Citalic%2C700%2C700italic%2C900%2C900italic|font_style:300%20light%20regular%3A300%3Anormal&#8221; font_weight=&#8221;200&#8243; animation=&#8221;none&#8221; font_size=&#8221;lg:18&#8243; line_height=&#8221;1.67&#8243;]Robusta RPA, s\u00fcre\u00e7leri BPMN standartlar\u0131 alt\u0131nda tasarlaman\u0131z\u0131 ve \u00e7al\u0131\u015ft\u0131rman\u0131z\u0131 sa\u011flar. Ek olarak, BPMN yakla\u015f\u0131m\u0131, kurulu\u015flar\u0131n bir\u00e7ok mevcut s\u00fcreci kolayca RPA&#8217;ya ta\u015f\u0131mas\u0131na olanak tan\u0131r.[\/tm_heading][tm_spacer size=&#8221;lg:30&#8243;][tm_heading style=&#8221;left-line&#8221; tag=&#8221;div&#8221; custom_google_font=&#8221;&#8221; google_fonts=&#8221;font_family:Lato%3A100%2C100italic%2C300%2C300italic%2Cregular%2Citalic%2C700%2C700italic%2C900%2C900italic|font_style:300%20light%20regular%3A300%3Anormal&#8221; font_weight=&#8221;200&#8243; animation=&#8221;none&#8221; font_size=&#8221;lg:18&#8243; line_height=&#8221;1.67&#8243;]Robusta RPA&#8217;n\u0131n BPM \u00f6zellikleri, Robusta RPA \u00fczerinde tasarlanan s\u00fcre\u00e7lerin gerekti\u011finde PDF ve Word gibi formatlarda d\u0131\u015fa aktar\u0131labilmesini ve kurumunuzdaki di\u011fer BPM ara\u00e7lar\u0131yla uyumlu \u00e7al\u0131\u015fabilmesini sa\u011flar.[\/tm_heading][tm_spacer size=&#8221;lg:100&#8243;][\/vc_column][\/vc_row][vc_row][vc_column][tm_button_group][\/tm_button_group][\/vc_column][\/vc_row]<\/p>\n","protected":false},"author":2,"featured_media":0,"parent":0,"menu_order":0,"comment_status":"closed","ping_status":"closed","template":"","meta":{"footnotes":""},"class_list":["post-11101","page","type-page","status-publish","hentry","post-no-thumbnail"],"_links":{"self":[{"href":"https:\/\/robusta.ai\/tr\/wp-json\/wp\/v2\/pages\/11101","targetHints":{"allow":["GET"]}}],"collection":[{"href":"https:\/\/robusta.ai\/tr\/wp-json\/wp\/v2\/pages"}],"about":[{"href":"https:\/\/robusta.ai\/tr\/wp-json\/wp\/v2\/types\/page"}],"author":[{"embeddable":true,"href":"https:\/\/robusta.ai\/tr\/wp-json\/wp\/v2\/users\/2"}],"replies":[{"embeddable":true,"href":"https:\/\/robusta.ai\/tr\/wp-json\/wp\/v2\/comments?post=11101"}],"version-history":[{"count":3,"href":"https:\/\/robusta.ai\/tr\/wp-json\/wp\/v2\/pages\/11101\/revisions"}],"predecessor-version":[{"id":11103,"href":"https:\/\/robusta.ai\/tr\/wp-json\/wp\/v2\/pages\/11101\/revisions\/11103"}],"wp:attachment":[{"href":"https:\/\/robusta.ai\/tr\/wp-json\/wp\/v2\/media?parent=11101"}],"curies":[{"name":"wp","href":"https:\/\/api.w.org\/{rel}","templated":true}]}}