{"id":12962,"date":"2025-09-24T10:31:04","date_gmt":"2025-09-24T07:31:04","guid":{"rendered":"https:\/\/robusta.ai\/?page_id=12962"},"modified":"2025-09-24T10:31:48","modified_gmt":"2025-09-24T07:31:48","slug":"robot-insanyapay-zeka-human-in-the-loop","status":"publish","type":"page","link":"https:\/\/robusta.ai\/tr\/robot-insanyapay-zeka-human-in-the-loop\/","title":{"rendered":"Robot+ \u0130nsan+Yapay Zeka  (Human in the Loop)"},"content":{"rendered":"<div class=\"wpb-content-wrapper\"><p>[vc_row full_width=&#8221;stretch_row&#8221; background_attachment=&#8221;fixed&#8221; background_image=&#8221;12955&#8243; background_position=&#8221;middle&#8221;][vc_column][tm_spacer size=&#8221;lg:200&#8243;][tm_heading style=&#8221;highlight-01&#8243; tag=&#8221;h1&#8243; custom_google_font=&#8221;&#8221; google_fonts=&#8221;font_family:Cabin%3Aregular%2Citalic%2C500%2C500italic%2C600%2C600italic%2C700%2C700italic|font_style:400%20regular%3A400%3Anormal&#8221; align=&#8221;center&#8221; text_color=&#8221;custom&#8221; custom_text_color=&#8221;#FFFFFF&#8221; font_size=&#8221;lg:50&#8243; line_height=&#8221;1.3&#8243;]Robot+ \u0130nsan+ Yapay Zeka<br \/>\n(Human in the Loop)[\/tm_heading][tm_spacer size=&#8221;lg:200&#8243;][\/vc_column][\/vc_row][vc_row][vc_column][tm_spacer size=&#8221;lg:70&#8243;][tm_heading tag=&#8221;h2&#8243; custom_google_font=&#8221;&#8221; google_fonts=&#8221;font_family:Cabin%3Aregular%2Citalic%2C500%2C500italic%2C600%2C600italic%2C700%2C700italic|font_style:400%20regular%3A400%3Anormal&#8221; align=&#8221;center&#8221; animation=&#8221;none&#8221; font_size=&#8221;sm:28;md:34;lg:40&#8243; line_height=&#8221;1.4&#8243;]<mark>\u0130nsan ve Yapay Zek\u00e2n\u0131n<\/mark> G\u00fcc\u00fcn\u00fc Birle\u015ftirin<br \/>\n[\/tm_heading][tm_spacer size=&#8221;lg:70&#8243;][\/vc_column][\/vc_row][vc_row][vc_column][tm_spacer size=&#8221;sm:30&#8243;][tm_heading tag=&#8221;div&#8221; custom_google_font=&#8221;1&#8243; google_fonts=&#8221;font_family:Cabin%3Aregular%2Citalic%2C500%2C500italic%2C600%2C600italic%2C700%2C700italic|font_style:400%20regular%3A400%3Anormal&#8221; animation=&#8221;none&#8221; font_size=&#8221;lg:18&#8243; line_height=&#8221;1.67&#8243;]Human in the Loop (HITL), RPA ve AI Agent\u2019lar\u0131n birlikte \u00e7al\u0131\u015ft\u0131\u011f\u0131 hibrit bir modeldir. Bu yakla\u015f\u0131mda otomasyon, h\u0131z ve \u00f6l\u00e7ek kazand\u0131r\u0131rken; insan sezgisi, deneyimi ve kontrol g\u00fcc\u00fc s\u00fcrecin g\u00fcvenilirli\u011fini art\u0131r\u0131r. Yapay zek\u00e2 ve robotlar s\u00fcre\u00e7leri u\u00e7tan uca y\u00fcr\u00fct\u00fcrken, kritik karar noktalar\u0131nda insan devreye girer ve s\u00fcrece y\u00f6n verir.[\/tm_heading][tm_spacer size=&#8221;lg:30&#8243;][\/vc_column][\/vc_row][vc_row full_width=&#8221;stretch_row&#8221; background_color=&#8221;custom&#8221; custom_background_color=&#8221;#F8F8F8&#8243;][vc_column][tm_spacer size=&#8221;lg:100&#8243;][tm_heading tag=&#8221;h2&#8243; custom_google_font=&#8221;&#8221; google_fonts=&#8221;font_family:Cabin%3Aregular%2Citalic%2C500%2C500italic%2C600%2C600italic%2C700%2C700italic|font_style:400%20regular%3A400%3Anormal&#8221; align=&#8221;center&#8221; animation=&#8221;none&#8221; font_size=&#8221;sm:28;md:34;lg:40&#8243; line_height=&#8221;1.4&#8243;]Robusta\u2019n\u0131n Agentic Orkestrasyonu ile <mark>G\u00fc\u00e7lendirilmi\u015f HITL<\/mark>[\/tm_heading][tm_spacer size=&#8221;lg:30&#8243;][tm_heading tag=&#8221;div&#8221; custom_google_font=&#8221;1&#8243; google_fonts=&#8221;font_family:Cabin%3Aregular%2Citalic%2C500%2C500italic%2C600%2C600italic%2C700%2C700italic|font_style:400%20regular%3A400%3Anormal&#8221; animation=&#8221;none&#8221; font_size=&#8221;lg:18&#8243; line_height=&#8221;1.67&#8243;]Robusta, sadece insan ve yapay zek\u00e2y\u0131 bir araya getirmekle kalmaz; g\u00fc\u00e7l\u00fc Agentic AI altyap\u0131s\u0131 ve orkestrasyon yetenekleriyle bu i\u015fbirli\u011fini en verimli hale getirir. Farkl\u0131 AI Agent\u2019lar\u0131n, RPA botlar\u0131n\u0131n ve insan katk\u0131s\u0131n\u0131n tek bir \u00e7at\u0131 alt\u0131nda koordine edilmesini sa\u011flar. B\u00f6ylece kurumlar, karma\u015f\u0131k i\u015f ak\u0131\u015flar\u0131n\u0131 dinamik, esnek ve y\u00f6netilebilir hale getirebilir.[\/tm_heading][tm_spacer size=&#8221;lg:100&#8243;][\/vc_column][\/vc_row][vc_row full_width=&#8221;stretch_row&#8221; custom_border_color=&#8221;&#8221;][vc_column][tm_spacer size=&#8221;lg:100&#8243;][tm_heading tag=&#8221;h2&#8243; custom_google_font=&#8221;&#8221; google_fonts=&#8221;font_family:Lato%3A100%2C100italic%2C300%2C300italic%2Cregular%2Citalic%2C700%2C700italic%2C900%2C900italic|font_style:100%20light%20regular%3A100%3Anormal&#8221; align=&#8221;center&#8221; animation=&#8221;none&#8221; font_size=&#8221;sm:28;md:34;lg:40&#8243; line_height=&#8221;1.4&#8243;]Avantajlar\u0131[\/tm_heading][tm_spacer size=&#8221;lg:50&#8243;][tm_heading tag=&#8221;div&#8221; custom_google_font=&#8221;&#8221; google_fonts=&#8221;font_family:Lato%3A100%2C100italic%2C300%2C300italic%2Cregular%2Citalic%2C700%2C700italic%2C900%2C900italic|font_style:300%20light%20regular%3A300%3Anormal&#8221; align=&#8221;center&#8221; animation=&#8221;none&#8221; font_size=&#8221;lg:18&#8243; line_height=&#8221;1.67&#8243;]\u015eirketler, birle\u015fik bir platform kullanarak u\u00e7tan uca otomasyon ve zeka i\u015flevlerinden yararlan\u0131r. AI ile RPA&#8217;n\u0131n entegrasyonu, verimlilik, \u00fcretkenlik ve yap\u0131land\u0131r\u0131lmam\u0131\u015f verilerin i\u015flenmesinde do\u011frulu\u011fu art\u0131r\u0131r, bir zamanlar sadece insanlar taraf\u0131ndan y\u00f6netilen stratejik alanlara otomasyonu geni\u015fletir.[\/tm_heading][tm_spacer size=&#8221;lg:100&#8243;][tm_grid equal_height=&#8221;1&#8243; animation=&#8221;none&#8221; columns=&#8221;xs:1;sm:2;lg:2&#8243; column_gutter=&#8221;lg:30&#8243; row_gutter=&#8221;lg:30&#8243;][tm_box_image style=&#8221;05&#8243; animation=&#8221;none&#8221; heading=&#8221;Do\u011fruluk ve G\u00fcvenilirlik&#8221; text=&#8221;RPA ve AI Agent\u2019lar i\u015f y\u00fck\u00fcn\u00fc \u00fcstlenirken, insan denetimi hata riskini en aza indirir.&#8221; button=&#8221;|||&#8221;][tm_box_image style=&#8221;05&#8243; animation=&#8221;none&#8221; heading=&#8221;Esneklik&#8221; text=&#8221;\u0130stisnai durumlarda insan, AI Agent\u2019lar\u0131n ald\u0131\u011f\u0131 kararlar\u0131 y\u00f6nlendirebilir.&#8221; button=&#8221;|||&#8221;][tm_box_image style=&#8221;05&#8243; animation=&#8221;none&#8221; heading=&#8221;\u015eeffafl\u0131k&#8221; text=&#8221;\u0130nsan g\u00f6zetimi, otomasyon s\u00fcre\u00e7lerinin daha anla\u015f\u0131l\u0131r ve denetlenebilir olmas\u0131n\u0131 sa\u011flar.&#8221; button=&#8221;|||&#8221;][tm_box_image style=&#8221;05&#8243; animation=&#8221;none&#8221; heading=&#8221;Verimlilik&#8221; text=&#8221;\u0130nsan yaln\u0131zca de\u011fer katan noktalarda devreye girer; h\u0131z ve kalite ayn\u0131 anda korunur.&#8221; button=&#8221;|||&#8221;][tm_box_image style=&#8221;05&#8243; animation=&#8221;none&#8221; heading=&#8221;S\u00fcrekli Geli\u015fim&#8221; text=&#8221;\u0130nsan geri bildirimleri, AI Agent\u2019lar\u0131n \u00f6\u011frenme s\u00fcre\u00e7lerini besleyerek sistemi giderek daha ak\u0131ll\u0131 hale getirir.&#8221; button=&#8221;|||&#8221;][tm_box_image style=&#8221;05&#8243; animation=&#8221;none&#8221; heading=&#8221;Orkestrasyon G\u00fcc\u00fc&#8221; text=&#8221;Robusta\u2019n\u0131n agentic yap\u0131s\u0131, insan\u2013makine i\u015fbirli\u011fini tek platformdan u\u00e7tan uca y\u00f6netme olana\u011f\u0131 sa\u011flar.&#8221; button=&#8221;|||&#8221;][\/tm_grid][tm_spacer size=&#8221;lg:100&#8243;][\/vc_column][\/vc_row][vc_row sm_spacing=&#8221;padding_bottom:100&#8243; lg_spacing=&#8221;padding_bottom:120&#8243;][vc_column offset=&#8221;vc_col-md-5&#8243;][tm_spacer size=&#8221;lg:100&#8243;][tm_heading style=&#8221;left-line&#8221; tag=&#8221;div&#8221; custom_google_font=&#8221;1&#8243; google_fonts=&#8221;font_family:Cabin%3Aregular%2Citalic%2C500%2C500italic%2C600%2C600italic%2C700%2C700italic|font_style:400%20regular%3A400%3Anormal&#8221; animation=&#8221;none&#8221; font_size=&#8221;sm:18;md:21;lg:34&#8243; line_height=&#8221;1.67&#8243; max_width=&#8221;400px&#8221;]<mark>Sonu\u00e7<\/mark>[\/tm_heading][tm_spacer size=&#8221;sm:30&#8243;][tm_spacer size=&#8221;sm:30&#8243;][\/vc_column][vc_column offset=&#8221;vc_col-md-7&#8243;][tm_spacer size=&#8221;lg:100&#8243;][tm_heading tag=&#8221;div&#8221; custom_google_font=&#8221;1&#8243; google_fonts=&#8221;font_family:Cabin%3Aregular%2Citalic%2C500%2C500italic%2C600%2C600italic%2C700%2C700italic|font_style:400%20regular%3A400%3Anormal&#8221; align=&#8221;center&#8221; animation=&#8221;none&#8221; font_size=&#8221;lg:18&#8243; line_height=&#8221;1.67&#8243;]Robusta\u2019n\u0131n HITL yakla\u015f\u0131m\u0131, kurumlara hem <b>tam otomasyonun \u00f6l\u00e7e\u011fini<\/b> hem de <b>insan dokunu\u015funun g\u00fcvenini <\/b>sunar. Agentic AI ve orkestrasyon g\u00fcc\u00fcyle desteklenen bu model, i\u015fletmelerin sadece bug\u00fcn de\u011fil, gelece\u011fin i\u015f s\u00fcre\u00e7lerinde de \u00e7evik ve yenilik\u00e7i kalmas\u0131n\u0131 sa\u011flar.[\/tm_heading][\/vc_column][\/vc_row]<\/p>\n<\/div>","protected":false},"excerpt":{"rendered":"<p>[vc_row full_width=&#8221;stretch_row&#8221; background_attachment=&#8221;fixed&#8221; background_image=&#8221;12955&#8243; background_position=&#8221;middle&#8221;][vc_column][tm_spacer size=&#8221;lg:200&#8243;][tm_heading style=&#8221;highlight-01&#8243; tag=&#8221;h1&#8243; custom_google_font=&#8221;&#8221; google_fonts=&#8221;font_family:Cabin%3Aregular%2Citalic%2C500%2C500italic%2C600%2C600italic%2C700%2C700italic|font_style:400%20regular%3A400%3Anormal&#8221; align=&#8221;center&#8221; text_color=&#8221;custom&#8221; custom_text_color=&#8221;#FFFFFF&#8221; font_size=&#8221;lg:50&#8243; line_height=&#8221;1.3&#8243;]Robot+ \u0130nsan+ Yapay Zeka (Human in the Loop)[\/tm_heading][tm_spacer size=&#8221;lg:200&#8243;][\/vc_column][\/vc_row][vc_row][vc_column][tm_spacer size=&#8221;lg:70&#8243;][tm_heading tag=&#8221;h2&#8243; custom_google_font=&#8221;&#8221; google_fonts=&#8221;font_family:Cabin%3Aregular%2Citalic%2C500%2C500italic%2C600%2C600italic%2C700%2C700italic|font_style:400%20regular%3A400%3Anormal&#8221; align=&#8221;center&#8221; animation=&#8221;none&#8221; font_size=&#8221;sm:28;md:34;lg:40&#8243; line_height=&#8221;1.4&#8243;]\u0130nsan ve Yapay Zek\u00e2n\u0131n G\u00fcc\u00fcn\u00fc Birle\u015ftirin [\/tm_heading][tm_spacer size=&#8221;lg:70&#8243;][\/vc_column][\/vc_row][vc_row][vc_column][tm_spacer size=&#8221;sm:30&#8243;][tm_heading tag=&#8221;div&#8221; custom_google_font=&#8221;1&#8243; google_fonts=&#8221;font_family:Cabin%3Aregular%2Citalic%2C500%2C500italic%2C600%2C600italic%2C700%2C700italic|font_style:400%20regular%3A400%3Anormal&#8221; animation=&#8221;none&#8221; font_size=&#8221;lg:18&#8243; line_height=&#8221;1.67&#8243;]Human in the Loop (HITL), RPA ve AI Agent\u2019lar\u0131n birlikte \u00e7al\u0131\u015ft\u0131\u011f\u0131 hibrit bir modeldir. Bu yakla\u015f\u0131mda otomasyon, h\u0131z ve \u00f6l\u00e7ek kazand\u0131r\u0131rken; insan sezgisi, deneyimi ve kontrol g\u00fcc\u00fc s\u00fcrecin g\u00fcvenilirli\u011fini art\u0131r\u0131r. Yapay zek\u00e2 ve robotlar s\u00fcre\u00e7leri u\u00e7tan uca y\u00fcr\u00fct\u00fcrken, kritik karar noktalar\u0131nda insan devreye girer ve s\u00fcrece y\u00f6n verir.[\/tm_heading][tm_spacer size=&#8221;lg:30&#8243;][\/vc_column][\/vc_row][vc_row full_width=&#8221;stretch_row&#8221; background_color=&#8221;custom&#8221; custom_background_color=&#8221;#F8F8F8&#8243;][vc_column][tm_spacer size=&#8221;lg:100&#8243;][tm_heading tag=&#8221;h2&#8243; custom_google_font=&#8221;&#8221; google_fonts=&#8221;font_family:Cabin%3Aregular%2Citalic%2C500%2C500italic%2C600%2C600italic%2C700%2C700italic|font_style:400%20regular%3A400%3Anormal&#8221; align=&#8221;center&#8221; animation=&#8221;none&#8221; font_size=&#8221;sm:28;md:34;lg:40&#8243; line_height=&#8221;1.4&#8243;]Robusta\u2019n\u0131n Agentic Orkestrasyonu ile G\u00fc\u00e7lendirilmi\u015f HITL[\/tm_heading][tm_spacer size=&#8221;lg:30&#8243;][tm_heading tag=&#8221;div&#8221; custom_google_font=&#8221;1&#8243; google_fonts=&#8221;font_family:Cabin%3Aregular%2Citalic%2C500%2C500italic%2C600%2C600italic%2C700%2C700italic|font_style:400%20regular%3A400%3Anormal&#8221; animation=&#8221;none&#8221; font_size=&#8221;lg:18&#8243; line_height=&#8221;1.67&#8243;]Robusta, sadece insan ve yapay zek\u00e2y\u0131 bir araya getirmekle kalmaz; g\u00fc\u00e7l\u00fc Agentic AI altyap\u0131s\u0131 ve orkestrasyon yetenekleriyle bu i\u015fbirli\u011fini en verimli hale getirir. Farkl\u0131 AI Agent\u2019lar\u0131n, RPA botlar\u0131n\u0131n ve insan katk\u0131s\u0131n\u0131n tek bir \u00e7at\u0131 alt\u0131nda koordine edilmesini sa\u011flar. B\u00f6ylece kurumlar, karma\u015f\u0131k i\u015f ak\u0131\u015flar\u0131n\u0131 dinamik, esnek ve y\u00f6netilebilir hale getirebilir.[\/tm_heading][tm_spacer size=&#8221;lg:100&#8243;][\/vc_column][\/vc_row][vc_row full_width=&#8221;stretch_row&#8221; custom_border_color=&#8221;&#8221;][vc_column][tm_spacer size=&#8221;lg:100&#8243;][tm_heading tag=&#8221;h2&#8243; custom_google_font=&#8221;&#8221; google_fonts=&#8221;font_family:Lato%3A100%2C100italic%2C300%2C300italic%2Cregular%2Citalic%2C700%2C700italic%2C900%2C900italic|font_style:100%20light%20regular%3A100%3Anormal&#8221; align=&#8221;center&#8221; animation=&#8221;none&#8221; font_size=&#8221;sm:28;md:34;lg:40&#8243; line_height=&#8221;1.4&#8243;]Avantajlar\u0131[\/tm_heading][tm_spacer size=&#8221;lg:50&#8243;][tm_heading tag=&#8221;div&#8221; custom_google_font=&#8221;&#8221; google_fonts=&#8221;font_family:Lato%3A100%2C100italic%2C300%2C300italic%2Cregular%2Citalic%2C700%2C700italic%2C900%2C900italic|font_style:300%20light%20regular%3A300%3Anormal&#8221; align=&#8221;center&#8221; animation=&#8221;none&#8221; font_size=&#8221;lg:18&#8243; line_height=&#8221;1.67&#8243;]\u015eirketler, birle\u015fik bir platform kullanarak u\u00e7tan uca otomasyon ve zeka i\u015flevlerinden yararlan\u0131r. AI ile RPA&#8217;n\u0131n entegrasyonu, verimlilik, \u00fcretkenlik ve yap\u0131land\u0131r\u0131lmam\u0131\u015f verilerin i\u015flenmesinde do\u011frulu\u011fu art\u0131r\u0131r, bir zamanlar sadece insanlar taraf\u0131ndan y\u00f6netilen stratejik alanlara otomasyonu geni\u015fletir.[\/tm_heading][tm_spacer size=&#8221;lg:100&#8243;][tm_grid equal_height=&#8221;1&#8243; animation=&#8221;none&#8221; columns=&#8221;xs:1;sm:2;lg:2&#8243; column_gutter=&#8221;lg:30&#8243; row_gutter=&#8221;lg:30&#8243;][tm_box_image style=&#8221;05&#8243; animation=&#8221;none&#8221; heading=&#8221;Do\u011fruluk ve G\u00fcvenilirlik&#8221; text=&#8221;RPA ve AI Agent\u2019lar i\u015f y\u00fck\u00fcn\u00fc \u00fcstlenirken, insan denetimi hata riskini en aza indirir.&#8221; button=&#8221;|||&#8221;][tm_box_image style=&#8221;05&#8243; animation=&#8221;none&#8221; heading=&#8221;Esneklik&#8221; text=&#8221;\u0130stisnai durumlarda insan, AI Agent\u2019lar\u0131n ald\u0131\u011f\u0131 kararlar\u0131 y\u00f6nlendirebilir.&#8221; button=&#8221;|||&#8221;][tm_box_image style=&#8221;05&#8243; animation=&#8221;none&#8221; heading=&#8221;\u015eeffafl\u0131k&#8221; text=&#8221;\u0130nsan g\u00f6zetimi, otomasyon s\u00fcre\u00e7lerinin daha anla\u015f\u0131l\u0131r ve denetlenebilir olmas\u0131n\u0131 sa\u011flar.&#8221; button=&#8221;|||&#8221;][tm_box_image style=&#8221;05&#8243; animation=&#8221;none&#8221; heading=&#8221;Verimlilik&#8221; text=&#8221;\u0130nsan yaln\u0131zca de\u011fer katan noktalarda devreye girer; h\u0131z ve kalite ayn\u0131 anda korunur.&#8221; button=&#8221;|||&#8221;][tm_box_image style=&#8221;05&#8243; animation=&#8221;none&#8221; heading=&#8221;S\u00fcrekli Geli\u015fim&#8221; text=&#8221;\u0130nsan geri bildirimleri, AI Agent\u2019lar\u0131n \u00f6\u011frenme s\u00fcre\u00e7lerini besleyerek sistemi giderek daha ak\u0131ll\u0131 hale getirir.&#8221; button=&#8221;|||&#8221;][tm_box_image style=&#8221;05&#8243; animation=&#8221;none&#8221; heading=&#8221;Orkestrasyon G\u00fcc\u00fc&#8221; text=&#8221;Robusta\u2019n\u0131n agentic yap\u0131s\u0131, insan\u2013makine i\u015fbirli\u011fini tek platformdan u\u00e7tan uca y\u00f6netme olana\u011f\u0131 sa\u011flar.&#8221; button=&#8221;|||&#8221;][\/tm_grid][tm_spacer size=&#8221;lg:100&#8243;][\/vc_column][\/vc_row][vc_row sm_spacing=&#8221;padding_bottom:100&#8243; lg_spacing=&#8221;padding_bottom:120&#8243;][vc_column offset=&#8221;vc_col-md-5&#8243;][tm_spacer size=&#8221;lg:100&#8243;][tm_heading style=&#8221;left-line&#8221; tag=&#8221;div&#8221; custom_google_font=&#8221;1&#8243; google_fonts=&#8221;font_family:Cabin%3Aregular%2Citalic%2C500%2C500italic%2C600%2C600italic%2C700%2C700italic|font_style:400%20regular%3A400%3Anormal&#8221; animation=&#8221;none&#8221; font_size=&#8221;sm:18;md:21;lg:34&#8243; line_height=&#8221;1.67&#8243; max_width=&#8221;400px&#8221;]Sonu\u00e7[\/tm_heading][tm_spacer size=&#8221;sm:30&#8243;][tm_spacer size=&#8221;sm:30&#8243;][\/vc_column][vc_column offset=&#8221;vc_col-md-7&#8243;][tm_spacer size=&#8221;lg:100&#8243;][tm_heading tag=&#8221;div&#8221; custom_google_font=&#8221;1&#8243; google_fonts=&#8221;font_family:Cabin%3Aregular%2Citalic%2C500%2C500italic%2C600%2C600italic%2C700%2C700italic|font_style:400%20regular%3A400%3Anormal&#8221; align=&#8221;center&#8221; animation=&#8221;none&#8221; font_size=&#8221;lg:18&#8243; line_height=&#8221;1.67&#8243;]Robusta\u2019n\u0131n HITL yakla\u015f\u0131m\u0131, kurumlara hem tam otomasyonun \u00f6l\u00e7e\u011fini hem de insan dokunu\u015funun g\u00fcvenini sunar. Agentic AI ve orkestrasyon g\u00fcc\u00fcyle desteklenen bu model, i\u015fletmelerin sadece bug\u00fcn de\u011fil, gelece\u011fin i\u015f s\u00fcre\u00e7lerinde de \u00e7evik ve yenilik\u00e7i kalmas\u0131n\u0131 sa\u011flar.[\/tm_heading][\/vc_column][\/vc_row]<\/p>\n","protected":false},"author":2,"featured_media":0,"parent":0,"menu_order":0,"comment_status":"closed","ping_status":"closed","template":"","meta":{"footnotes":""},"class_list":["post-12962","page","type-page","status-publish","hentry","post-no-thumbnail"],"_links":{"self":[{"href":"https:\/\/robusta.ai\/tr\/wp-json\/wp\/v2\/pages\/12962","targetHints":{"allow":["GET"]}}],"collection":[{"href":"https:\/\/robusta.ai\/tr\/wp-json\/wp\/v2\/pages"}],"about":[{"href":"https:\/\/robusta.ai\/tr\/wp-json\/wp\/v2\/types\/page"}],"author":[{"embeddable":true,"href":"https:\/\/robusta.ai\/tr\/wp-json\/wp\/v2\/users\/2"}],"replies":[{"embeddable":true,"href":"https:\/\/robusta.ai\/tr\/wp-json\/wp\/v2\/comments?post=12962"}],"version-history":[{"count":32,"href":"https:\/\/robusta.ai\/tr\/wp-json\/wp\/v2\/pages\/12962\/revisions"}],"predecessor-version":[{"id":12995,"href":"https:\/\/robusta.ai\/tr\/wp-json\/wp\/v2\/pages\/12962\/revisions\/12995"}],"wp:attachment":[{"href":"https:\/\/robusta.ai\/tr\/wp-json\/wp\/v2\/media?parent=12962"}],"curies":[{"name":"wp","href":"https:\/\/api.w.org\/{rel}","templated":true}]}}