{"id":12998,"date":"2025-09-24T11:08:04","date_gmt":"2025-09-24T08:08:04","guid":{"rendered":"https:\/\/robusta.ai\/?page_id=12998"},"modified":"2025-09-24T11:09:53","modified_gmt":"2025-09-24T08:09:53","slug":"robusta-agentic-surec-otomasyonu","status":"publish","type":"page","link":"https:\/\/robusta.ai\/tr\/robusta-agentic-surec-otomasyonu\/","title":{"rendered":"Robusta Agentic S\u00fcre\u00e7 Otomasyonu"},"content":{"rendered":"<div class=\"wpb-content-wrapper\"><p>[vc_row full_width=&#8221;stretch_row&#8221; background_attachment=&#8221;fixed&#8221; background_image=&#8221;12959&#8243; background_position=&#8221;bottom&#8221;][vc_column][tm_spacer size=&#8221;lg:200&#8243;][tm_heading style=&#8221;highlight-01&#8243; tag=&#8221;h1&#8243; custom_google_font=&#8221;&#8221; google_fonts=&#8221;font_family:Lato%3A100%2C100italic%2C300%2C300italic%2Cregular%2Citalic%2C700%2C700italic%2C900%2C900italic|font_style:100%20light%20regular%3A100%3Anormal&#8221; align=&#8221;center&#8221; text_color=&#8221;custom&#8221; custom_text_color=&#8221;#ffffff&#8221; font_size=&#8221;lg:50&#8243; line_height=&#8221;1.3&#8243;]Robusta Agentic S\u00fcre\u00e7 Otomasyonu[\/tm_heading][tm_spacer size=&#8221;lg:200&#8243;][\/vc_column][\/vc_row][vc_row][vc_column][tm_spacer size=&#8221;lg:70&#8243;][tm_heading tag=&#8221;h2&#8243; custom_google_font=&#8221;&#8221; google_fonts=&#8221;font_family:Lato%3A100%2C100italic%2C300%2C300italic%2Cregular%2Citalic%2C700%2C700italic%2C900%2C900italic|font_style:100%20light%20regular%3A100%3Anormal&#8221; align=&#8221;center&#8221; animation=&#8221;none&#8221; font_size=&#8221;sm:28;md:34;lg:40&#8243; line_height=&#8221;1.4&#8243;]<mark>\u0130\u015fletmenizi Gelece\u011fe Ta\u015f\u0131yan<\/mark><br \/>\nYapay Zek\u00e2 Tabanl\u0131 Otomasyon Yakla\u015f\u0131m\u0131[\/tm_heading][tm_spacer size=&#8221;lg:70&#8243;][\/vc_column][\/vc_row][vc_row][vc_column][tm_heading tag=&#8221;div&#8221; custom_google_font=&#8221;&#8221; google_fonts=&#8221;font_family:Lato%3A100%2C100italic%2C300%2C300italic%2Cregular%2Citalic%2C700%2C700italic%2C900%2C900italic|font_style:300%20light%20regular%3A300%3Anormal&#8221; align=&#8221;center&#8221; animation=&#8221;none&#8221; font_size=&#8221;lg:18&#8243; line_height=&#8221;1.67&#8243;]Robusta, i\u015fletmelerin yaln\u0131zca bug\u00fcnk\u00fc s\u00fcre\u00e7lerini de\u011fil, gelecekteki ihtiya\u00e7lar\u0131n\u0131 da kar\u015f\u0131layacak ak\u0131ll\u0131 otomasyon altyap\u0131s\u0131n\u0131 sunuyor. Yapay zek\u00e2 ajanlar\u0131, RPA robotlar\u0131 ve geli\u015fmi\u015f orkestrasyon kabiliyetleriyle Robusta, \u015firketlerin rekabet g\u00fcc\u00fcn\u00fc art\u0131r\u0131yor ve onlar\u0131 tam anlam\u0131yla otonom bir i\u015fletmeye d\u00f6n\u00fc\u015ft\u00fcr\u00fcyor.<\/p>\n<p>Robusta, i\u015fletmelerin dijital d\u00f6n\u00fc\u015f\u00fcm yolculu\u011funu h\u0131zland\u0131rmak i\u00e7in geli\u015ftirilmi\u015f yeni nesil AI Agentic Otomasyon Platformu ile i\u015f s\u00fcre\u00e7lerini yeniden tan\u0131ml\u0131yor. Sadece g\u00f6revleri h\u0131zland\u0131ran klasik otomasyon \u00e7\u00f6z\u00fcmlerinin \u00f6tesine ge\u00e7en Robusta, yapay zek\u00e2 ajanlar\u0131, RPA robotlar\u0131 ve s\u00fcre\u00e7 orkestrasyonu sayesinde \u015firketlere ak\u0131ll\u0131, esnek ve kendi kendini y\u00f6neten operasyonlar sunuyor.<\/p>\n<p>Robusta\u2019n\u0131n g\u00fc\u00e7l\u00fc RPA platformu tekrarlayan i\u015flerin h\u0131zla yap\u0131lmas\u0131n\u0131 sa\u011flarken, yeni agentic yakla\u015f\u0131m\u0131 i\u015fleri bir ad\u0131m \u00f6teye ta\u015f\u0131yor. S\u00fcre\u00e7ler ba\u011flam\u0131 anlayabilen, \u00f6zerk kararlar alabilen ve insanlarla i\u015fbirli\u011fi kurabilen yapay zek\u00e2 ajanlar\u0131yla yeniden tasarlan\u0131yor. Bu sayede i\u015fletmeler, yaln\u0131zca bug\u00fcn\u00fcn ihtiya\u00e7lar\u0131n\u0131 de\u011fil, yar\u0131n\u0131n zorluklar\u0131n\u0131 da kar\u015f\u0131layabilecek ak\u0131ll\u0131 otomasyon altyap\u0131s\u0131na kavu\u015fuyor.[\/tm_heading][tm_spacer size=&#8221;lg:70&#8243;][\/vc_column][\/vc_row][vc_row full_width=&#8221;stretch_row&#8221; custom_border_color=&#8221;&#8221; background_color=&#8221;custom&#8221; custom_background_color=&#8221;#F8F8F8&#8243;][vc_column][tm_spacer size=&#8221;lg:30&#8243;][tm_heading tag=&#8221;h2&#8243; custom_google_font=&#8221;1&#8243; google_fonts=&#8221;font_family:Cabin%3Aregular%2Citalic%2C500%2C500italic%2C600%2C600italic%2C700%2C700italic|font_style:400%20regular%3A400%3Anormal&#8221; align=&#8221;center&#8221; animation=&#8221;none&#8221; font_size=&#8221;sm:28;md:34;lg:40&#8243; line_height=&#8221;1.4&#8243;]Robusta Orkestrat\u00f6r ile S\u00fcre\u00e7lerde <mark>Ak\u0131ll\u0131 Koordinasyon<\/mark>[\/tm_heading][tm_spacer size=&#8221;lg:30&#8243;][tm_heading tag=&#8221;div&#8221; custom_google_font=&#8221;&#8221; google_fonts=&#8221;font_family:Lato%3A100%2C100italic%2C300%2C300italic%2Cregular%2Citalic%2C700%2C700italic%2C900%2C900italic|font_style:300%20light%20regular%3A300%3Anormal&#8221; align=&#8221;center&#8221; animation=&#8221;none&#8221; font_size=&#8221;lg:18&#8243; line_height=&#8221;1.67&#8243;]Robusta\u2019n\u0131n orkestrasyon yetenekleri, RPA robotlar\u0131, AI agent\u2019lar ve insanlar\u0131 tek bir ak\u0131ll\u0131 ekosistem i\u00e7inde bir araya getirir. Bu sayede:[\/tm_heading][tm_spacer size=&#8221;sm:30&#8243;][tm_spacer size=&#8221;lg:30&#8243;][tm_heading style=&#8221;left-line&#8221; tag=&#8221;div&#8221; custom_google_font=&#8221;1&#8243; google_fonts=&#8221;font_family:Cabin%3Aregular%2Citalic%2C500%2C500italic%2C600%2C600italic%2C700%2C700italic|font_style:400%20regular%3A400%3Anormal&#8221; font_weight=&#8221;200&#8243; animation=&#8221;none&#8221; font_size=&#8221;lg:18&#8243; line_height=&#8221;1.67&#8243;]CRM, ERP ve di\u011fer sistemlerde u\u00e7tan uca otomasyon sa\u011flan\u0131r,[\/tm_heading][tm_spacer size=&#8221;lg:30&#8243;][tm_heading style=&#8221;left-line&#8221; tag=&#8221;div&#8221; custom_google_font=&#8221;&#8221; google_fonts=&#8221;font_family:Lato%3A100%2C100italic%2C300%2C300italic%2Cregular%2Citalic%2C700%2C700italic%2C900%2C900italic|font_style:300%20light%20regular%3A300%3Anormal&#8221; font_weight=&#8221;200&#8243; animation=&#8221;none&#8221; font_size=&#8221;lg:18&#8243; line_height=&#8221;1.67&#8243;]RPA\u2019n\u0131n sa\u011flad\u0131\u011f\u0131 veri ve i\u015flem g\u00fcc\u00fc, AI agent\u2019lar\u0131n karar alma kabiliyetine entegre edilir,[\/tm_heading][tm_spacer size=&#8221;lg:30&#8243;][tm_heading style=&#8221;left-line&#8221; tag=&#8221;div&#8221; custom_google_font=&#8221;1&#8243; google_fonts=&#8221;font_family:Cabin%3Aregular%2Citalic%2C500%2C500italic%2C600%2C600italic%2C700%2C700italic|font_style:400%20regular%3A400%3Anormal&#8221; font_weight=&#8221;200&#8243; animation=&#8221;none&#8221; font_size=&#8221;lg:18&#8243; line_height=&#8221;1.67&#8243;]\u0130nsan dokunu\u015fu sayesinde esneklik ve g\u00fcvence korunur,[\/tm_heading][tm_spacer size=&#8221;lg:30&#8243;][tm_heading style=&#8221;left-line&#8221; tag=&#8221;div&#8221; custom_google_font=&#8221;1&#8243; google_fonts=&#8221;font_family:Cabin%3Aregular%2Citalic%2C500%2C500italic%2C600%2C600italic%2C700%2C700italic|font_style:400%20regular%3A400%3Anormal&#8221; font_weight=&#8221;200&#8243; animation=&#8221;none&#8221; font_size=&#8221;lg:18&#8243; line_height=&#8221;1.67&#8243;]\u0130\u015fletmeler ger\u00e7ek zamanl\u0131 verilere dayal\u0131, daha h\u0131zl\u0131 ve daha do\u011fru kararlar alabilir.[\/tm_heading][tm_spacer size=&#8221;lg:100&#8243;][\/vc_column][\/vc_row][vc_row][vc_column align=&#8221;center&#8221;][tm_spacer size=&#8221;lg:60&#8243;][tm_heading tag=&#8221;h2&#8243; custom_google_font=&#8221;1&#8243; google_fonts=&#8221;font_family:Cabin%3Aregular%2Citalic%2C500%2C500italic%2C600%2C600italic%2C700%2C700italic|font_style:400%20regular%3A400%3Anormal&#8221; align=&#8221;center&#8221; animation=&#8221;none&#8221; font_size=&#8221;sm:28;md:34;lg:40&#8243; line_height=&#8221;1.4&#8243;]Ajanlar ve <mark>Robotlar\u0131n G\u00fcc\u00fc<\/mark>[\/tm_heading][tm_spacer size=&#8221;lg:50&#8243;][tm_heading tag=&#8221;div&#8221; custom_google_font=&#8221;1&#8243; google_fonts=&#8221;font_family:Cabin%3Aregular%2Citalic%2C500%2C500italic%2C600%2C600italic%2C700%2C700italic|font_style:400%20regular%3A400%3Anormal&#8221; animation=&#8221;none&#8221; font_size=&#8221;lg:18&#8243; line_height=&#8221;1.67&#8243;]Robusta, yapay zek\u00e2 ajanlar\u0131n\u0131 ve yaz\u0131l\u0131m robotlar\u0131n\u0131 birlikte \u00e7al\u0131\u015facak \u015fekilde tasarl\u0131yor. Robotlar kurall\u0131 ve tekrar eden g\u00f6revleri yerine getirirken, ajanlar ba\u011flam\u0131 analiz ediyor, s\u00fcre\u00e7leri optimize ediyor ve \u00f6ng\u00f6r\u00fcler \u00fcretiyor. Bu sayede i\u015fletmelerin Operasyonlar\u0131 h\u0131zlan\u0131yor, maliyetleri d\u00fc\u015f\u00fcr\u00fcyor ve hata pay\u0131n\u0131 en aza iniyor.[\/tm_heading][tm_spacer size=&#8221;lg:100&#8243;][\/vc_column][\/vc_row][vc_row][vc_column align=&#8221;center&#8221;][tm_spacer size=&#8221;lg:60&#8243;][tm_heading tag=&#8221;h2&#8243; custom_google_font=&#8221;1&#8243; google_fonts=&#8221;font_family:Cabin%3Aregular%2Citalic%2C500%2C500italic%2C600%2C600italic%2C700%2C700italic|font_style:400%20regular%3A400%3Anormal&#8221; align=&#8221;center&#8221; animation=&#8221;none&#8221; font_size=&#8221;sm:28;md:34;lg:40&#8243; line_height=&#8221;1.4&#8243;]Robusta\u2019n\u0131n Agentic Yakla\u015f\u0131m\u0131yla <mark>Neler M\u00fcmk\u00fcn?<\/mark>[\/tm_heading][tm_spacer size=&#8221;lg:50&#8243;][tm_grid equal_height=&#8221;1&#8243; animation=&#8221;none&#8221; columns=&#8221;xs:1;sm:2;lg:4&#8243; column_gutter=&#8221;lg:25&#8243; row_gutter=&#8221;lg:25&#8243;][tm_box_image style=&#8221;02&#8243; animation=&#8221;none&#8221; heading=&#8221;Ba\u011f\u0131ms\u0131z Karar Alma&#8221; text=&#8221;S\u00fcre\u00e7 boyunca ba\u011flama ve de\u011fi\u015fen ko\u015fullara g\u00f6re kararlar verir.&#8221; button=&#8221;|||&#8221;][tm_box_image style=&#8221;02&#8243; animation=&#8221;none&#8221; heading=&#8221;Hedef Odakl\u0131 \u00c7al\u0131\u015fma&#8221; text=&#8221;Karma\u015f\u0131k hedefleri alt g\u00f6revlere ay\u0131r\u0131r ve bunlar\u0131 otomatik olarak takip eder.&#8221; button=&#8221;|||&#8221;][tm_box_image style=&#8221;02&#8243; animation=&#8221;none&#8221; heading=&#8221;\u0130\u015f Birli\u011fi&#8221; text=&#8221;Sonu\u00e7 elde etmek i\u00e7in ara\u00e7larla ve di\u011fer yapay zeka sistemleriyle entegre olur.&#8221; button=&#8221;|||&#8221;][tm_box_image style=&#8221;02&#8243; animation=&#8221;none&#8221; heading=&#8221;S\u00fcrekli \u00d6\u011frenme&#8221; text=&#8221;Zamanla geli\u015fir, daha iyi sonu\u00e7lar i\u00e7in kendini optimize eder.&#8221; button=&#8221;|||&#8221;][\/tm_grid][tm_spacer size=&#8221;lg:100&#8243;][\/vc_column][\/vc_row]<\/p>\n<\/div>","protected":false},"excerpt":{"rendered":"<p>[vc_row full_width=&#8221;stretch_row&#8221; background_attachment=&#8221;fixed&#8221; background_image=&#8221;12959&#8243; background_position=&#8221;bottom&#8221;][vc_column][tm_spacer size=&#8221;lg:200&#8243;][tm_heading style=&#8221;highlight-01&#8243; tag=&#8221;h1&#8243; custom_google_font=&#8221;&#8221; google_fonts=&#8221;font_family:Lato%3A100%2C100italic%2C300%2C300italic%2Cregular%2Citalic%2C700%2C700italic%2C900%2C900italic|font_style:100%20light%20regular%3A100%3Anormal&#8221; align=&#8221;center&#8221; text_color=&#8221;custom&#8221; custom_text_color=&#8221;#ffffff&#8221; font_size=&#8221;lg:50&#8243; line_height=&#8221;1.3&#8243;]Robusta Agentic S\u00fcre\u00e7 Otomasyonu[\/tm_heading][tm_spacer size=&#8221;lg:200&#8243;][\/vc_column][\/vc_row][vc_row][vc_column][tm_spacer size=&#8221;lg:70&#8243;][tm_heading tag=&#8221;h2&#8243; custom_google_font=&#8221;&#8221; google_fonts=&#8221;font_family:Lato%3A100%2C100italic%2C300%2C300italic%2Cregular%2Citalic%2C700%2C700italic%2C900%2C900italic|font_style:100%20light%20regular%3A100%3Anormal&#8221; align=&#8221;center&#8221; animation=&#8221;none&#8221; font_size=&#8221;sm:28;md:34;lg:40&#8243; line_height=&#8221;1.4&#8243;]\u0130\u015fletmenizi Gelece\u011fe Ta\u015f\u0131yan Yapay Zek\u00e2 Tabanl\u0131 Otomasyon Yakla\u015f\u0131m\u0131[\/tm_heading][tm_spacer size=&#8221;lg:70&#8243;][\/vc_column][\/vc_row][vc_row][vc_column][tm_heading tag=&#8221;div&#8221; custom_google_font=&#8221;&#8221; google_fonts=&#8221;font_family:Lato%3A100%2C100italic%2C300%2C300italic%2Cregular%2Citalic%2C700%2C700italic%2C900%2C900italic|font_style:300%20light%20regular%3A300%3Anormal&#8221; align=&#8221;center&#8221; animation=&#8221;none&#8221; font_size=&#8221;lg:18&#8243; line_height=&#8221;1.67&#8243;]Robusta, i\u015fletmelerin yaln\u0131zca bug\u00fcnk\u00fc s\u00fcre\u00e7lerini de\u011fil, gelecekteki ihtiya\u00e7lar\u0131n\u0131 da kar\u015f\u0131layacak ak\u0131ll\u0131 otomasyon altyap\u0131s\u0131n\u0131 sunuyor. Yapay zek\u00e2 ajanlar\u0131, RPA robotlar\u0131 ve geli\u015fmi\u015f orkestrasyon kabiliyetleriyle Robusta, \u015firketlerin rekabet g\u00fcc\u00fcn\u00fc art\u0131r\u0131yor ve onlar\u0131 tam anlam\u0131yla otonom bir i\u015fletmeye d\u00f6n\u00fc\u015ft\u00fcr\u00fcyor. Robusta, i\u015fletmelerin dijital d\u00f6n\u00fc\u015f\u00fcm yolculu\u011funu h\u0131zland\u0131rmak i\u00e7in geli\u015ftirilmi\u015f yeni nesil AI Agentic Otomasyon Platformu ile i\u015f s\u00fcre\u00e7lerini yeniden tan\u0131ml\u0131yor. Sadece g\u00f6revleri h\u0131zland\u0131ran klasik otomasyon \u00e7\u00f6z\u00fcmlerinin \u00f6tesine ge\u00e7en Robusta, yapay zek\u00e2 ajanlar\u0131, RPA robotlar\u0131 ve s\u00fcre\u00e7 orkestrasyonu sayesinde \u015firketlere ak\u0131ll\u0131, esnek ve kendi kendini y\u00f6neten operasyonlar sunuyor. Robusta\u2019n\u0131n g\u00fc\u00e7l\u00fc RPA platformu tekrarlayan i\u015flerin h\u0131zla yap\u0131lmas\u0131n\u0131 sa\u011flarken, yeni agentic yakla\u015f\u0131m\u0131 i\u015fleri bir ad\u0131m \u00f6teye ta\u015f\u0131yor. S\u00fcre\u00e7ler ba\u011flam\u0131 anlayabilen, \u00f6zerk kararlar alabilen ve insanlarla i\u015fbirli\u011fi kurabilen yapay zek\u00e2 ajanlar\u0131yla yeniden tasarlan\u0131yor. Bu sayede i\u015fletmeler, yaln\u0131zca bug\u00fcn\u00fcn ihtiya\u00e7lar\u0131n\u0131 de\u011fil, yar\u0131n\u0131n zorluklar\u0131n\u0131 da kar\u015f\u0131layabilecek ak\u0131ll\u0131 otomasyon altyap\u0131s\u0131na kavu\u015fuyor.[\/tm_heading][tm_spacer size=&#8221;lg:70&#8243;][\/vc_column][\/vc_row][vc_row full_width=&#8221;stretch_row&#8221; custom_border_color=&#8221;&#8221; background_color=&#8221;custom&#8221; custom_background_color=&#8221;#F8F8F8&#8243;][vc_column][tm_spacer size=&#8221;lg:30&#8243;][tm_heading tag=&#8221;h2&#8243; custom_google_font=&#8221;1&#8243; google_fonts=&#8221;font_family:Cabin%3Aregular%2Citalic%2C500%2C500italic%2C600%2C600italic%2C700%2C700italic|font_style:400%20regular%3A400%3Anormal&#8221; align=&#8221;center&#8221; animation=&#8221;none&#8221; font_size=&#8221;sm:28;md:34;lg:40&#8243; line_height=&#8221;1.4&#8243;]Robusta Orkestrat\u00f6r ile S\u00fcre\u00e7lerde Ak\u0131ll\u0131 Koordinasyon[\/tm_heading][tm_spacer size=&#8221;lg:30&#8243;][tm_heading tag=&#8221;div&#8221; custom_google_font=&#8221;&#8221; google_fonts=&#8221;font_family:Lato%3A100%2C100italic%2C300%2C300italic%2Cregular%2Citalic%2C700%2C700italic%2C900%2C900italic|font_style:300%20light%20regular%3A300%3Anormal&#8221; align=&#8221;center&#8221; animation=&#8221;none&#8221; font_size=&#8221;lg:18&#8243; line_height=&#8221;1.67&#8243;]Robusta\u2019n\u0131n orkestrasyon yetenekleri, RPA robotlar\u0131, AI agent\u2019lar ve insanlar\u0131 tek bir ak\u0131ll\u0131 ekosistem i\u00e7inde bir araya getirir. Bu sayede:[\/tm_heading][tm_spacer size=&#8221;sm:30&#8243;][tm_spacer size=&#8221;lg:30&#8243;][tm_heading style=&#8221;left-line&#8221; tag=&#8221;div&#8221; custom_google_font=&#8221;1&#8243; google_fonts=&#8221;font_family:Cabin%3Aregular%2Citalic%2C500%2C500italic%2C600%2C600italic%2C700%2C700italic|font_style:400%20regular%3A400%3Anormal&#8221; font_weight=&#8221;200&#8243; animation=&#8221;none&#8221; font_size=&#8221;lg:18&#8243; line_height=&#8221;1.67&#8243;]CRM, ERP ve di\u011fer sistemlerde u\u00e7tan uca otomasyon sa\u011flan\u0131r,[\/tm_heading][tm_spacer size=&#8221;lg:30&#8243;][tm_heading style=&#8221;left-line&#8221; tag=&#8221;div&#8221; custom_google_font=&#8221;&#8221; google_fonts=&#8221;font_family:Lato%3A100%2C100italic%2C300%2C300italic%2Cregular%2Citalic%2C700%2C700italic%2C900%2C900italic|font_style:300%20light%20regular%3A300%3Anormal&#8221; font_weight=&#8221;200&#8243; animation=&#8221;none&#8221; font_size=&#8221;lg:18&#8243; line_height=&#8221;1.67&#8243;]RPA\u2019n\u0131n sa\u011flad\u0131\u011f\u0131 veri ve i\u015flem g\u00fcc\u00fc, AI agent\u2019lar\u0131n karar alma kabiliyetine entegre edilir,[\/tm_heading][tm_spacer size=&#8221;lg:30&#8243;][tm_heading style=&#8221;left-line&#8221; tag=&#8221;div&#8221; custom_google_font=&#8221;1&#8243; google_fonts=&#8221;font_family:Cabin%3Aregular%2Citalic%2C500%2C500italic%2C600%2C600italic%2C700%2C700italic|font_style:400%20regular%3A400%3Anormal&#8221; font_weight=&#8221;200&#8243; animation=&#8221;none&#8221; font_size=&#8221;lg:18&#8243; line_height=&#8221;1.67&#8243;]\u0130nsan dokunu\u015fu sayesinde esneklik ve g\u00fcvence korunur,[\/tm_heading][tm_spacer size=&#8221;lg:30&#8243;][tm_heading style=&#8221;left-line&#8221; tag=&#8221;div&#8221; custom_google_font=&#8221;1&#8243; google_fonts=&#8221;font_family:Cabin%3Aregular%2Citalic%2C500%2C500italic%2C600%2C600italic%2C700%2C700italic|font_style:400%20regular%3A400%3Anormal&#8221; font_weight=&#8221;200&#8243; animation=&#8221;none&#8221; font_size=&#8221;lg:18&#8243; line_height=&#8221;1.67&#8243;]\u0130\u015fletmeler ger\u00e7ek zamanl\u0131 verilere dayal\u0131, daha h\u0131zl\u0131 ve daha do\u011fru kararlar alabilir.[\/tm_heading][tm_spacer size=&#8221;lg:100&#8243;][\/vc_column][\/vc_row][vc_row][vc_column align=&#8221;center&#8221;][tm_spacer size=&#8221;lg:60&#8243;][tm_heading tag=&#8221;h2&#8243; custom_google_font=&#8221;1&#8243; google_fonts=&#8221;font_family:Cabin%3Aregular%2Citalic%2C500%2C500italic%2C600%2C600italic%2C700%2C700italic|font_style:400%20regular%3A400%3Anormal&#8221; align=&#8221;center&#8221; animation=&#8221;none&#8221; font_size=&#8221;sm:28;md:34;lg:40&#8243; line_height=&#8221;1.4&#8243;]Ajanlar ve Robotlar\u0131n G\u00fcc\u00fc[\/tm_heading][tm_spacer size=&#8221;lg:50&#8243;][tm_heading tag=&#8221;div&#8221; custom_google_font=&#8221;1&#8243; google_fonts=&#8221;font_family:Cabin%3Aregular%2Citalic%2C500%2C500italic%2C600%2C600italic%2C700%2C700italic|font_style:400%20regular%3A400%3Anormal&#8221; animation=&#8221;none&#8221; font_size=&#8221;lg:18&#8243; line_height=&#8221;1.67&#8243;]Robusta, yapay zek\u00e2 ajanlar\u0131n\u0131 ve yaz\u0131l\u0131m robotlar\u0131n\u0131 birlikte \u00e7al\u0131\u015facak \u015fekilde tasarl\u0131yor. Robotlar kurall\u0131 ve tekrar eden g\u00f6revleri yerine getirirken, ajanlar ba\u011flam\u0131 analiz ediyor, s\u00fcre\u00e7leri optimize ediyor ve \u00f6ng\u00f6r\u00fcler \u00fcretiyor. Bu sayede i\u015fletmelerin Operasyonlar\u0131 h\u0131zlan\u0131yor, maliyetleri d\u00fc\u015f\u00fcr\u00fcyor ve hata pay\u0131n\u0131 en aza iniyor.[\/tm_heading][tm_spacer size=&#8221;lg:100&#8243;][\/vc_column][\/vc_row][vc_row][vc_column align=&#8221;center&#8221;][tm_spacer size=&#8221;lg:60&#8243;][tm_heading tag=&#8221;h2&#8243; custom_google_font=&#8221;1&#8243; google_fonts=&#8221;font_family:Cabin%3Aregular%2Citalic%2C500%2C500italic%2C600%2C600italic%2C700%2C700italic|font_style:400%20regular%3A400%3Anormal&#8221; align=&#8221;center&#8221; animation=&#8221;none&#8221; font_size=&#8221;sm:28;md:34;lg:40&#8243; line_height=&#8221;1.4&#8243;]Robusta\u2019n\u0131n Agentic Yakla\u015f\u0131m\u0131yla Neler M\u00fcmk\u00fcn?[\/tm_heading][tm_spacer size=&#8221;lg:50&#8243;][tm_grid equal_height=&#8221;1&#8243; animation=&#8221;none&#8221; columns=&#8221;xs:1;sm:2;lg:4&#8243; column_gutter=&#8221;lg:25&#8243; row_gutter=&#8221;lg:25&#8243;][tm_box_image style=&#8221;02&#8243; animation=&#8221;none&#8221; heading=&#8221;Ba\u011f\u0131ms\u0131z Karar Alma&#8221; text=&#8221;S\u00fcre\u00e7 boyunca ba\u011flama ve de\u011fi\u015fen ko\u015fullara g\u00f6re kararlar verir.&#8221; button=&#8221;|||&#8221;][tm_box_image style=&#8221;02&#8243; animation=&#8221;none&#8221; heading=&#8221;Hedef Odakl\u0131 \u00c7al\u0131\u015fma&#8221; text=&#8221;Karma\u015f\u0131k hedefleri alt g\u00f6revlere ay\u0131r\u0131r ve bunlar\u0131 otomatik olarak takip eder.&#8221; button=&#8221;|||&#8221;][tm_box_image style=&#8221;02&#8243; animation=&#8221;none&#8221; heading=&#8221;\u0130\u015f Birli\u011fi&#8221; text=&#8221;Sonu\u00e7 elde etmek i\u00e7in ara\u00e7larla ve di\u011fer yapay zeka sistemleriyle entegre olur.&#8221; button=&#8221;|||&#8221;][tm_box_image style=&#8221;02&#8243; animation=&#8221;none&#8221; heading=&#8221;S\u00fcrekli \u00d6\u011frenme&#8221; text=&#8221;Zamanla geli\u015fir, daha iyi sonu\u00e7lar i\u00e7in kendini optimize eder.&#8221; button=&#8221;|||&#8221;][\/tm_grid][tm_spacer size=&#8221;lg:100&#8243;][\/vc_column][\/vc_row]<\/p>\n","protected":false},"author":2,"featured_media":0,"parent":0,"menu_order":0,"comment_status":"closed","ping_status":"closed","template":"","meta":{"footnotes":""},"class_list":["post-12998","page","type-page","status-publish","hentry","post-no-thumbnail"],"_links":{"self":[{"href":"https:\/\/robusta.ai\/tr\/wp-json\/wp\/v2\/pages\/12998","targetHints":{"allow":["GET"]}}],"collection":[{"href":"https:\/\/robusta.ai\/tr\/wp-json\/wp\/v2\/pages"}],"about":[{"href":"https:\/\/robusta.ai\/tr\/wp-json\/wp\/v2\/types\/page"}],"author":[{"embeddable":true,"href":"https:\/\/robusta.ai\/tr\/wp-json\/wp\/v2\/users\/2"}],"replies":[{"embeddable":true,"href":"https:\/\/robusta.ai\/tr\/wp-json\/wp\/v2\/comments?post=12998"}],"version-history":[{"count":26,"href":"https:\/\/robusta.ai\/tr\/wp-json\/wp\/v2\/pages\/12998\/revisions"}],"predecessor-version":[{"id":13024,"href":"https:\/\/robusta.ai\/tr\/wp-json\/wp\/v2\/pages\/12998\/revisions\/13024"}],"wp:attachment":[{"href":"https:\/\/robusta.ai\/tr\/wp-json\/wp\/v2\/media?parent=12998"}],"curies":[{"name":"wp","href":"https:\/\/api.w.org\/{rel}","templated":true}]}}