{"id":13029,"date":"2025-09-24T11:25:49","date_gmt":"2025-09-24T08:25:49","guid":{"rendered":"https:\/\/robusta.ai\/?page_id=13029"},"modified":"2025-09-24T11:27:55","modified_gmt":"2025-09-24T08:27:55","slug":"bpm-ve-rpanin-mukemmel-uyumu","status":"publish","type":"page","link":"https:\/\/robusta.ai\/tr\/bpm-ve-rpanin-mukemmel-uyumu\/","title":{"rendered":"BPM ve RPA\u2019n\u0131n M\u00fckemmel Uyumu"},"content":{"rendered":"<div class=\"wpb-content-wrapper\"><p>[vc_row full_width=&#8221;stretch_row&#8221; background_attachment=&#8221;fixed&#8221; background_image=&#8221;12961&#8243; background_position=&#8221;bottom&#8221;][vc_column][tm_spacer size=&#8221;lg:200&#8243;][tm_heading style=&#8221;highlight-01&#8243; tag=&#8221;h1&#8243; custom_google_font=&#8221;&#8221; google_fonts=&#8221;font_family:Lato%3A100%2C100italic%2C300%2C300italic%2Cregular%2Citalic%2C700%2C700italic%2C900%2C900italic|font_style:100%20light%20regular%3A100%3Anormal&#8221; align=&#8221;center&#8221; text_color=&#8221;custom&#8221; custom_text_color=&#8221;#ffffff&#8221; font_size=&#8221;lg:50&#8243; line_height=&#8221;1.3&#8243;]BPM ve RPA\u2019n\u0131n M\u00fckemmel Uyumu[\/tm_heading][tm_spacer size=&#8221;lg:200&#8243;][\/vc_column][\/vc_row][vc_row][vc_column][tm_spacer size=&#8221;lg:70&#8243;][tm_heading tag=&#8221;h2&#8243; custom_google_font=&#8221;&#8221; google_fonts=&#8221;font_family:Lato%3A100%2C100italic%2C300%2C300italic%2Cregular%2Citalic%2C700%2C700italic%2C900%2C900italic|font_style:100%20light%20regular%3A100%3Anormal&#8221; align=&#8221;center&#8221; animation=&#8221;none&#8221; font_size=&#8221;sm:28;md:34;lg:40&#8243; line_height=&#8221;1.4&#8243;]<mark>BPM Tabanl\u0131 <\/mark> Agentic Otomasyonun G\u00fcc\u00fc[\/tm_heading][tm_spacer size=&#8221;lg:70&#8243;][\/vc_column][\/vc_row][vc_row][vc_column][tm_heading tag=&#8221;div&#8221; custom_google_font=&#8221;&#8221; google_fonts=&#8221;font_family:Cabin%3Aregular%2Citalic%2C500%2C500italic%2C600%2C600italic%2C700%2C700italic|font_style:400%20regular%3A400%3Anormal&#8221; align=&#8221;center&#8221; animation=&#8221;none&#8221; font_size=&#8221;lg:18&#8243; line_height=&#8221;1.67&#8243;]Robusta, Business Process Management (BPM) tabanl\u0131 mimarisi sayesinde s\u00fcre\u00e7lerinizi BPMN 2.0 standartlar\u0131na g\u00f6re tasarlaman\u0131za, y\u00f6netmenize ve optimize etmenize olanak tan\u0131r. Bu yap\u0131 yaln\u0131zca geleneksel otomasyonu de\u011fil, ayn\u0131 zamanda AI agent\u2019lar\u0131n s\u00fcre\u00e7lere entegre edilmesini de kolayla\u015ft\u0131r\u0131r.<br \/>\nRobusta RPA, tek bir platform \u00fczerinden s\u00fcre\u00e7lerinizi modellemenizi, uygulaman\u0131z\u0131 ve izlemenizi sa\u011flarken, Agentic AI ile bu s\u00fcre\u00e7leri daha ak\u0131ll\u0131, esnek ve hedef odakl\u0131 hale getirir.[\/tm_heading][tm_spacer size=&#8221;lg:70&#8243;][\/vc_column][\/vc_row][vc_row full_width=&#8221;stretch_row&#8221; background_color=&#8221;custom&#8221; custom_background_color=&#8221;#FFFFFF&#8221;][vc_column align=&#8221;center&#8221;][tm_spacer size=&#8221;lg:60&#8243;][tm_heading tag=&#8221;h2&#8243; custom_google_font=&#8221;1&#8243; google_fonts=&#8221;font_family:Cabin%3Aregular%2Citalic%2C500%2C500italic%2C600%2C600italic%2C700%2C700italic|font_style:400%20regular%3A400%3Anormal&#8221; align=&#8221;center&#8221; animation=&#8221;none&#8221; font_size=&#8221;sm:28;md:34;lg:40&#8243; line_height=&#8221;1.4&#8243;]Neden BPM Tabanl\u0131 <mark>Agentic AI?<\/mark>[\/tm_heading][tm_spacer size=&#8221;lg:50&#8243;][tm_grid equal_height=&#8221;1&#8243; animation=&#8221;none&#8221; columns=&#8221;xs:1;sm:2;lg:4&#8243; column_gutter=&#8221;lg:25&#8243; row_gutter=&#8221;lg:25&#8243;][tm_box_image style=&#8221;02&#8243; animation=&#8221;none&#8221; heading=&#8221;Kontrol ve \u015eeffafl\u0131k&#8221; text=&#8221;S\u00fcre\u00e7ler BPMN notasyonu ile u\u00e7tan uca net bir \u015fekilde tasarlan\u0131r, AI agent\u2019lar\u0131n hangi noktada devreye girece\u011fi \u00f6nceden belirlenir.&#8221; button=&#8221;|||&#8221;][tm_box_image style=&#8221;02&#8243; animation=&#8221;none&#8221; heading=&#8221;Ger\u00e7ek Zamanl\u0131 Orkestrasyon&#8221; text=&#8221;RPA robotlar\u0131, AI agent\u2019lar ve insanlar ayn\u0131 BPM \u00e7er\u00e7evesinde orkestre edilir.&#8221; button=&#8221;|||&#8221;][tm_box_image style=&#8221;02&#8243; animation=&#8221;none&#8221; heading=&#8221;Tek Platform, T\u00fcm S\u00fcre\u00e7ler&#8221; text=&#8221;Modelleme, uygulama ve izleme tek bir entegre platform \u00fczerinden yap\u0131l\u0131r.&#8221; button=&#8221;|||&#8221;][tm_box_image style=&#8221;02&#8243; animation=&#8221;none&#8221; heading=&#8221;S\u00fcrekli \u0130yile\u015ftirme&#8221; text=&#8221;Operasyonel verilerden elde edilen i\u00e7g\u00f6r\u00fcler sayesinde s\u00fcre\u00e7ler hem yukar\u0131dan a\u015fa\u011f\u0131ya hem de a\u015fa\u011f\u0131dan yukar\u0131ya s\u00fcrekli olarak geli\u015ftirilir.&#8221; button=&#8221;|||&#8221;][\/tm_grid][tm_spacer size=&#8221;lg:100&#8243;][\/vc_column][\/vc_row][vc_row][vc_column align=&#8221;center&#8221;][tm_spacer size=&#8221;lg:60&#8243;][tm_heading tag=&#8221;h2&#8243; custom_google_font=&#8221;1&#8243; google_fonts=&#8221;font_family:Cabin%3Aregular%2Citalic%2C500%2C500italic%2C600%2C600italic%2C700%2C700italic|font_style:400%20regular%3A400%3Anormal&#8221; align=&#8221;center&#8221; animation=&#8221;none&#8221; font_size=&#8221;sm:28;md:34;lg:40&#8243; line_height=&#8221;1.4&#8243;]Robusta ile <mark>Yeni Nesil S\u00fcre\u00e7 Y\u00f6netimi<\/mark>[\/tm_heading][tm_spacer size=&#8221;lg:50&#8243;][tm_grid equal_height=&#8221;1&#8243; animation=&#8221;none&#8221; columns=&#8221;xs:1;sm:2;lg:3&#8243; column_gutter=&#8221;lg:25&#8243; row_gutter=&#8221;lg:25&#8243;][tm_box_image style=&#8221;02&#8243; animation=&#8221;none&#8221; heading=&#8221;Modelleyin&#8221; text=&#8221;BPMN 2.0 ile s\u00fcre\u00e7lerinizi a\u00e7\u0131k ve anla\u015f\u0131l\u0131r \u015fekilde tasarlay\u0131n.&#8221; button=&#8221;|||&#8221;][tm_box_image style=&#8221;02&#8243; animation=&#8221;none&#8221; heading=&#8221;Otomatize Edin&#8221; text=&#8221;RPA robotlar\u0131n\u0131 ve AI agent\u2019lar\u0131n\u0131 entegre ederek u\u00e7tan uca otomasyon sa\u011flay\u0131n.&#8221; button=&#8221;|||&#8221;][tm_box_image style=&#8221;02&#8243; animation=&#8221;none&#8221; heading=&#8221;Optimize Edin&#8221; text=&#8221;Ger\u00e7ek zamanl\u0131 g\u00f6r\u00fcn\u00fcrl\u00fck ile darbo\u011fazlar\u0131 tespit edin ve s\u00fcre\u00e7leri s\u00fcrekli iyile\u015ftirin.&#8221; button=&#8221;|||&#8221;][\/tm_grid][tm_spacer size=&#8221;lg:100&#8243;][\/vc_column][\/vc_row][vc_row sm_spacing=&#8221;padding_bottom:100&#8243; lg_spacing=&#8221;padding_bottom:120&#8243;][vc_column offset=&#8221;vc_col-md-5&#8243;][tm_spacer size=&#8221;lg:100&#8243;][tm_heading style=&#8221;left-line&#8221; tag=&#8221;div&#8221; custom_google_font=&#8221;1&#8243; google_fonts=&#8221;font_family:Cabin%3Aregular%2Citalic%2C500%2C500italic%2C600%2C600italic%2C700%2C700italic|font_style:400%20regular%3A400%3Anormal&#8221; animation=&#8221;none&#8221; font_size=&#8221;sm:18;md:21;lg:34&#8243; line_height=&#8221;1.67&#8243; max_width=&#8221;400px&#8221;]<mark>Sonu\u00e7<\/mark>[\/tm_heading][tm_spacer size=&#8221;sm:30&#8243;][tm_spacer size=&#8221;sm:30&#8243;][\/vc_column][vc_column offset=&#8221;vc_col-md-7&#8243;][tm_spacer size=&#8221;lg:100&#8243;][tm_heading tag=&#8221;div&#8221; custom_google_font=&#8221;1&#8243; google_fonts=&#8221;font_family:Cabin%3Aregular%2Citalic%2C500%2C500italic%2C600%2C600italic%2C700%2C700italic|font_style:400%20regular%3A400%3Anormal&#8221; align=&#8221;center&#8221; animation=&#8221;none&#8221; font_size=&#8221;lg:18&#8243; line_height=&#8221;1.67&#8243;]Robusta, BPM tabanl\u0131 tasar\u0131m + RPA g\u00fcc\u00fc + Agentic AI esnekli\u011fi ile i\u015fletmelerin s\u00fcre\u00e7lerini sadece otomatikle\u015ftirmiyor, ayn\u0131 zamanda yeniden tasarlayarak daha yenilik\u00e7i, verimli ve s\u00fcrd\u00fcr\u00fclebilir hale getiriyor.[\/tm_heading][\/vc_column][\/vc_row]<\/p>\n<\/div>","protected":false},"excerpt":{"rendered":"<p>[vc_row full_width=&#8221;stretch_row&#8221; background_attachment=&#8221;fixed&#8221; background_image=&#8221;12961&#8243; background_position=&#8221;bottom&#8221;][vc_column][tm_spacer size=&#8221;lg:200&#8243;][tm_heading style=&#8221;highlight-01&#8243; tag=&#8221;h1&#8243; custom_google_font=&#8221;&#8221; google_fonts=&#8221;font_family:Lato%3A100%2C100italic%2C300%2C300italic%2Cregular%2Citalic%2C700%2C700italic%2C900%2C900italic|font_style:100%20light%20regular%3A100%3Anormal&#8221; align=&#8221;center&#8221; text_color=&#8221;custom&#8221; custom_text_color=&#8221;#ffffff&#8221; font_size=&#8221;lg:50&#8243; line_height=&#8221;1.3&#8243;]BPM ve RPA\u2019n\u0131n M\u00fckemmel Uyumu[\/tm_heading][tm_spacer size=&#8221;lg:200&#8243;][\/vc_column][\/vc_row][vc_row][vc_column][tm_spacer size=&#8221;lg:70&#8243;][tm_heading tag=&#8221;h2&#8243; custom_google_font=&#8221;&#8221; google_fonts=&#8221;font_family:Lato%3A100%2C100italic%2C300%2C300italic%2Cregular%2Citalic%2C700%2C700italic%2C900%2C900italic|font_style:100%20light%20regular%3A100%3Anormal&#8221; align=&#8221;center&#8221; animation=&#8221;none&#8221; font_size=&#8221;sm:28;md:34;lg:40&#8243; line_height=&#8221;1.4&#8243;]BPM Tabanl\u0131 Agentic Otomasyonun G\u00fcc\u00fc[\/tm_heading][tm_spacer size=&#8221;lg:70&#8243;][\/vc_column][\/vc_row][vc_row][vc_column][tm_heading tag=&#8221;div&#8221; custom_google_font=&#8221;&#8221; google_fonts=&#8221;font_family:Cabin%3Aregular%2Citalic%2C500%2C500italic%2C600%2C600italic%2C700%2C700italic|font_style:400%20regular%3A400%3Anormal&#8221; align=&#8221;center&#8221; animation=&#8221;none&#8221; font_size=&#8221;lg:18&#8243; line_height=&#8221;1.67&#8243;]Robusta, Business Process Management (BPM) tabanl\u0131 mimarisi sayesinde s\u00fcre\u00e7lerinizi BPMN 2.0 standartlar\u0131na g\u00f6re tasarlaman\u0131za, y\u00f6netmenize ve optimize etmenize olanak tan\u0131r. Bu yap\u0131 yaln\u0131zca geleneksel otomasyonu de\u011fil, ayn\u0131 zamanda AI agent\u2019lar\u0131n s\u00fcre\u00e7lere entegre edilmesini de kolayla\u015ft\u0131r\u0131r. Robusta RPA, tek bir platform \u00fczerinden s\u00fcre\u00e7lerinizi modellemenizi, uygulaman\u0131z\u0131 ve izlemenizi sa\u011flarken, Agentic AI ile bu s\u00fcre\u00e7leri daha ak\u0131ll\u0131, esnek ve hedef odakl\u0131 hale getirir.[\/tm_heading][tm_spacer size=&#8221;lg:70&#8243;][\/vc_column][\/vc_row][vc_row full_width=&#8221;stretch_row&#8221; background_color=&#8221;custom&#8221; custom_background_color=&#8221;#FFFFFF&#8221;][vc_column align=&#8221;center&#8221;][tm_spacer size=&#8221;lg:60&#8243;][tm_heading tag=&#8221;h2&#8243; custom_google_font=&#8221;1&#8243; google_fonts=&#8221;font_family:Cabin%3Aregular%2Citalic%2C500%2C500italic%2C600%2C600italic%2C700%2C700italic|font_style:400%20regular%3A400%3Anormal&#8221; align=&#8221;center&#8221; animation=&#8221;none&#8221; font_size=&#8221;sm:28;md:34;lg:40&#8243; line_height=&#8221;1.4&#8243;]Neden BPM Tabanl\u0131 Agentic AI?[\/tm_heading][tm_spacer size=&#8221;lg:50&#8243;][tm_grid equal_height=&#8221;1&#8243; animation=&#8221;none&#8221; columns=&#8221;xs:1;sm:2;lg:4&#8243; column_gutter=&#8221;lg:25&#8243; row_gutter=&#8221;lg:25&#8243;][tm_box_image style=&#8221;02&#8243; animation=&#8221;none&#8221; heading=&#8221;Kontrol ve \u015eeffafl\u0131k&#8221; text=&#8221;S\u00fcre\u00e7ler BPMN notasyonu ile u\u00e7tan uca net bir \u015fekilde tasarlan\u0131r, AI agent\u2019lar\u0131n hangi noktada devreye girece\u011fi \u00f6nceden belirlenir.&#8221; button=&#8221;|||&#8221;][tm_box_image style=&#8221;02&#8243; animation=&#8221;none&#8221; heading=&#8221;Ger\u00e7ek Zamanl\u0131 Orkestrasyon&#8221; text=&#8221;RPA robotlar\u0131, AI agent\u2019lar ve insanlar ayn\u0131 BPM \u00e7er\u00e7evesinde orkestre edilir.&#8221; button=&#8221;|||&#8221;][tm_box_image style=&#8221;02&#8243; animation=&#8221;none&#8221; heading=&#8221;Tek Platform, T\u00fcm S\u00fcre\u00e7ler&#8221; text=&#8221;Modelleme, uygulama ve izleme tek bir entegre platform \u00fczerinden yap\u0131l\u0131r.&#8221; button=&#8221;|||&#8221;][tm_box_image style=&#8221;02&#8243; animation=&#8221;none&#8221; heading=&#8221;S\u00fcrekli \u0130yile\u015ftirme&#8221; text=&#8221;Operasyonel verilerden elde edilen i\u00e7g\u00f6r\u00fcler sayesinde s\u00fcre\u00e7ler hem yukar\u0131dan a\u015fa\u011f\u0131ya hem de a\u015fa\u011f\u0131dan yukar\u0131ya s\u00fcrekli olarak geli\u015ftirilir.&#8221; button=&#8221;|||&#8221;][\/tm_grid][tm_spacer size=&#8221;lg:100&#8243;][\/vc_column][\/vc_row][vc_row][vc_column align=&#8221;center&#8221;][tm_spacer size=&#8221;lg:60&#8243;][tm_heading tag=&#8221;h2&#8243; custom_google_font=&#8221;1&#8243; google_fonts=&#8221;font_family:Cabin%3Aregular%2Citalic%2C500%2C500italic%2C600%2C600italic%2C700%2C700italic|font_style:400%20regular%3A400%3Anormal&#8221; align=&#8221;center&#8221; animation=&#8221;none&#8221; font_size=&#8221;sm:28;md:34;lg:40&#8243; line_height=&#8221;1.4&#8243;]Robusta ile Yeni Nesil S\u00fcre\u00e7 Y\u00f6netimi[\/tm_heading][tm_spacer size=&#8221;lg:50&#8243;][tm_grid equal_height=&#8221;1&#8243; animation=&#8221;none&#8221; columns=&#8221;xs:1;sm:2;lg:3&#8243; column_gutter=&#8221;lg:25&#8243; row_gutter=&#8221;lg:25&#8243;][tm_box_image style=&#8221;02&#8243; animation=&#8221;none&#8221; heading=&#8221;Modelleyin&#8221; text=&#8221;BPMN 2.0 ile s\u00fcre\u00e7lerinizi a\u00e7\u0131k ve anla\u015f\u0131l\u0131r \u015fekilde tasarlay\u0131n.&#8221; button=&#8221;|||&#8221;][tm_box_image style=&#8221;02&#8243; animation=&#8221;none&#8221; heading=&#8221;Otomatize Edin&#8221; text=&#8221;RPA robotlar\u0131n\u0131 ve AI agent\u2019lar\u0131n\u0131 entegre ederek u\u00e7tan uca otomasyon sa\u011flay\u0131n.&#8221; button=&#8221;|||&#8221;][tm_box_image style=&#8221;02&#8243; animation=&#8221;none&#8221; heading=&#8221;Optimize Edin&#8221; text=&#8221;Ger\u00e7ek zamanl\u0131 g\u00f6r\u00fcn\u00fcrl\u00fck ile darbo\u011fazlar\u0131 tespit edin ve s\u00fcre\u00e7leri s\u00fcrekli iyile\u015ftirin.&#8221; button=&#8221;|||&#8221;][\/tm_grid][tm_spacer size=&#8221;lg:100&#8243;][\/vc_column][\/vc_row][vc_row sm_spacing=&#8221;padding_bottom:100&#8243; lg_spacing=&#8221;padding_bottom:120&#8243;][vc_column offset=&#8221;vc_col-md-5&#8243;][tm_spacer size=&#8221;lg:100&#8243;][tm_heading style=&#8221;left-line&#8221; tag=&#8221;div&#8221; custom_google_font=&#8221;1&#8243; google_fonts=&#8221;font_family:Cabin%3Aregular%2Citalic%2C500%2C500italic%2C600%2C600italic%2C700%2C700italic|font_style:400%20regular%3A400%3Anormal&#8221; animation=&#8221;none&#8221; font_size=&#8221;sm:18;md:21;lg:34&#8243; line_height=&#8221;1.67&#8243; max_width=&#8221;400px&#8221;]Sonu\u00e7[\/tm_heading][tm_spacer size=&#8221;sm:30&#8243;][tm_spacer size=&#8221;sm:30&#8243;][\/vc_column][vc_column offset=&#8221;vc_col-md-7&#8243;][tm_spacer size=&#8221;lg:100&#8243;][tm_heading tag=&#8221;div&#8221; custom_google_font=&#8221;1&#8243; google_fonts=&#8221;font_family:Cabin%3Aregular%2Citalic%2C500%2C500italic%2C600%2C600italic%2C700%2C700italic|font_style:400%20regular%3A400%3Anormal&#8221; align=&#8221;center&#8221; animation=&#8221;none&#8221; font_size=&#8221;lg:18&#8243; line_height=&#8221;1.67&#8243;]Robusta, BPM tabanl\u0131 tasar\u0131m + RPA g\u00fcc\u00fc + Agentic AI esnekli\u011fi ile i\u015fletmelerin s\u00fcre\u00e7lerini sadece otomatikle\u015ftirmiyor, ayn\u0131 zamanda yeniden tasarlayarak daha yenilik\u00e7i, verimli ve s\u00fcrd\u00fcr\u00fclebilir hale getiriyor.[\/tm_heading][\/vc_column][\/vc_row]<\/p>\n","protected":false},"author":2778,"featured_media":0,"parent":0,"menu_order":0,"comment_status":"closed","ping_status":"closed","template":"","meta":{"footnotes":""},"class_list":["post-13029","page","type-page","status-publish","hentry","post-no-thumbnail"],"_links":{"self":[{"href":"https:\/\/robusta.ai\/tr\/wp-json\/wp\/v2\/pages\/13029","targetHints":{"allow":["GET"]}}],"collection":[{"href":"https:\/\/robusta.ai\/tr\/wp-json\/wp\/v2\/pages"}],"about":[{"href":"https:\/\/robusta.ai\/tr\/wp-json\/wp\/v2\/types\/page"}],"author":[{"embeddable":true,"href":"https:\/\/robusta.ai\/tr\/wp-json\/wp\/v2\/users\/2778"}],"replies":[{"embeddable":true,"href":"https:\/\/robusta.ai\/tr\/wp-json\/wp\/v2\/comments?post=13029"}],"version-history":[{"count":10,"href":"https:\/\/robusta.ai\/tr\/wp-json\/wp\/v2\/pages\/13029\/revisions"}],"predecessor-version":[{"id":13039,"href":"https:\/\/robusta.ai\/tr\/wp-json\/wp\/v2\/pages\/13029\/revisions\/13039"}],"wp:attachment":[{"href":"https:\/\/robusta.ai\/tr\/wp-json\/wp\/v2\/media?parent=13029"}],"curies":[{"name":"wp","href":"https:\/\/api.w.org\/{rel}","templated":true}]}}