{"id":13277,"date":"2026-04-02T23:40:56","date_gmt":"2026-04-02T20:40:56","guid":{"rendered":"https:\/\/robusta.ai\/?page_id=13277"},"modified":"2026-04-02T23:40:56","modified_gmt":"2026-04-02T20:40:56","slug":"bilgi-guvenligi-yonetim-sistemi-politikasi","status":"publish","type":"page","link":"https:\/\/robusta.ai\/tr\/bilgi-guvenligi-yonetim-sistemi-politikasi\/","title":{"rendered":"Bilgi G\u00fcvenli\u011fi Y\u00f6netim Sistemi Politikas\u0131"},"content":{"rendered":"<div class=\"wpb-content-wrapper\"><p>[vc_row lg_spacing=&#8221;padding_bottom:30&#8243;][vc_column][tm_heading custom_google_font=&#8221;&#8221;]Bilgi G\u00fcvenli\u011fi Y\u00f6netim Sistemi Politikas\u0131[\/tm_heading][\/vc_column][\/vc_row][vc_row][vc_column][vc_column_text css=&#8221;&#8221;]<strong>1. AMA\u00c7<\/strong><br \/>\nROBUSTA\u2019nin bilgi g\u00fcvenli\u011fini y\u00f6netmekteki amac\u0131; bilginin gizlilik, b\u00fct\u00fcnl\u00fck ve eri\u015filebilirlik kapsam\u0131nda de\u011ferlendirilerek i\u00e7eriden ve\/veya d\u0131\u015fardan gelebilecek, kas\u0131tl\u0131 veya kazayla olu\u015fabilecek t\u00fcm tehditlerden korunmas\u0131 ve i\u015f s\u00fcre\u00e7lerinde etkin, do\u011fru, h\u0131zl\u0131 ve eri\u015fim yetkileri g\u00f6zetilerek g\u00fcvenli bir bi\u00e7imde kullan\u0131lmas\u0131d\u0131r.<br \/>\nBilgi g\u00fcvenli\u011fi politikas\u0131n\u0131n amac\u0131 ise, t\u00fcm ilgili taraflara bilgi g\u00fcvenli\u011fi gereksinimlerinin alt\u0131n\u0131 \u00e7izmek ve yaz\u0131l\u0131 kurallar\u0131n temel dayana\u011f\u0131n\u0131 olu\u015fturmakt\u0131r.<\/p>\n<p><strong>2.KAPSAM<\/strong><br \/>\nG\u00fcvenlik Politikas\u0131; insan kaynaklar\u0131n\u0131, bilgi varl\u0131klar\u0131n\u0131, fiziksel varl\u0131klar\u0131 ve yaz\u0131l\u0131m varl\u0131klar\u0131n\u0131 kapsar.<br \/>\nROBUSTA Uygulamalar\u0131 kapsam\u0131ndaki s\u00fcre\u00e7lerde \u00fcretilen ve\/veya kullan\u0131lan t\u00fcm bilgilerin her durumda mutlak b\u00fct\u00fcnl\u00fc\u011f\u00fcn\u00fcn sa\u011flanaca\u011f\u0131n\u0131, ilgili t\u00fcm bilgilerin y\u00f6netilece\u011fini ve uygun bir gizlilik prosed\u00fcr\u00fc \u00e7er\u00e7evesinde korunaca\u011f\u0131n\u0131 garanti eder.<\/p>\n<p><strong>3.POL\u0130T\u0130KA<\/strong><br \/>\n\u015eirketimiz, bilgi varl\u0131klar\u0131n\u0131n i\u015f s\u00fcre\u00e7leri ve fonksiyonlar\u0131 i\u00e7in \u00e7ok \u00f6nemli oldu\u011funun bilinci ile;<\/p>\n<ul>\n<li>Bilgi varl\u0131klar\u0131n\u0131n gizlili\u011finin, b\u00fct\u00fcnl\u00fc\u011f\u00fcn\u00fcn ve eri\u015filebilirli\u011finin; s\u00fcreklili\u011finin ve kontrol\u00fcn\u00fcn sa\u011flanmas\u0131n\u0131,<\/li>\n<li>Bilgi varl\u0131klar\u0131n\u0131n kaybolmas\u0131ndan, bozulmas\u0131ndan veya k\u00f6t\u00fcye kullan\u0131lmas\u0131ndan do\u011fan risklere maruziyetinin s\u0131n\u0131rlanmas\u0131n\u0131, yasa ve y\u00f6netmeliklere uygunlu\u011funun sa\u011flanmas\u0131n\u0131,<\/li>\n<li>Bilgi varl\u0131klar\u0131n\u0131n, i\u00e7eriden ya da d\u0131\u015far\u0131dan bilerek ya da bilmeyerek meydana gelebilecek her t\u00fcrl\u00fc tehdite kar\u015f\u0131 korunmas\u0131n\u0131, ama\u00e7lar.<\/li>\n<\/ul>\n<p>Bilgi G\u00fcvenli\u011fi Politikam\u0131z, \u015eirketimizin bilgilerini veya i\u015f sistemlerini kullanan t\u00fcm yurti\u00e7i-yurtd\u0131\u015f\u0131 \u015eirket personelini ve \u015eirket personeli d\u0131\u015f\u0131nda kalan ve tan\u0131mlanan ilgili taraflar\u0131n ve bunlara ba\u011fl\u0131 destek personelini kapsar.<\/p>\n<p>\u015eirketimiz bilgi i\u015flem altyap\u0131s\u0131n\u0131 kullanan ve bilgi kaynaklar\u0131na eri\u015fenler:<\/p>\n<ul>\n<li>Ki\u015fisel ve elektronik ileti\u015fimde \u015firkete ait bilginin gizlili\u011fini, b\u00fct\u00fcnl\u00fc\u011f\u00fcn\u00fc ve eri\u015filebilirli\u011fini sa\u011flarlar.<\/li>\n<li>Risk d\u00fczeylerine g\u00f6re belirlenen g\u00fcvenlik \u00f6nlemlerini al\u0131rlar.<\/li>\n<li>Bilgi g\u00fcvenli\u011fi ihlal olaylar\u0131n\u0131 BGYS Sorumlusuna bildirerek raporlar ve bu ihlalleri engelleyecek \u00f6nlemleri al\u0131rlar.<\/li>\n<li>\u015eirket i\u00e7i bilgi kaynaklar\u0131n\u0131 (duyuru, dok\u00fcman vb.) yetkisiz olarak 3. ki\u015filere iletmezler.<\/li>\n<li>\u015eirket bili\u015fim kaynaklar\u0131n\u0131, yasalara ve bunlara ba\u011fl\u0131 y\u00f6netmeliklere ayk\u0131r\u0131 faaliyetler amac\u0131yla kullanmazlar.<\/li>\n<li>M\u00fc\u015fteriler, i\u015f ortaklar\u0131, tedarik\u00e7iler veya di\u011fer ilgili taraflara ait bilgilerin gizlili\u011fini, b\u00fct\u00fcnl\u00fc\u011f\u00fcn\u00fc ve eri\u015filebilirli\u011fini korurlar.<\/li>\n<\/ul>\n<p>\u015eirket Y\u00f6netimimiz, Bilgi G\u00fcvenli\u011fi Politikam\u0131z do\u011frultusunda, t\u00fcm \u00e7al\u0131\u015fanlar\u0131m\u0131z\u0131n, Bilgi G\u00fcvenli\u011fi konular\u0131yla ilgili fark\u0131ndal\u0131klar\u0131n\u0131 temin eder ve politikayla uyumu sa\u011flar.<\/p>\n<p>T\u00fcm \u00e7al\u0131\u015fanlar, Bilgi G\u00fcvenli\u011fi Politikas\u0131 ve prensiplerini desteklerler ve bu politikaya at\u0131fta bulunan Bilgi G\u00fcvenli\u011fi Y\u00f6netim Sistemi (BGYS) politika, prosed\u00fcr ve d\u00fczenlenmelerine uyarlar.<\/p>\n<p><strong>4.G\u00d6ZDEN GE\u00c7\u0130RME<\/strong><br \/>\nBilgi g\u00fcvenli\u011fi politikas\u0131 organizasyonel de\u011fi\u015fiklikler, i\u015f \u015fartlar\u0131, yasal ve teknik d\u00fczenlemeler vb. nedenlerle g\u00fcn\u00fcn ko\u015fullar\u0131na uyumluluk a\u00e7\u0131s\u0131ndan de\u011ferlendirilir.<\/p>\n<p>Bu politika d\u00fczenli olarak, y\u0131lda bir kez, Y\u00f6netimin G\u00f6zden Ge\u00e7irme Toplant\u0131s\u0131\u2019nda g\u00f6zden ge\u00e7irilir. G\u00f6zden ge\u00e7irme verileri, BGYS Sorumlusu taraf\u0131ndan olu\u015fturulur. G\u00f6zden ge\u00e7irilen ve g\u00fcncellenen BGYS Politikas\u0131, Genel M\u00fcd\u00fcr taraf\u0131ndan onayland\u0131ktan sonra, daha \u00f6nce belirlenmi\u015f kanallar kullan\u0131larak yay\u0131nlan\u0131r.[\/vc_column_text][\/vc_column][\/vc_row]<\/p>\n<\/div>","protected":false},"excerpt":{"rendered":"<p>[vc_row lg_spacing=&#8221;padding_bottom:30&#8243;][vc_column][tm_heading custom_google_font=&#8221;&#8221;]Bilgi G\u00fcvenli\u011fi Y\u00f6netim Sistemi Politikas\u0131[\/tm_heading][\/vc_column][\/vc_row][vc_row][vc_column][vc_column_text css=&#8221;&#8221;]1. AMA\u00c7 ROBUSTA\u2019nin bilgi g\u00fcvenli\u011fini y\u00f6netmekteki amac\u0131; bilginin gizlilik, b\u00fct\u00fcnl\u00fck ve eri\u015filebilirlik kapsam\u0131nda de\u011ferlendirilerek i\u00e7eriden ve\/veya d\u0131\u015fardan gelebilecek, kas\u0131tl\u0131 veya kazayla olu\u015fabilecek t\u00fcm tehditlerden korunmas\u0131 ve i\u015f s\u00fcre\u00e7lerinde etkin, do\u011fru, h\u0131zl\u0131 ve eri\u015fim yetkileri g\u00f6zetilerek g\u00fcvenli bir bi\u00e7imde kullan\u0131lmas\u0131d\u0131r. Bilgi g\u00fcvenli\u011fi politikas\u0131n\u0131n amac\u0131 ise, t\u00fcm ilgili taraflara bilgi g\u00fcvenli\u011fi gereksinimlerinin alt\u0131n\u0131 \u00e7izmek ve yaz\u0131l\u0131 kurallar\u0131n temel dayana\u011f\u0131n\u0131 olu\u015fturmakt\u0131r. 2.KAPSAM G\u00fcvenlik Politikas\u0131; insan kaynaklar\u0131n\u0131, bilgi varl\u0131klar\u0131n\u0131, fiziksel varl\u0131klar\u0131 ve yaz\u0131l\u0131m varl\u0131klar\u0131n\u0131 kapsar. ROBUSTA Uygulamalar\u0131 kapsam\u0131ndaki s\u00fcre\u00e7lerde \u00fcretilen ve\/veya kullan\u0131lan t\u00fcm bilgilerin her durumda mutlak b\u00fct\u00fcnl\u00fc\u011f\u00fcn\u00fcn sa\u011flanaca\u011f\u0131n\u0131, ilgili t\u00fcm bilgilerin y\u00f6netilece\u011fini ve uygun bir gizlilik prosed\u00fcr\u00fc \u00e7er\u00e7evesinde korunaca\u011f\u0131n\u0131 garanti eder. 3.POL\u0130T\u0130KA \u015eirketimiz, bilgi varl\u0131klar\u0131n\u0131n i\u015f s\u00fcre\u00e7leri ve fonksiyonlar\u0131 i\u00e7in \u00e7ok \u00f6nemli oldu\u011funun bilinci ile; Bilgi varl\u0131klar\u0131n\u0131n gizlili\u011finin, b\u00fct\u00fcnl\u00fc\u011f\u00fcn\u00fcn ve eri\u015filebilirli\u011finin; s\u00fcreklili\u011finin ve kontrol\u00fcn\u00fcn sa\u011flanmas\u0131n\u0131, Bilgi varl\u0131klar\u0131n\u0131n kaybolmas\u0131ndan, bozulmas\u0131ndan veya k\u00f6t\u00fcye kullan\u0131lmas\u0131ndan do\u011fan risklere maruziyetinin s\u0131n\u0131rlanmas\u0131n\u0131, yasa ve y\u00f6netmeliklere uygunlu\u011funun sa\u011flanmas\u0131n\u0131, Bilgi varl\u0131klar\u0131n\u0131n, i\u00e7eriden ya da d\u0131\u015far\u0131dan bilerek ya da bilmeyerek meydana gelebilecek her t\u00fcrl\u00fc tehdite kar\u015f\u0131 korunmas\u0131n\u0131, ama\u00e7lar. Bilgi G\u00fcvenli\u011fi Politikam\u0131z, \u015eirketimizin bilgilerini veya i\u015f sistemlerini kullanan t\u00fcm yurti\u00e7i-yurtd\u0131\u015f\u0131 \u015eirket personelini ve \u015eirket personeli d\u0131\u015f\u0131nda kalan ve tan\u0131mlanan ilgili taraflar\u0131n ve bunlara ba\u011fl\u0131 destek personelini kapsar. \u015eirketimiz bilgi i\u015flem altyap\u0131s\u0131n\u0131 kullanan ve bilgi kaynaklar\u0131na eri\u015fenler: Ki\u015fisel ve elektronik ileti\u015fimde \u015firkete ait bilginin gizlili\u011fini, b\u00fct\u00fcnl\u00fc\u011f\u00fcn\u00fc ve eri\u015filebilirli\u011fini sa\u011flarlar. Risk d\u00fczeylerine g\u00f6re belirlenen g\u00fcvenlik \u00f6nlemlerini al\u0131rlar. Bilgi g\u00fcvenli\u011fi ihlal olaylar\u0131n\u0131 BGYS Sorumlusuna bildirerek raporlar ve bu ihlalleri engelleyecek \u00f6nlemleri al\u0131rlar. \u015eirket i\u00e7i bilgi kaynaklar\u0131n\u0131 (duyuru, dok\u00fcman vb.) yetkisiz olarak 3. ki\u015filere iletmezler. \u015eirket bili\u015fim kaynaklar\u0131n\u0131, yasalara ve bunlara ba\u011fl\u0131 y\u00f6netmeliklere ayk\u0131r\u0131 faaliyetler amac\u0131yla kullanmazlar. M\u00fc\u015fteriler, i\u015f ortaklar\u0131, tedarik\u00e7iler veya di\u011fer ilgili taraflara ait bilgilerin gizlili\u011fini, b\u00fct\u00fcnl\u00fc\u011f\u00fcn\u00fc ve eri\u015filebilirli\u011fini korurlar. \u015eirket Y\u00f6netimimiz, Bilgi G\u00fcvenli\u011fi Politikam\u0131z do\u011frultusunda, t\u00fcm \u00e7al\u0131\u015fanlar\u0131m\u0131z\u0131n, Bilgi G\u00fcvenli\u011fi konular\u0131yla ilgili fark\u0131ndal\u0131klar\u0131n\u0131 temin eder ve politikayla uyumu sa\u011flar. T\u00fcm \u00e7al\u0131\u015fanlar, Bilgi G\u00fcvenli\u011fi Politikas\u0131 ve prensiplerini desteklerler ve bu politikaya at\u0131fta bulunan Bilgi G\u00fcvenli\u011fi Y\u00f6netim Sistemi (BGYS) politika, prosed\u00fcr ve d\u00fczenlenmelerine uyarlar. 4.G\u00d6ZDEN GE\u00c7\u0130RME Bilgi g\u00fcvenli\u011fi politikas\u0131 organizasyonel de\u011fi\u015fiklikler, i\u015f \u015fartlar\u0131, yasal ve teknik d\u00fczenlemeler vb. nedenlerle g\u00fcn\u00fcn ko\u015fullar\u0131na uyumluluk a\u00e7\u0131s\u0131ndan de\u011ferlendirilir. Bu politika d\u00fczenli olarak, y\u0131lda bir kez, Y\u00f6netimin G\u00f6zden Ge\u00e7irme Toplant\u0131s\u0131\u2019nda g\u00f6zden ge\u00e7irilir. G\u00f6zden ge\u00e7irme verileri, BGYS Sorumlusu taraf\u0131ndan olu\u015fturulur. G\u00f6zden ge\u00e7irilen ve g\u00fcncellenen BGYS Politikas\u0131, Genel M\u00fcd\u00fcr taraf\u0131ndan onayland\u0131ktan sonra, daha \u00f6nce belirlenmi\u015f kanallar kullan\u0131larak yay\u0131nlan\u0131r.[\/vc_column_text][\/vc_column][\/vc_row]<\/p>\n","protected":false},"author":2778,"featured_media":0,"parent":0,"menu_order":0,"comment_status":"closed","ping_status":"closed","template":"","meta":{"footnotes":""},"class_list":["post-13277","page","type-page","status-publish","hentry","post-no-thumbnail"],"_links":{"self":[{"href":"https:\/\/robusta.ai\/tr\/wp-json\/wp\/v2\/pages\/13277","targetHints":{"allow":["GET"]}}],"collection":[{"href":"https:\/\/robusta.ai\/tr\/wp-json\/wp\/v2\/pages"}],"about":[{"href":"https:\/\/robusta.ai\/tr\/wp-json\/wp\/v2\/types\/page"}],"author":[{"embeddable":true,"href":"https:\/\/robusta.ai\/tr\/wp-json\/wp\/v2\/users\/2778"}],"replies":[{"embeddable":true,"href":"https:\/\/robusta.ai\/tr\/wp-json\/wp\/v2\/comments?post=13277"}],"version-history":[{"count":3,"href":"https:\/\/robusta.ai\/tr\/wp-json\/wp\/v2\/pages\/13277\/revisions"}],"predecessor-version":[{"id":13280,"href":"https:\/\/robusta.ai\/tr\/wp-json\/wp\/v2\/pages\/13277\/revisions\/13280"}],"wp:attachment":[{"href":"https:\/\/robusta.ai\/tr\/wp-json\/wp\/v2\/media?parent=13277"}],"curies":[{"name":"wp","href":"https:\/\/api.w.org\/{rel}","templated":true}]}}