{"id":8592,"date":"2022-04-26T16:19:24","date_gmt":"2022-04-26T13:19:24","guid":{"rendered":"https:\/\/robusta.ai\/?page_id=8592"},"modified":"2024-02-23T16:01:06","modified_gmt":"2024-02-23T13:01:06","slug":"robusta-design-studio","status":"publish","type":"page","link":"https:\/\/robusta.ai\/tr\/robusta-design-studio\/","title":{"rendered":"Robusta Design Studio"},"content":{"rendered":"<div class=\"wpb-content-wrapper\"><p>[vc_row full_width=&#8221;stretch_row&#8221; background_image=&#8221;9010&#8243; background_position=&#8221;center&#8221;][vc_column][tm_spacer size=&#8221;sm:150;lg:192&#8243;][tm_heading tag=&#8221;h4&#8243; custom_google_font=&#8221;&#8221; align=&#8221;center&#8221; text_color=&#8221;custom&#8221; custom_text_color=&#8221;#ffffff&#8221; font_size=&#8221;xs:34;sm:44;md:54;lg:64&#8243; line_height=&#8221;1.13&#8243;]Robusta Design Studio[\/tm_heading][tm_heading tag=&#8221;div&#8221; custom_google_font=&#8221;&#8221; align=&#8221;center&#8221; text_color=&#8221;custom&#8221; custom_text_color=&#8221;#ffffff&#8221; font_size=&#8221;sm:14;md:24;lg:34&#8243; line_height=&#8221;1.13&#8243;]ROBUSTA RB-RPA-004 S\u00fcre\u00e7 Kont. Yaz\u0131l\u0131m\u0131[\/tm_heading][tm_spacer size=&#8221;lg:21&#8243;][tm_heading tag=&#8221;div&#8221; custom_google_font=&#8221;&#8221; font_weight=&#8221;500&#8243; align=&#8221;center&#8221; text_color=&#8221;custom&#8221; custom_text_color=&#8221;#ffffff&#8221; font_size=&#8221;sm:18;md:21;lg:24&#8243; line_height=&#8221;1.67&#8243; max_width=&#8221;740px&#8221;]No code \u00f6zellikli Robusta RPA ile s\u00fcre\u00e7lerinizi<br \/>\nkod yazmadan kolayca tasarlay\u0131n.[\/tm_heading][tm_spacer size=&#8221;sm:120;lg:165&#8243;][\/vc_column][\/vc_row][vc_row][vc_column][tm_spacer size=&#8221;lg:70&#8243;][tm_heading tag=&#8221;h4&#8243; custom_google_font=&#8221;&#8221; align=&#8221;center&#8221; font_size=&#8221;sm:28;md:34;lg:30&#8243; line_height=&#8221;1.4&#8243; max_width=&#8221;600px&#8221;]Robusta <mark> Design Studio<\/mark>[\/tm_heading][tm_heading tag=&#8221;div&#8221; custom_google_font=&#8221;&#8221; align=&#8221;center&#8221; font_size=&#8221;sm:14;md:14;lg:24&#8243; line_height=&#8221;1.13&#8243;]ROBUSTA RB-RPA-004 S\u00fcre\u00e7 Kont. Yaz\u0131l\u0131m\u0131[\/tm_heading][tm_spacer size=&#8221;lg:70&#8243;][\/vc_column][\/vc_row][vc_row sm_spacing=&#8221;padding_bottom:100&#8243; lg_spacing=&#8221;padding_bottom:120&#8243;][vc_column offset=&#8221;vc_col-md-5&#8243;][tm_heading style=&#8221;left-line&#8221; custom_google_font=&#8221;&#8221; font_weight=&#8221;800&#8243; font_size=&#8221;sm:18;md:21;lg:24&#8243; line_height=&#8221;1.67&#8243; max_width=&#8221;400px&#8221;]<mark>Robusta Design Studio ROBUSTA RB-RPA-004 S\u00fcre\u00e7 Kont. Yaz\u0131l\u0131m\u0131 <\/mark>robotlara i\u015f s\u00fcre\u00e7lerinin \u00f6\u011fretildi\u011fi ana bile\u015fendir.<br \/>\n<mark>No code<\/mark> yakla\u015f\u0131m\u0131yla s\u00fcre\u00e7 tasar\u0131m imkan\u0131 sunar. [\/tm_heading][tm_spacer size=&#8221;sm:30&#8243;][tm_spacer size=&#8221;sm:30&#8243;][tm_spacer size=&#8221;sm:30&#8243;][\/vc_column][vc_column offset=&#8221;vc_col-md-7&#8243;][tm_heading tag=&#8221;div&#8221; custom_google_font=&#8221;&#8221; google_fonts=&#8221;font_family:Poppins%3A300%2Cregular%2C500%2C600%2C700|font_style:300%20light%20regular%3A300%3Anormal&#8221; font_size=&#8221;lg:18&#8243; line_height=&#8221;1.67&#8243;]Robusta\u2019n\u0131n no code temelli yakla\u015f\u0131m\u0131 sayesinde \u00f6\u011frenme e\u011frisi \u00e7ok d\u00fc\u015f\u00fckt\u00fcr. Robusta RPA \u00fczerinde s\u00fcre\u00e7 tasarlayan ki\u015filerin kodlama bilgisine sahip olmas\u0131na gerek yoktur. Ekrandaki \u00f6\u011felerin konumu ve boyutlar\u0131ndan da ba\u011f\u0131ms\u0131z olarak \u00e7al\u0131\u015fan Design Studio, farkl\u0131 ekran \u00e7\u00f6z\u00fcn\u00fcrl\u00fcklerinde kesintisiz ve kusursuzca \u00e7al\u0131\u015fabilir.<\/p>\n<p>BPM temelli yap\u0131s\u0131 sayesinde s\u00fcre\u00e7lerin BPMN 2.0 notasyonunda tasarlanmas\u0131na imkan verir. Robusta\u2019n\u0131n BPM alt yap\u0131s\u0131 sayesinde ayn\u0131 zamanda bir BPM platformuna sahip olursunuz. Robusta ayn\u0131 zamanda bu yap\u0131s\u0131 sayesinde piyasadaki herhangi bir BPM \u00fcr\u00fcn\u00fcn\u00fcn i\u00e7ine g\u00f6m\u00fcl\u00fc \u015fekilde entegre edilebilir. Tek bir ara\u00e7la her ikisini de yapabilir duruma gelirsiniz.<\/p>\n<p>Robusta Design Studio\u2019da tasarlad\u0131\u011f\u0131n\u0131z i\u015f s\u00fcre\u00e7lerini PDF\/Word olarak kaydedebilir, bu sayede s\u00fcre\u00e7lerinizi en g\u00fcncel hali ile dok\u00fcmante edebilirsiniz. Kurumunuzda g\u00f6reve yeni ba\u015flayan bir ki\u015finin dahi bu dok\u00fcmanlar arac\u0131l\u0131\u011f\u0131 ile s\u00fcreci en ince ayr\u0131nt\u0131s\u0131na kolayca \u00f6\u011frenmesini sa\u011flayabilirsiniz.<\/p>\n<p>Robusta\u2019n\u0131n BPM temelli olmas\u0131n\u0131n bir\u00e7ok art\u0131s\u0131 var. Bunlardan bir di\u011feri olan kural motoru sayesinde, i\u015f kurallar\u0131n\u0131, i\u015f ak\u0131\u015f\u0131ndan ay\u0131rabilir, i\u015f kurallar\u0131n\u0131 kural motoru \u00fczerinde y\u00f6netebilirsiniz. B\u00f6ylece robotun hangi i\u015f kurallar\u0131na g\u00f6re \u00e7al\u0131\u015ft\u0131\u011f\u0131n\u0131 \u015feffaf olarak g\u00f6rebilirsiniz.[\/tm_heading][\/vc_column][\/vc_row][vc_row full_width=&#8221;stretch_row&#8221; background_color=&#8221;custom&#8221; custom_background_color=&#8221;#F8F8F8&#8243;][vc_column][tm_spacer size=&#8221;sm:100;lg:120&#8243;][tm_heading tag=&#8221;h4&#8243; custom_google_font=&#8221;&#8221; align=&#8221;center&#8221; font_size=&#8221;sm:28;md:34;lg:40&#8243; line_height=&#8221;1.4&#8243;]Robusta Design Studio&#8217;nun<br \/>\nROBUSTA RB-RPA-004 S\u00fcre\u00e7 Kont. Yaz\u0131l\u0131m\u0131 <mark>Temel \u00d6zellikleri<\/mark>[\/tm_heading][tm_spacer size=&#8221;lg:86&#8243;][tm_grid equal_height=&#8221;1&#8243; columns=&#8221;xs:1;sm:2;lg:3&#8243; column_gutter=&#8221;lg:30&#8243; row_gutter=&#8221;lg:30&#8243;][tm_box_image style=&#8221;05&#8243; heading=&#8221;BPM Temelli Yap\u0131&#8221; text=&#8221;BPM tabanl\u0131 yap\u0131s\u0131 sayesinde s\u00fcr\u00fckle b\u0131rak y\u00f6ntemiyle g\u00f6rsel bir \u015fekilde s\u00fcre\u00e7 tasar\u0131m imkan\u0131&#8221; button=&#8221;|||&#8221; image=&#8221;3761&#8243;][tm_box_image style=&#8221;05&#8243; heading=&#8221;XPath Bulucu&#8221; text=&#8221;Uygulamalar \u00fczerindeki alanlar\u0131 bulmak \u00fczere olu\u015fturulmu\u015f g\u00fc\u00e7l\u00fc XPath bulucu&#8221; button=&#8221;|||&#8221; image=&#8221;3763&#8243;][tm_box_image style=&#8221;05&#8243; heading=&#8221;Kural Tablosu&#8221; text=&#8221;Maksimum kullan\u0131m ve bak\u0131m kolayl\u0131\u011f\u0131 sunan, bir s\u00fcrecin t\u00fcm ko\u015fullar\u0131n\u0131 tek bir karar tablosunda y\u00f6netebilece\u011finiz esnek bir kural motoru&#8221; button=&#8221;|||&#8221; image=&#8221;3764&#8243;][tm_box_image style=&#8221;05&#8243; heading=&#8221;Otomatik S\u00fcre\u00e7 Kayd\u0131&#8221; text=&#8221;Basit s\u00fcre\u00e7lerin otomatik olarak olu\u015fturulmas\u0131na izin veren s\u00fcre\u00e7 kay\u0131t \u00f6zelli\u011fi&#8221; button=&#8221;|||&#8221; image=&#8221;3765&#8243;][\/tm_grid][tm_spacer size=&#8221;lg:123&#8243;][\/vc_column][\/vc_row][vc_row full_width=&#8221;stretch_row_content&#8221; content_placement=&#8221;middle&#8221; background_color=&#8221;custom&#8221; background_size=&#8221;auto&#8221; lg_spacing=&#8221;padding_top:40;padding_bottom:40&#8243; custom_background_color=&#8221;#f8f8f8&#8243; background_image=&#8221;725&#8243; background_position=&#8221;center right 40px&#8221; sm_spacing=&#8221;padding_top:100;padding_bottom:100&#8243;][vc_column offset=&#8221;vc_col-md-6&#8243; order=&#8221;sm:3&#8243;][vc_row_inner content_alignment=&#8221;right&#8221; sm_content_alignment=&#8221;center&#8221; max_width=&#8221;600px&#8221;][vc_column_inner][tm_heading style=&#8221;modern&#8221; custom_google_font=&#8221;&#8221; sm_align=&#8221;center&#8221; text_color=&#8221;custom&#8221; custom_text_color=&#8221;#ababab&#8221;]Robusta Kaynaklar\u0131[\/tm_heading][tm_spacer size=&#8221;lg:25&#8243;][tm_heading tag=&#8221;h4&#8243; custom_google_font=&#8221;&#8221; sm_align=&#8221;center&#8221; font_size=&#8221;sm:28;md:34;lg:40&#8243; line_height=&#8221;1.4&#8243;]Robusta Design Studio ile ilgili detayl\u0131 bilgiye<br \/>\n<mark> buradan ula\u015f\u0131n.<\/mark><br \/>\n[\/tm_heading][tm_spacer size=&#8221;lg:40&#8243;][tm_button size=&#8221;custom&#8221; button=&#8221;url:https%3A%2F%2Frobusta.ai%2Fwp-content%2Fuploads%2F2022%2F04%2F202104_RobustaRPA_Brosur.pdf|title:Bro%C5%9F%C3%BCr%C3%BC%20%C4%B0ndirin|target:_blank&#8221; icon_align=&#8221;left&#8221; sm_align=&#8221;center&#8221; width=&#8221;205&#8243; icon_font_size=&#8221;lg:14&#8243;][\/vc_column_inner][\/vc_row_inner][\/vc_column][vc_column offset=&#8221;vc_col-md-6&#8243;][tm_image align=&#8221;center&#8221; image=&#8221;3302&#8243;][tm_spacer size=&#8221;sm:30&#8243;][\/vc_column][\/vc_row][vc_row][vc_column][tm_button_group][\/tm_button_group][\/vc_column][\/vc_row]<\/p>\n<\/div>","protected":false},"excerpt":{"rendered":"<p>[vc_row full_width=&#8221;stretch_row&#8221; background_image=&#8221;9010&#8243; background_position=&#8221;center&#8221;][vc_column][tm_spacer size=&#8221;sm:150;lg:192&#8243;][tm_heading tag=&#8221;h4&#8243; custom_google_font=&#8221;&#8221; align=&#8221;center&#8221; text_color=&#8221;custom&#8221; custom_text_color=&#8221;#ffffff&#8221; font_size=&#8221;xs:34;sm:44;md:54;lg:64&#8243; line_height=&#8221;1.13&#8243;]Robusta Design Studio[\/tm_heading][tm_heading tag=&#8221;div&#8221; custom_google_font=&#8221;&#8221; align=&#8221;center&#8221; text_color=&#8221;custom&#8221; custom_text_color=&#8221;#ffffff&#8221; font_size=&#8221;sm:14;md:24;lg:34&#8243; line_height=&#8221;1.13&#8243;]ROBUSTA RB-RPA-004 S\u00fcre\u00e7 Kont. Yaz\u0131l\u0131m\u0131[\/tm_heading][tm_spacer size=&#8221;lg:21&#8243;][tm_heading tag=&#8221;div&#8221; custom_google_font=&#8221;&#8221; font_weight=&#8221;500&#8243; align=&#8221;center&#8221; text_color=&#8221;custom&#8221; custom_text_color=&#8221;#ffffff&#8221; font_size=&#8221;sm:18;md:21;lg:24&#8243; line_height=&#8221;1.67&#8243; max_width=&#8221;740px&#8221;]No code \u00f6zellikli Robusta RPA ile s\u00fcre\u00e7lerinizi kod yazmadan kolayca tasarlay\u0131n.[\/tm_heading][tm_spacer size=&#8221;sm:120;lg:165&#8243;][\/vc_column][\/vc_row][vc_row][vc_column][tm_spacer size=&#8221;lg:70&#8243;][tm_heading tag=&#8221;h4&#8243; custom_google_font=&#8221;&#8221; align=&#8221;center&#8221; font_size=&#8221;sm:28;md:34;lg:30&#8243; line_height=&#8221;1.4&#8243; max_width=&#8221;600px&#8221;]Robusta Design Studio[\/tm_heading][tm_heading tag=&#8221;div&#8221; custom_google_font=&#8221;&#8221; align=&#8221;center&#8221; font_size=&#8221;sm:14;md:14;lg:24&#8243; line_height=&#8221;1.13&#8243;]ROBUSTA RB-RPA-004 S\u00fcre\u00e7 Kont. Yaz\u0131l\u0131m\u0131[\/tm_heading][tm_spacer size=&#8221;lg:70&#8243;][\/vc_column][\/vc_row][vc_row sm_spacing=&#8221;padding_bottom:100&#8243; lg_spacing=&#8221;padding_bottom:120&#8243;][vc_column offset=&#8221;vc_col-md-5&#8243;][tm_heading style=&#8221;left-line&#8221; custom_google_font=&#8221;&#8221; font_weight=&#8221;800&#8243; font_size=&#8221;sm:18;md:21;lg:24&#8243; line_height=&#8221;1.67&#8243; max_width=&#8221;400px&#8221;]Robusta Design Studio ROBUSTA RB-RPA-004 S\u00fcre\u00e7 Kont. Yaz\u0131l\u0131m\u0131 robotlara i\u015f s\u00fcre\u00e7lerinin \u00f6\u011fretildi\u011fi ana bile\u015fendir. No code yakla\u015f\u0131m\u0131yla s\u00fcre\u00e7 tasar\u0131m imkan\u0131 sunar. [\/tm_heading][tm_spacer size=&#8221;sm:30&#8243;][tm_spacer size=&#8221;sm:30&#8243;][tm_spacer size=&#8221;sm:30&#8243;][\/vc_column][vc_column offset=&#8221;vc_col-md-7&#8243;][tm_heading tag=&#8221;div&#8221; custom_google_font=&#8221;&#8221; google_fonts=&#8221;font_family:Poppins%3A300%2Cregular%2C500%2C600%2C700|font_style:300%20light%20regular%3A300%3Anormal&#8221; font_size=&#8221;lg:18&#8243; line_height=&#8221;1.67&#8243;]Robusta\u2019n\u0131n no code temelli yakla\u015f\u0131m\u0131 sayesinde \u00f6\u011frenme e\u011frisi \u00e7ok d\u00fc\u015f\u00fckt\u00fcr. Robusta RPA \u00fczerinde s\u00fcre\u00e7 tasarlayan ki\u015filerin kodlama bilgisine sahip olmas\u0131na gerek yoktur. Ekrandaki \u00f6\u011felerin konumu ve boyutlar\u0131ndan da ba\u011f\u0131ms\u0131z olarak \u00e7al\u0131\u015fan Design Studio, farkl\u0131 ekran \u00e7\u00f6z\u00fcn\u00fcrl\u00fcklerinde kesintisiz ve kusursuzca \u00e7al\u0131\u015fabilir. BPM temelli yap\u0131s\u0131 sayesinde s\u00fcre\u00e7lerin BPMN 2.0 notasyonunda tasarlanmas\u0131na imkan verir. Robusta\u2019n\u0131n BPM alt yap\u0131s\u0131 sayesinde ayn\u0131 zamanda bir BPM platformuna sahip olursunuz. Robusta ayn\u0131 zamanda bu yap\u0131s\u0131 sayesinde piyasadaki herhangi bir BPM \u00fcr\u00fcn\u00fcn\u00fcn i\u00e7ine g\u00f6m\u00fcl\u00fc \u015fekilde entegre edilebilir. Tek bir ara\u00e7la her ikisini de yapabilir duruma gelirsiniz. Robusta Design Studio\u2019da tasarlad\u0131\u011f\u0131n\u0131z i\u015f s\u00fcre\u00e7lerini PDF\/Word olarak kaydedebilir, bu sayede s\u00fcre\u00e7lerinizi en g\u00fcncel hali ile dok\u00fcmante edebilirsiniz. Kurumunuzda g\u00f6reve yeni ba\u015flayan bir ki\u015finin dahi bu dok\u00fcmanlar arac\u0131l\u0131\u011f\u0131 ile s\u00fcreci en ince ayr\u0131nt\u0131s\u0131na kolayca \u00f6\u011frenmesini sa\u011flayabilirsiniz. Robusta\u2019n\u0131n BPM temelli olmas\u0131n\u0131n bir\u00e7ok art\u0131s\u0131 var. Bunlardan bir di\u011feri olan kural motoru sayesinde, i\u015f kurallar\u0131n\u0131, i\u015f ak\u0131\u015f\u0131ndan ay\u0131rabilir, i\u015f kurallar\u0131n\u0131 kural motoru \u00fczerinde y\u00f6netebilirsiniz. B\u00f6ylece robotun hangi i\u015f kurallar\u0131na g\u00f6re \u00e7al\u0131\u015ft\u0131\u011f\u0131n\u0131 \u015feffaf olarak g\u00f6rebilirsiniz.[\/tm_heading][\/vc_column][\/vc_row][vc_row full_width=&#8221;stretch_row&#8221; background_color=&#8221;custom&#8221; custom_background_color=&#8221;#F8F8F8&#8243;][vc_column][tm_spacer size=&#8221;sm:100;lg:120&#8243;][tm_heading tag=&#8221;h4&#8243; custom_google_font=&#8221;&#8221; align=&#8221;center&#8221; font_size=&#8221;sm:28;md:34;lg:40&#8243; line_height=&#8221;1.4&#8243;]Robusta Design Studio&#8217;nun ROBUSTA RB-RPA-004 S\u00fcre\u00e7 Kont. Yaz\u0131l\u0131m\u0131 Temel \u00d6zellikleri[\/tm_heading][tm_spacer size=&#8221;lg:86&#8243;][tm_grid equal_height=&#8221;1&#8243; columns=&#8221;xs:1;sm:2;lg:3&#8243; column_gutter=&#8221;lg:30&#8243; row_gutter=&#8221;lg:30&#8243;][tm_box_image style=&#8221;05&#8243; heading=&#8221;BPM Temelli Yap\u0131&#8221; text=&#8221;BPM tabanl\u0131 yap\u0131s\u0131 sayesinde s\u00fcr\u00fckle b\u0131rak y\u00f6ntemiyle g\u00f6rsel bir \u015fekilde s\u00fcre\u00e7 tasar\u0131m imkan\u0131&#8221; button=&#8221;|||&#8221; image=&#8221;3761&#8243;][tm_box_image style=&#8221;05&#8243; heading=&#8221;XPath Bulucu&#8221; text=&#8221;Uygulamalar \u00fczerindeki alanlar\u0131 bulmak \u00fczere olu\u015fturulmu\u015f g\u00fc\u00e7l\u00fc XPath bulucu&#8221; button=&#8221;|||&#8221; image=&#8221;3763&#8243;][tm_box_image style=&#8221;05&#8243; heading=&#8221;Kural Tablosu&#8221; text=&#8221;Maksimum kullan\u0131m ve bak\u0131m kolayl\u0131\u011f\u0131 sunan, bir s\u00fcrecin t\u00fcm ko\u015fullar\u0131n\u0131 tek bir karar tablosunda y\u00f6netebilece\u011finiz esnek bir kural motoru&#8221; button=&#8221;|||&#8221; image=&#8221;3764&#8243;][tm_box_image style=&#8221;05&#8243; heading=&#8221;Otomatik S\u00fcre\u00e7 Kayd\u0131&#8221; text=&#8221;Basit s\u00fcre\u00e7lerin otomatik olarak olu\u015fturulmas\u0131na izin veren s\u00fcre\u00e7 kay\u0131t \u00f6zelli\u011fi&#8221; button=&#8221;|||&#8221; image=&#8221;3765&#8243;][\/tm_grid][tm_spacer size=&#8221;lg:123&#8243;][\/vc_column][\/vc_row][vc_row full_width=&#8221;stretch_row_content&#8221; content_placement=&#8221;middle&#8221; background_color=&#8221;custom&#8221; background_size=&#8221;auto&#8221; lg_spacing=&#8221;padding_top:40;padding_bottom:40&#8243; custom_background_color=&#8221;#f8f8f8&#8243; background_image=&#8221;725&#8243; background_position=&#8221;center right 40px&#8221; sm_spacing=&#8221;padding_top:100;padding_bottom:100&#8243;][vc_column offset=&#8221;vc_col-md-6&#8243; order=&#8221;sm:3&#8243;][vc_row_inner content_alignment=&#8221;right&#8221; sm_content_alignment=&#8221;center&#8221; max_width=&#8221;600px&#8221;][vc_column_inner][tm_heading style=&#8221;modern&#8221; custom_google_font=&#8221;&#8221; sm_align=&#8221;center&#8221; text_color=&#8221;custom&#8221; custom_text_color=&#8221;#ababab&#8221;]Robusta Kaynaklar\u0131[\/tm_heading][tm_spacer size=&#8221;lg:25&#8243;][tm_heading tag=&#8221;h4&#8243; custom_google_font=&#8221;&#8221; sm_align=&#8221;center&#8221; font_size=&#8221;sm:28;md:34;lg:40&#8243; line_height=&#8221;1.4&#8243;]Robusta Design Studio ile ilgili detayl\u0131 bilgiye buradan ula\u015f\u0131n. [\/tm_heading][tm_spacer size=&#8221;lg:40&#8243;][tm_button size=&#8221;custom&#8221; button=&#8221;url:https%3A%2F%2Frobusta.ai%2Fwp-content%2Fuploads%2F2022%2F04%2F202104_RobustaRPA_Brosur.pdf|title:Bro%C5%9F%C3%BCr%C3%BC%20%C4%B0ndirin|target:_blank&#8221; icon_align=&#8221;left&#8221; sm_align=&#8221;center&#8221; width=&#8221;205&#8243; icon_font_size=&#8221;lg:14&#8243;][\/vc_column_inner][\/vc_row_inner][\/vc_column][vc_column offset=&#8221;vc_col-md-6&#8243;][tm_image align=&#8221;center&#8221; image=&#8221;3302&#8243;][tm_spacer size=&#8221;sm:30&#8243;][\/vc_column][\/vc_row][vc_row][vc_column][tm_button_group][\/tm_button_group][\/vc_column][\/vc_row]<\/p>\n","protected":false},"author":2,"featured_media":0,"parent":0,"menu_order":0,"comment_status":"closed","ping_status":"closed","template":"","meta":{"footnotes":""},"class_list":["post-8592","page","type-page","status-publish","hentry","post-no-thumbnail"],"_links":{"self":[{"href":"https:\/\/robusta.ai\/tr\/wp-json\/wp\/v2\/pages\/8592","targetHints":{"allow":["GET"]}}],"collection":[{"href":"https:\/\/robusta.ai\/tr\/wp-json\/wp\/v2\/pages"}],"about":[{"href":"https:\/\/robusta.ai\/tr\/wp-json\/wp\/v2\/types\/page"}],"author":[{"embeddable":true,"href":"https:\/\/robusta.ai\/tr\/wp-json\/wp\/v2\/users\/2"}],"replies":[{"embeddable":true,"href":"https:\/\/robusta.ai\/tr\/wp-json\/wp\/v2\/comments?post=8592"}],"version-history":[{"count":15,"href":"https:\/\/robusta.ai\/tr\/wp-json\/wp\/v2\/pages\/8592\/revisions"}],"predecessor-version":[{"id":11835,"href":"https:\/\/robusta.ai\/tr\/wp-json\/wp\/v2\/pages\/8592\/revisions\/11835"}],"wp:attachment":[{"href":"https:\/\/robusta.ai\/tr\/wp-json\/wp\/v2\/media?parent=8592"}],"curies":[{"name":"wp","href":"https:\/\/api.w.org\/{rel}","templated":true}]}}