{"id":8608,"date":"2022-04-26T16:56:58","date_gmt":"2022-04-26T13:56:58","guid":{"rendered":"https:\/\/robusta.ai\/?page_id=8608"},"modified":"2024-02-23T16:24:14","modified_gmt":"2024-02-23T13:24:14","slug":"robusta-orkestrator","status":"publish","type":"page","link":"https:\/\/robusta.ai\/tr\/robusta-orkestrator\/","title":{"rendered":"Robusta Orkestrat\u00f6r"},"content":{"rendered":"<div class=\"wpb-content-wrapper\"><p>[vc_row full_width=&#8221;stretch_row&#8221; background_image=&#8221;3704&#8243; background_position=&#8221;center&#8221;][vc_column][tm_spacer size=&#8221;sm:150;lg:192&#8243;][tm_heading tag=&#8221;h4&#8243; custom_google_font=&#8221;&#8221; align=&#8221;center&#8221; text_color=&#8221;custom&#8221; custom_text_color=&#8221;#ffffff&#8221; font_size=&#8221;xs:34;sm:44;md:54;lg:64&#8243; line_height=&#8221;1.13&#8243;]Robusta Orkestrat\u00f6r[\/tm_heading][tm_heading tag=&#8221;div&#8221; custom_google_font=&#8221;&#8221; align=&#8221;center&#8221; text_color=&#8221;custom&#8221; custom_text_color=&#8221;#ffffff&#8221; font_size=&#8221;sm:14;md:24;lg:34&#8243; line_height=&#8221;1.13&#8243;]RPA01 (\u0130\u00e7.Kont.Yaz\u0131l\u0131m\u0131)[\/tm_heading][tm_spacer size=&#8221;lg:21&#8243;][tm_heading tag=&#8221;div&#8221; custom_google_font=&#8221;&#8221; font_weight=&#8221;500&#8243; align=&#8221;center&#8221; text_color=&#8221;custom&#8221; custom_text_color=&#8221;#ffffff&#8221; font_size=&#8221;sm:18;md:21;lg:24&#8243; line_height=&#8221;1.67&#8243; max_width=&#8221;740px&#8221;]T\u00fcm robotlar\u0131n\u0131z\u0131 ve s\u00fcre\u00e7lerinizi tek noktadan y\u00f6netin<br \/>\n[\/tm_heading][tm_spacer size=&#8221;sm:120;lg:165&#8243;][\/vc_column][\/vc_row][vc_row][vc_column][tm_spacer size=&#8221;lg:70&#8243;][tm_heading tag=&#8221;h4&#8243; custom_google_font=&#8221;&#8221; align=&#8221;center&#8221; font_size=&#8221;sm:28;md:34;lg:30&#8243; line_height=&#8221;1.4&#8243; max_width=&#8221;600px&#8221;]<mark> Robusta Orkestrat\u00f6r RPA01 (\u0130\u00e7.Kont.Yaz\u0131l\u0131m\u0131) <\/mark> ile robotlar\u0131n\u0131z\u0131 yetkilendirin, performanslar\u0131n\u0131 izleyin. [\/tm_heading][tm_spacer size=&#8221;lg:70&#8243;][\/vc_column][\/vc_row][vc_row sm_spacing=&#8221;padding_bottom:100&#8243; lg_spacing=&#8221;padding_bottom:120&#8243;][vc_column offset=&#8221;vc_col-md-5&#8243;][tm_heading style=&#8221;left-line&#8221; custom_google_font=&#8221;&#8221; font_weight=&#8221;800&#8243; font_size=&#8221;sm:18;md:21;lg:24&#8243; line_height=&#8221;1.67&#8243; max_width=&#8221;400px&#8221;]<mark>Robusta Orkestrat\u00f6r RPA01 (\u0130\u00e7.Kont.Yaz\u0131l\u0131m\u0131)<\/mark> ile robotlar\u0131n\u0131z\u0131n tamam\u0131n\u0131n yetkilendirebilir, s\u00fcre\u00e7leri robotlar aras\u0131nda da\u011f\u0131tabilir, \u00f6nceliklendirebilir ve y\u00f6netebilirsiniz.[\/tm_heading][tm_spacer size=&#8221;sm:30&#8243;][\/vc_column][vc_column offset=&#8221;vc_col-md-7&#8243;][tm_heading tag=&#8221;div&#8221; custom_google_font=&#8221;&#8221; google_fonts=&#8221;font_family:Poppins%3A300%2Cregular%2C500%2C600%2C700|font_style:300%20light%20regular%3A300%3Anormal&#8221; font_size=&#8221;lg:18&#8243; line_height=&#8221;1.67&#8243;]Robusta orkestrat\u00f6r S\u0131n\u0131rs\u0131z say\u0131da robotu etkin \u015fekilde y\u00f6netebilecek bir mimariye sahiptir. Bu sayede orkestrat\u00f6r ile t\u00fcm robotlar\u0131n\u0131z\u0131 tek bir platform \u00fczerinden y\u00f6netip, izleyebilirsiniz.<\/p>\n<p>Orkestrat\u00f6r\u00fcn AD\/LDAB entegrasyonu sayesinde farkl\u0131 kademelerde eri\u015fim haklar\u0131 belirleyerek, y\u00f6neticilerin y\u00f6netim aray\u00fcz\u00fcnden robot etkinliklerini denetleyebilmelerini ve planlayabilmelerini sa\u011flayabilirsiniz.<\/p>\n<p>Robotlar\u0131n g\u00fcn i\u00e7inde ne kadar ve ne zaman \u00e7al\u0131\u015ft\u0131\u011f\u0131n\u0131 orkestrat\u00f6r ekran\u0131 \u00fczerinden g\u00f6rmeniz m\u00fcmk\u00fcn. Loglama yetene\u011fi sayesinde s\u00fcre\u00e7ler, \u00e7al\u0131\u015fma zamanlar\u0131 \u00fczerinde yap\u0131lan de\u011fi\u015fiklikler detayl\u0131ca g\u00f6rebilirsiniz.<\/p>\n<p>Robusta orkestrat\u00f6rde i\u015f mant\u0131\u011f\u0131 modern mimariye uygun olarak merkezi olarak y\u00f6netildi\u011fi i\u00e7in robotlar daha az kaynak t\u00fcketir, bu sayede daha \u00e7evik bir \u015fekilde \u00e7al\u0131\u015f\u0131rlar ve bak\u0131m maliyetleri daha d\u00fc\u015f\u00fckt\u00fcr. S\u00fcre\u00e7lerin yeni versiyonlar\u0131n\u0131 robotlara tek tek y\u00fcklemek gibi pek \u00e7ok operasyonu merkezi olarak y\u00f6netmek ve y\u00fcr\u00fctmek robotlar\u0131n daha performansl\u0131 \u00e7al\u0131\u015fmas\u0131n\u0131 sa\u011flar.[\/tm_heading][tm_spacer size=&#8221;lg:50&#8243;][tm_button_group][tm_button size=&#8221;custom&#8221; button=&#8221;url:https%3A%2F%2Frobusta.ai%2Ftr%2Fdemo-talep-edin%2F|title:Demo%20Talep%20Edin|target:_blank&#8221; width=&#8221;250&#8243;][tm_button style=&#8221;solid&#8221; size=&#8221;custom&#8221; button=&#8221;url:https%3A%2F%2Frobusta.ai%2Ftr%2Filetisim%2F|title:Bize%20Ula%C5%9F%C4%B1n|target:_blank&#8221; color=&#8221;custom&#8221; button_border_color=&#8221;custom&#8221; button_border_color_hover=&#8221;primary&#8221; width=&#8221;162&#8243; custom_button_border_color=&#8221;#dddddd&#8221;][\/tm_button_group][\/vc_column][\/vc_row][vc_row full_width=&#8221;stretch_row&#8221; background_color=&#8221;custom&#8221; custom_background_color=&#8221;#F8F8F8&#8243;][vc_column][tm_spacer size=&#8221;sm:100;lg:120&#8243;][tm_heading tag=&#8221;h4&#8243; custom_google_font=&#8221;&#8221; align=&#8221;center&#8221; font_size=&#8221;sm:28;md:34;lg:40&#8243; line_height=&#8221;1.4&#8243;]<mark>T\u00fcm robotlar\u0131n\u0131z<\/mark> lisans ve yetki s\u0131n\u0131rlamas\u0131 olmaks\u0131z\u0131n y\u00f6netim imkan\u0131 [\/tm_heading][tm_spacer size=&#8221;lg:86&#8243;][tm_grid equal_height=&#8221;1&#8243; columns=&#8221;xs:1;sm:2;lg:3&#8243; column_gutter=&#8221;lg:30&#8243; row_gutter=&#8221;lg:30&#8243;][tm_box_image style=&#8221;05&#8243; heading=&#8221;Robotlar\u0131 Tek Noktadan Y\u00f6netin&#8221; text=&#8221;T\u00fcm s\u00fcre\u00e7leriniz ve robotlar\u0131n\u0131z i\u00e7in lisans s\u0131n\u0131rlamas\u0131na gerek kalmadan ayr\u0131nt\u0131l\u0131 \u00f6l\u00e7me ve planlama imkan\u0131&#8221; button=&#8221;url:%23&#8243;][tm_box_image style=&#8221;05&#8243; heading=&#8221;S\u00fcre\u00e7lerinizin \u00c7al\u0131\u015fma Zamanlar\u0131n\u0131 Planlay\u0131n&#8221; text=&#8221;\u0130\u015f s\u00fcre\u00e7lerin \u00f6nceliklendirilmesi ve kuyrukland\u0131r\u0131lmas\u0131 m\u00fcmk\u00fcn&#8221; button=&#8221;|||&#8221;][tm_box_image style=&#8221;05&#8243; heading=&#8221;\u00d6l\u00e7eklenebilir Yap\u0131&#8221; text=&#8221;Kurumsal d\u00fczeyde \u00f6l\u00e7eklenebilir yap\u0131 sayesinde her \u00f6l\u00e7ekten \u015firket i\u00e7in uygun&#8221; button=&#8221;|||&#8221;][tm_box_image style=&#8221;05&#8243; heading=&#8221;Kullan\u0131ma Haz\u0131r Aktiviteler&#8221; text=&#8221;Klavye&amp;fare aktivitelerini i\u00e7eren geni\u015f kapsaml\u0131 k\u00fct\u00fcphane&#8221; button=&#8221;|||&#8221;][tm_box_image style=&#8221;05&#8243; heading=&#8221;Loglama Yetene\u011fi&#8221; text=&#8221;Ayr\u0131nt\u0131l\u0131 denetim ve yap\u0131lan de\u011fi\u015fiklikleri izlemek \u00fczere loglama yetene\u011fi&#8221; button=&#8221;|||&#8221;][tm_box_image style=&#8221;05&#8243; heading=&#8221;Rol Tabanl\u0131 Eri\u015fim&#8221; text=&#8221;Kullan\u0131c\u0131lar\u0131 ve eri\u015fim haklar\u0131n\u0131 y\u00f6netmek i\u00e7in kapsaml\u0131, rol tabanl\u0131 IDM i\u015flevselli\u011fi&#8221; button=&#8221;|||&#8221;][tm_box_image style=&#8221;05&#8243; heading=&#8221;Merkezi Yap\u0131&#8221; text=&#8221;\u0130\u015f s\u00fcre\u00e7lerinin orkestrat\u00f6r \u00fczerinden tek noktadan y\u00f6netilmesi sebebiyle her bir robota s\u00fcre\u00e7leri ve de\u011fi\u015fiklikleri da\u011f\u0131tmaya gerek olmayan merkezi yap\u0131&#8221; button=&#8221;|||&#8221;][tm_box_image style=&#8221;05&#8243; heading=&#8221;H\u0131zl\u0131 ve esnek platform&#8221; text=&#8221;Robotlar\u0131n h\u0131zl\u0131 ve daha esnek bir \u015fekilde \u00e7al\u0131\u015fabilme \u00f6zelli\u011fi&#8221; button=&#8221;|||&#8221;][\/tm_grid][tm_spacer size=&#8221;lg:123&#8243;][\/vc_column][\/vc_row][vc_row full_width=&#8221;stretch_row_content&#8221; content_placement=&#8221;middle&#8221; background_color=&#8221;custom&#8221; background_size=&#8221;auto&#8221; lg_spacing=&#8221;padding_top:40;padding_bottom:40&#8243; custom_background_color=&#8221;#f8f8f8&#8243; background_image=&#8221;725&#8243; background_position=&#8221;center right 40px&#8221; sm_spacing=&#8221;padding_top:100;padding_bottom:100&#8243;][vc_column offset=&#8221;vc_col-md-6&#8243; order=&#8221;sm:3&#8243;][vc_row_inner content_alignment=&#8221;right&#8221; sm_content_alignment=&#8221;center&#8221; max_width=&#8221;600px&#8221;][vc_column_inner][tm_heading style=&#8221;modern&#8221; custom_google_font=&#8221;&#8221; sm_align=&#8221;center&#8221; text_color=&#8221;custom&#8221; custom_text_color=&#8221;#ababab&#8221;]Robusta Kaynaklar\u0131[\/tm_heading][tm_spacer size=&#8221;lg:25&#8243;][tm_heading tag=&#8221;h4&#8243; custom_google_font=&#8221;&#8221; sm_align=&#8221;center&#8221; font_size=&#8221;sm:28;md:34;lg:40&#8243; line_height=&#8221;1.4&#8243;]Robusta Design Studio RPA01 (\u0130\u00e7.Kont.Yaz\u0131l\u0131m\u0131) ile ilgili detayl\u0131 bilgiye<br \/>\n<mark> buradan ula\u015f\u0131n.<\/mark><br \/>\n[\/tm_heading][tm_spacer size=&#8221;lg:40&#8243;][tm_button size=&#8221;custom&#8221; button=&#8221;url:https%3A%2F%2Frobusta.ai%2Fwp-content%2Fuploads%2F2022%2F04%2F202104_RobustaRPA_Brosur.pdf|title:Bro%C5%9F%C3%BCr%C3%BC%20%C4%B0ndirin|target:_blank&#8221; icon_align=&#8221;left&#8221; sm_align=&#8221;center&#8221; width=&#8221;205&#8243; icon_font_size=&#8221;lg:14&#8243;][\/vc_column_inner][\/vc_row_inner][\/vc_column][vc_column offset=&#8221;vc_col-md-6&#8243;][tm_image align=&#8221;center&#8221; image=&#8221;3302&#8243;][tm_spacer size=&#8221;sm:30&#8243;][\/vc_column][\/vc_row]<\/p>\n<\/div>","protected":false},"excerpt":{"rendered":"<p>[vc_row full_width=&#8221;stretch_row&#8221; background_image=&#8221;3704&#8243; background_position=&#8221;center&#8221;][vc_column][tm_spacer size=&#8221;sm:150;lg:192&#8243;][tm_heading tag=&#8221;h4&#8243; custom_google_font=&#8221;&#8221; align=&#8221;center&#8221; text_color=&#8221;custom&#8221; custom_text_color=&#8221;#ffffff&#8221; font_size=&#8221;xs:34;sm:44;md:54;lg:64&#8243; line_height=&#8221;1.13&#8243;]Robusta Orkestrat\u00f6r[\/tm_heading][tm_heading tag=&#8221;div&#8221; custom_google_font=&#8221;&#8221; align=&#8221;center&#8221; text_color=&#8221;custom&#8221; custom_text_color=&#8221;#ffffff&#8221; font_size=&#8221;sm:14;md:24;lg:34&#8243; line_height=&#8221;1.13&#8243;]RPA01 (\u0130\u00e7.Kont.Yaz\u0131l\u0131m\u0131)[\/tm_heading][tm_spacer size=&#8221;lg:21&#8243;][tm_heading tag=&#8221;div&#8221; custom_google_font=&#8221;&#8221; font_weight=&#8221;500&#8243; align=&#8221;center&#8221; text_color=&#8221;custom&#8221; custom_text_color=&#8221;#ffffff&#8221; font_size=&#8221;sm:18;md:21;lg:24&#8243; line_height=&#8221;1.67&#8243; max_width=&#8221;740px&#8221;]T\u00fcm robotlar\u0131n\u0131z\u0131 ve s\u00fcre\u00e7lerinizi tek noktadan y\u00f6netin [\/tm_heading][tm_spacer size=&#8221;sm:120;lg:165&#8243;][\/vc_column][\/vc_row][vc_row][vc_column][tm_spacer size=&#8221;lg:70&#8243;][tm_heading tag=&#8221;h4&#8243; custom_google_font=&#8221;&#8221; align=&#8221;center&#8221; font_size=&#8221;sm:28;md:34;lg:30&#8243; line_height=&#8221;1.4&#8243; max_width=&#8221;600px&#8221;] Robusta Orkestrat\u00f6r RPA01 (\u0130\u00e7.Kont.Yaz\u0131l\u0131m\u0131) ile robotlar\u0131n\u0131z\u0131 yetkilendirin, performanslar\u0131n\u0131 izleyin. [\/tm_heading][tm_spacer size=&#8221;lg:70&#8243;][\/vc_column][\/vc_row][vc_row sm_spacing=&#8221;padding_bottom:100&#8243; lg_spacing=&#8221;padding_bottom:120&#8243;][vc_column offset=&#8221;vc_col-md-5&#8243;][tm_heading style=&#8221;left-line&#8221; custom_google_font=&#8221;&#8221; font_weight=&#8221;800&#8243; font_size=&#8221;sm:18;md:21;lg:24&#8243; line_height=&#8221;1.67&#8243; max_width=&#8221;400px&#8221;]Robusta Orkestrat\u00f6r RPA01 (\u0130\u00e7.Kont.Yaz\u0131l\u0131m\u0131) ile robotlar\u0131n\u0131z\u0131n tamam\u0131n\u0131n yetkilendirebilir, s\u00fcre\u00e7leri robotlar aras\u0131nda da\u011f\u0131tabilir, \u00f6nceliklendirebilir ve y\u00f6netebilirsiniz.[\/tm_heading][tm_spacer size=&#8221;sm:30&#8243;][\/vc_column][vc_column offset=&#8221;vc_col-md-7&#8243;][tm_heading tag=&#8221;div&#8221; custom_google_font=&#8221;&#8221; google_fonts=&#8221;font_family:Poppins%3A300%2Cregular%2C500%2C600%2C700|font_style:300%20light%20regular%3A300%3Anormal&#8221; font_size=&#8221;lg:18&#8243; line_height=&#8221;1.67&#8243;]Robusta orkestrat\u00f6r S\u0131n\u0131rs\u0131z say\u0131da robotu etkin \u015fekilde y\u00f6netebilecek bir mimariye sahiptir. Bu sayede orkestrat\u00f6r ile t\u00fcm robotlar\u0131n\u0131z\u0131 tek bir platform \u00fczerinden y\u00f6netip, izleyebilirsiniz. Orkestrat\u00f6r\u00fcn AD\/LDAB entegrasyonu sayesinde farkl\u0131 kademelerde eri\u015fim haklar\u0131 belirleyerek, y\u00f6neticilerin y\u00f6netim aray\u00fcz\u00fcnden robot etkinliklerini denetleyebilmelerini ve planlayabilmelerini sa\u011flayabilirsiniz. Robotlar\u0131n g\u00fcn i\u00e7inde ne kadar ve ne zaman \u00e7al\u0131\u015ft\u0131\u011f\u0131n\u0131 orkestrat\u00f6r ekran\u0131 \u00fczerinden g\u00f6rmeniz m\u00fcmk\u00fcn. Loglama yetene\u011fi sayesinde s\u00fcre\u00e7ler, \u00e7al\u0131\u015fma zamanlar\u0131 \u00fczerinde yap\u0131lan de\u011fi\u015fiklikler detayl\u0131ca g\u00f6rebilirsiniz. Robusta orkestrat\u00f6rde i\u015f mant\u0131\u011f\u0131 modern mimariye uygun olarak merkezi olarak y\u00f6netildi\u011fi i\u00e7in robotlar daha az kaynak t\u00fcketir, bu sayede daha \u00e7evik bir \u015fekilde \u00e7al\u0131\u015f\u0131rlar ve bak\u0131m maliyetleri daha d\u00fc\u015f\u00fckt\u00fcr. S\u00fcre\u00e7lerin yeni versiyonlar\u0131n\u0131 robotlara tek tek y\u00fcklemek gibi pek \u00e7ok operasyonu merkezi olarak y\u00f6netmek ve y\u00fcr\u00fctmek robotlar\u0131n daha performansl\u0131 \u00e7al\u0131\u015fmas\u0131n\u0131 sa\u011flar.[\/tm_heading][tm_spacer size=&#8221;lg:50&#8243;][tm_button_group][tm_button size=&#8221;custom&#8221; button=&#8221;url:https%3A%2F%2Frobusta.ai%2Ftr%2Fdemo-talep-edin%2F|title:Demo%20Talep%20Edin|target:_blank&#8221; width=&#8221;250&#8243;][tm_button style=&#8221;solid&#8221; size=&#8221;custom&#8221; button=&#8221;url:https%3A%2F%2Frobusta.ai%2Ftr%2Filetisim%2F|title:Bize%20Ula%C5%9F%C4%B1n|target:_blank&#8221; color=&#8221;custom&#8221; button_border_color=&#8221;custom&#8221; button_border_color_hover=&#8221;primary&#8221; width=&#8221;162&#8243; custom_button_border_color=&#8221;#dddddd&#8221;][\/tm_button_group][\/vc_column][\/vc_row][vc_row full_width=&#8221;stretch_row&#8221; background_color=&#8221;custom&#8221; custom_background_color=&#8221;#F8F8F8&#8243;][vc_column][tm_spacer size=&#8221;sm:100;lg:120&#8243;][tm_heading tag=&#8221;h4&#8243; custom_google_font=&#8221;&#8221; align=&#8221;center&#8221; font_size=&#8221;sm:28;md:34;lg:40&#8243; line_height=&#8221;1.4&#8243;]T\u00fcm robotlar\u0131n\u0131z lisans ve yetki s\u0131n\u0131rlamas\u0131 olmaks\u0131z\u0131n y\u00f6netim imkan\u0131 [\/tm_heading][tm_spacer size=&#8221;lg:86&#8243;][tm_grid equal_height=&#8221;1&#8243; columns=&#8221;xs:1;sm:2;lg:3&#8243; column_gutter=&#8221;lg:30&#8243; row_gutter=&#8221;lg:30&#8243;][tm_box_image style=&#8221;05&#8243; heading=&#8221;Robotlar\u0131 Tek Noktadan Y\u00f6netin&#8221; text=&#8221;T\u00fcm s\u00fcre\u00e7leriniz ve robotlar\u0131n\u0131z i\u00e7in lisans s\u0131n\u0131rlamas\u0131na gerek kalmadan ayr\u0131nt\u0131l\u0131 \u00f6l\u00e7me ve planlama imkan\u0131&#8221; button=&#8221;url:%23&#8243;][tm_box_image style=&#8221;05&#8243; heading=&#8221;S\u00fcre\u00e7lerinizin \u00c7al\u0131\u015fma Zamanlar\u0131n\u0131 Planlay\u0131n&#8221; text=&#8221;\u0130\u015f s\u00fcre\u00e7lerin \u00f6nceliklendirilmesi ve kuyrukland\u0131r\u0131lmas\u0131 m\u00fcmk\u00fcn&#8221; button=&#8221;|||&#8221;][tm_box_image style=&#8221;05&#8243; heading=&#8221;\u00d6l\u00e7eklenebilir Yap\u0131&#8221; text=&#8221;Kurumsal d\u00fczeyde \u00f6l\u00e7eklenebilir yap\u0131 sayesinde her \u00f6l\u00e7ekten \u015firket i\u00e7in uygun&#8221; button=&#8221;|||&#8221;][tm_box_image style=&#8221;05&#8243; heading=&#8221;Kullan\u0131ma Haz\u0131r Aktiviteler&#8221; text=&#8221;Klavye&amp;fare aktivitelerini i\u00e7eren geni\u015f kapsaml\u0131 k\u00fct\u00fcphane&#8221; button=&#8221;|||&#8221;][tm_box_image style=&#8221;05&#8243; heading=&#8221;Loglama Yetene\u011fi&#8221; text=&#8221;Ayr\u0131nt\u0131l\u0131 denetim ve yap\u0131lan de\u011fi\u015fiklikleri izlemek \u00fczere loglama yetene\u011fi&#8221; button=&#8221;|||&#8221;][tm_box_image style=&#8221;05&#8243; heading=&#8221;Rol Tabanl\u0131 Eri\u015fim&#8221; text=&#8221;Kullan\u0131c\u0131lar\u0131 ve eri\u015fim haklar\u0131n\u0131 y\u00f6netmek i\u00e7in kapsaml\u0131, rol tabanl\u0131 IDM i\u015flevselli\u011fi&#8221; button=&#8221;|||&#8221;][tm_box_image style=&#8221;05&#8243; heading=&#8221;Merkezi Yap\u0131&#8221; text=&#8221;\u0130\u015f s\u00fcre\u00e7lerinin orkestrat\u00f6r \u00fczerinden tek noktadan y\u00f6netilmesi sebebiyle her bir robota s\u00fcre\u00e7leri ve de\u011fi\u015fiklikleri da\u011f\u0131tmaya gerek olmayan merkezi yap\u0131&#8221; button=&#8221;|||&#8221;][tm_box_image style=&#8221;05&#8243; heading=&#8221;H\u0131zl\u0131 ve esnek platform&#8221; text=&#8221;Robotlar\u0131n h\u0131zl\u0131 ve daha esnek bir \u015fekilde \u00e7al\u0131\u015fabilme \u00f6zelli\u011fi&#8221; button=&#8221;|||&#8221;][\/tm_grid][tm_spacer size=&#8221;lg:123&#8243;][\/vc_column][\/vc_row][vc_row full_width=&#8221;stretch_row_content&#8221; content_placement=&#8221;middle&#8221; background_color=&#8221;custom&#8221; background_size=&#8221;auto&#8221; lg_spacing=&#8221;padding_top:40;padding_bottom:40&#8243; custom_background_color=&#8221;#f8f8f8&#8243; background_image=&#8221;725&#8243; background_position=&#8221;center right 40px&#8221; sm_spacing=&#8221;padding_top:100;padding_bottom:100&#8243;][vc_column offset=&#8221;vc_col-md-6&#8243; order=&#8221;sm:3&#8243;][vc_row_inner content_alignment=&#8221;right&#8221; sm_content_alignment=&#8221;center&#8221; max_width=&#8221;600px&#8221;][vc_column_inner][tm_heading style=&#8221;modern&#8221; custom_google_font=&#8221;&#8221; sm_align=&#8221;center&#8221; text_color=&#8221;custom&#8221; custom_text_color=&#8221;#ababab&#8221;]Robusta Kaynaklar\u0131[\/tm_heading][tm_spacer size=&#8221;lg:25&#8243;][tm_heading tag=&#8221;h4&#8243; custom_google_font=&#8221;&#8221; sm_align=&#8221;center&#8221; font_size=&#8221;sm:28;md:34;lg:40&#8243; line_height=&#8221;1.4&#8243;]Robusta Design Studio RPA01 (\u0130\u00e7.Kont.Yaz\u0131l\u0131m\u0131) ile ilgili detayl\u0131 bilgiye buradan ula\u015f\u0131n. [\/tm_heading][tm_spacer size=&#8221;lg:40&#8243;][tm_button size=&#8221;custom&#8221; button=&#8221;url:https%3A%2F%2Frobusta.ai%2Fwp-content%2Fuploads%2F2022%2F04%2F202104_RobustaRPA_Brosur.pdf|title:Bro%C5%9F%C3%BCr%C3%BC%20%C4%B0ndirin|target:_blank&#8221; icon_align=&#8221;left&#8221; sm_align=&#8221;center&#8221; width=&#8221;205&#8243; icon_font_size=&#8221;lg:14&#8243;][\/vc_column_inner][\/vc_row_inner][\/vc_column][vc_column offset=&#8221;vc_col-md-6&#8243;][tm_image align=&#8221;center&#8221; image=&#8221;3302&#8243;][tm_spacer size=&#8221;sm:30&#8243;][\/vc_column][\/vc_row]<\/p>\n","protected":false},"author":2,"featured_media":7199,"parent":0,"menu_order":0,"comment_status":"closed","ping_status":"closed","template":"","meta":{"footnotes":""},"class_list":["post-8608","page","type-page","status-publish","has-post-thumbnail","hentry"],"_links":{"self":[{"href":"https:\/\/robusta.ai\/tr\/wp-json\/wp\/v2\/pages\/8608","targetHints":{"allow":["GET"]}}],"collection":[{"href":"https:\/\/robusta.ai\/tr\/wp-json\/wp\/v2\/pages"}],"about":[{"href":"https:\/\/robusta.ai\/tr\/wp-json\/wp\/v2\/types\/page"}],"author":[{"embeddable":true,"href":"https:\/\/robusta.ai\/tr\/wp-json\/wp\/v2\/users\/2"}],"replies":[{"embeddable":true,"href":"https:\/\/robusta.ai\/tr\/wp-json\/wp\/v2\/comments?post=8608"}],"version-history":[{"count":11,"href":"https:\/\/robusta.ai\/tr\/wp-json\/wp\/v2\/pages\/8608\/revisions"}],"predecessor-version":[{"id":11822,"href":"https:\/\/robusta.ai\/tr\/wp-json\/wp\/v2\/pages\/8608\/revisions\/11822"}],"wp:featuredmedia":[{"embeddable":true,"href":"https:\/\/robusta.ai\/tr\/wp-json\/wp\/v2\/media\/7199"}],"wp:attachment":[{"href":"https:\/\/robusta.ai\/tr\/wp-json\/wp\/v2\/media?parent=8608"}],"curies":[{"name":"wp","href":"https:\/\/api.w.org\/{rel}","templated":true}]}}