{"id":8614,"date":"2022-04-26T16:58:53","date_gmt":"2022-04-26T13:58:53","guid":{"rendered":"https:\/\/robusta.ai\/?page_id=8614"},"modified":"2024-02-23T16:24:49","modified_gmt":"2024-02-23T13:24:49","slug":"robusta-robot","status":"publish","type":"page","link":"https:\/\/robusta.ai\/tr\/robusta-robot\/","title":{"rendered":"Robusta Robot"},"content":{"rendered":"<div class=\"wpb-content-wrapper\"><p>[vc_row full_width=&#8221;stretch_row&#8221; background_image=&#8221;3708&#8243; background_position=&#8221;center&#8221;][vc_column][tm_spacer size=&#8221;sm:150;lg:192&#8243;][tm_heading tag=&#8221;h4&#8243; custom_google_font=&#8221;&#8221; align=&#8221;center&#8221; text_color=&#8221;custom&#8221; custom_text_color=&#8221;#ffffff&#8221; font_size=&#8221;xs:34;sm:44;md:54;lg:64&#8243; line_height=&#8221;1.13&#8243;]Robusta Robot[\/tm_heading][tm_spacer size=&#8221;lg:16&#8243;][tm_heading tag=&#8221;div&#8221; custom_google_font=&#8221;&#8221; font_weight=&#8221;500&#8243; align=&#8221;center&#8221; text_color=&#8221;custom&#8221; custom_text_color=&#8221;#ffffff&#8221; font_size=&#8221;sm:16;md:18;lg:20&#8243; line_height=&#8221;1.2&#8243; max_width=&#8221;740px&#8221;]Robusta Yapay Zeka \u00d6zellikli Dijital \u00c7al\u0131\u015fan Mod\u00fcl\u00fc<br \/>\n( RB-RPA-019, RB-RPA-020 )[\/tm_heading][tm_spacer size=&#8221;lg:21&#8243;][tm_heading tag=&#8221;div&#8221; custom_google_font=&#8221;&#8221; font_weight=&#8221;500&#8243; align=&#8221;center&#8221; text_color=&#8221;custom&#8221; custom_text_color=&#8221;#ffffff&#8221; font_size=&#8221;sm:18;md:21;lg:24&#8243; line_height=&#8221;1.67&#8243; max_width=&#8221;740px&#8221;]Sanal \u00c7al\u0131\u015fanlar\u0131n\u0131z \u0130\u015f Ba\u015f\u0131nda<br \/>\n[\/tm_heading][tm_spacer size=&#8221;sm:120;lg:165&#8243;][\/vc_column][\/vc_row][vc_row][vc_column][tm_spacer size=&#8221;lg:70&#8243;][tm_heading tag=&#8221;h4&#8243; custom_google_font=&#8221;&#8221; align=&#8221;center&#8221; font_size=&#8221;sm:28;md:34;lg:30&#8243; line_height=&#8221;1.4&#8243; max_width=&#8221;600px&#8221;]Kusursuz ve h\u0131zl\u0131 s\u00fcre\u00e7ler i\u00e7in <mark>Robusta<\/mark> sanal i\u015f g\u00fcc\u00fc ile tan\u0131\u015f\u0131n[\/tm_heading][tm_spacer size=&#8221;lg:70&#8243;][\/vc_column][\/vc_row][vc_row sm_spacing=&#8221;padding_bottom:100&#8243; lg_spacing=&#8221;padding_bottom:120&#8243;][vc_column offset=&#8221;vc_col-md-5&#8243;][tm_heading style=&#8221;left-line&#8221; custom_google_font=&#8221;&#8221; font_weight=&#8221;800&#8243; font_size=&#8221;sm:18;md:21;lg:24&#8243; line_height=&#8221;1.67&#8243; max_width=&#8221;400px&#8221;]Robusta\u2019n\u0131n <mark>g\u00fc\u00e7l\u00fc ve esnek<\/mark> robotlar\u0131 dijital ortamda ger\u00e7ekle\u015ftirdi\u011finiz, uzun saatlerinizi alan t\u00fcm i\u015flerinizi yapmaya aday.<br \/>\nMaksimum verimlilik ve kusursuz s\u00fcre\u00e7ler i\u00e7in <mark>robot i\u015fg\u00fcc\u00fcn\u00fc<\/mark> hemen deneyin![\/tm_heading][tm_spacer size=&#8221;sm:30&#8243;][\/vc_column][vc_column offset=&#8221;vc_col-md-7&#8243;][tm_heading tag=&#8221;div&#8221; custom_google_font=&#8221;&#8221; google_fonts=&#8221;font_family:Poppins%3A300%2Cregular%2C500%2C600%2C700|font_style:300%20light%20regular%3A300%3Anormal&#8221; font_size=&#8221;lg:18&#8243; line_height=&#8221;1.67&#8243;]Robusta RPA robotlar\u0131 | Robusta Yapay Zeka \u00d6zellikli Dijital \u00c7al\u0131\u015fan Mod\u00fcl\u00fc ( RB-RPA-019, RB-RPA-020 ) ile s\u00fcre\u00e7lerinizi ger\u00e7ek bir insan\u0131n yapt\u0131\u011f\u0131 \u015fekliyle, uygulamalar ile entegrasyona gerek kalmadan \u00f6n y\u00fczden haberle\u015ferek ger\u00e7ekle\u015ftirir. 7\/24 \u00e7al\u0131\u015fan robotlar t\u00fcm kurumsal uygulama veya modern i\u015f sistemleri, web sitesi, portal, veritaban\u0131 ve i\u00e7erikler ile (\u00f6r. PDF\u2019ler, Excel, XML, Dosyalar \u2026) etkile\u015fimde bulunur. Robusta ile gelen t\u00fcmle\u015fik ve \u00fccretsiz OCR uygulamas\u0131 sayesinde metin s\u0131n\u0131fland\u0131rma, kategorize etme, \u00f6zetleme, imaj i\u015fleme, s\u0131n\u0131fland\u0131rma gibi bir \u00e7ok \u00f6zellik \u00fcr\u00fcn\u00fcn i\u00e7erisinde t\u00fcmle\u015fik olarak bulunuyor. Bu sayede OCR ihtiya\u00e7lar\u0131n\u0131z i\u00e7in g\u00f6r\u00fcnmeyen maliyetlere katlanmak zorunda kalmazs\u0131n\u0131z.[\/tm_heading][tm_spacer size=&#8221;lg:50&#8243;][tm_button_group][tm_button size=&#8221;custom&#8221; button=&#8221;url:https%3A%2F%2Frobusta.ai%2Ftr%2Fdemo-talep-edin%2F|title:Demo%20Talep%20Edin|target:_blank&#8221; width=&#8221;250&#8243;][tm_button style=&#8221;solid&#8221; size=&#8221;custom&#8221; button=&#8221;url:https%3A%2F%2Frobusta.ai%2Ftr%2Filetisim%2F|title:Bize%20Ula%C5%9F%C4%B1n|target:_blank&#8221; color=&#8221;custom&#8221; button_border_color=&#8221;custom&#8221; button_border_color_hover=&#8221;primary&#8221; width=&#8221;162&#8243; custom_button_border_color=&#8221;#dddddd&#8221;][\/tm_button_group][\/vc_column][\/vc_row][vc_row full_width=&#8221;stretch_row&#8221; background_color=&#8221;custom&#8221; custom_background_color=&#8221;#F8F8F8&#8243;][vc_column][tm_spacer size=&#8221;sm:100;lg:120&#8243;][tm_heading tag=&#8221;h4&#8243; custom_google_font=&#8221;&#8221; align=&#8221;center&#8221; font_size=&#8221;sm:28;md:34;lg:40&#8243; line_height=&#8221;1.4&#8243;]Robusta Robotlar\u0131 | Robusta Yapay Zeka \u00d6zellikli Dijital \u00c7al\u0131\u015fan Mod\u00fcl\u00fcn\u00fcn ( RB-RPA-019, RB-RPA-020 )<br \/>\n<mark>Fark Yaratan \u00d6zellikleri<\/mark> [\/tm_heading][tm_spacer size=&#8221;lg:86&#8243;][tm_grid equal_height=&#8221;1&#8243; columns=&#8221;xs:1;sm:2;lg:3&#8243; column_gutter=&#8221;lg:30&#8243; row_gutter=&#8221;lg:30&#8243;][tm_box_image style=&#8221;05&#8243; box_link=&#8221;url:%23&#8243; heading=&#8221;Kapsaml\u0131 K\u00fct\u00fcphane&#8221; text=&#8221;Klavye ve fare, Excel, metin dosyas\u0131, posta, veritaban\u0131, komut sat\u0131r\u0131, PDF, pano ve dosya i\u015flemlerini i\u00e7eren kapsaml\u0131 k\u00fct\u00fcphane&#8221; button=&#8221;|||&#8221;][tm_box_image style=&#8221;05&#8243; box_link=&#8221;url:%23&#8243; heading=&#8221;G\u00f6m\u00fcl\u00fc OCR Avantaj\u0131&#8221; text=&#8221;G\u00f6m\u00fcl\u00fc olarak gelen \u00fccretsiz OCR uygulamas\u0131&#8221; button=&#8221;|||&#8221;][tm_box_image style=&#8221;05&#8243; box_link=&#8221;url:%23&#8243; heading=&#8221;S\u00fcre\u00e7lerinizi Chat-Bot ile Ba\u015flat\u0131n&#8221; text=&#8221;S\u00fcre\u00e7lerin tetiklenmesi, ba\u015flat\u0131lmas\u0131 a\u015famas\u0131nda kullanabilece\u011finiz g\u00f6m\u00fcl\u00fc chat-bot uygulamas\u0131&#8221; button=&#8221;|||&#8221;][tm_box_image style=&#8221;05&#8243; box_link=&#8221;url:%23&#8243; heading=&#8221;Esnek Mimari Yap\u0131&#8221; text=&#8221;\u00dc\u00e7\u00fcnc\u00fc parti bili\u015fsel hizmetlere kolayca ba\u011flanmak i\u00e7in esnek mimari&#8221; button=&#8221;|||&#8221;][tm_box_image style=&#8221;05&#8243; box_link=&#8221;url:%23&#8243; heading=&#8221;Robot Kullan\u0131m\u0131nda Esneklik&#8221; text=&#8221;Kat\u0131l\u0131ml\u0131, kat\u0131l\u0131ms\u0131z ve hibrit modelde robot kullan\u0131m\u0131&#8221; button=&#8221;|||&#8221;][tm_box_image style=&#8221;05&#8243; box_link=&#8221;url:%23&#8243; heading=&#8221;REST Servis Yap\u0131s\u0131&#8221; text=&#8221;Di\u011fer sistemlerden ve i\u015f ak\u0131\u015f\u0131 s\u00fcre\u00e7lerinden \u00e7a\u011fr\u0131labilen REST servis yap\u0131s\u0131&#8221; button=&#8221;|||&#8221;][tm_box_image style=&#8221;05&#8243; box_link=&#8221;url:%23&#8243; heading=&#8221;T\u00fcm Uygulamalar ile E\u015fsiz Uyum&#8221; text=&#8221;Taray\u0131c\u0131 tabanl\u0131 uygulamalar, Windows ve Java uygulamalar\u0131, Oracle EBS, SAP, MS Office, posta istemcileri ve veritabanlar\u0131 gibi mevcut sistemlerinize ba\u011flant\u0131&#8221; button=&#8221;|||&#8221;][\/tm_grid][tm_spacer size=&#8221;lg:123&#8243;][\/vc_column][\/vc_row][vc_row full_width=&#8221;stretch_row_content&#8221; content_placement=&#8221;middle&#8221; background_color=&#8221;custom&#8221; background_size=&#8221;auto&#8221; lg_spacing=&#8221;padding_top:40;padding_bottom:40&#8243; custom_background_color=&#8221;#f8f8f8&#8243; background_image=&#8221;725&#8243; background_position=&#8221;center right 40px&#8221; sm_spacing=&#8221;padding_top:100;padding_bottom:100&#8243;][vc_column offset=&#8221;vc_col-md-6&#8243; order=&#8221;sm:3&#8243;][vc_row_inner content_alignment=&#8221;right&#8221; sm_content_alignment=&#8221;center&#8221; max_width=&#8221;600px&#8221;][vc_column_inner][tm_heading style=&#8221;modern&#8221; custom_google_font=&#8221;&#8221; sm_align=&#8221;center&#8221; text_color=&#8221;custom&#8221; custom_text_color=&#8221;#ababab&#8221;]Robusta Kaynaklar\u0131[\/tm_heading][tm_spacer size=&#8221;lg:25&#8243;][tm_heading tag=&#8221;h4&#8243; custom_google_font=&#8221;&#8221; sm_align=&#8221;center&#8221; font_size=&#8221;sm:18;md:24;lg:34&#8243; line_height=&#8221;1.2&#8243;]Robusta Robotlar\u0131 | Robusta Yapay Zeka \u00d6zellikli Dijital \u00c7al\u0131\u015fan Mod\u00fcl\u00fcn\u00fcn ( RB-RPA-019, RB-RPA-020 ) ile ilgili detayl\u0131 bilgiye<br \/>\n<mark> buradan ula\u015f\u0131n.<\/mark><br \/>\n[\/tm_heading][tm_spacer size=&#8221;lg:40&#8243;][tm_button size=&#8221;custom&#8221; button=&#8221;url:https%3A%2F%2Frobusta.ai%2Fwp-content%2Fuploads%2F2022%2F04%2F202104_RobustaRPA_Brosur.pdf|title:Bro%C5%9F%C3%BCr%C3%BC%20%C4%B0ndirin|target:_blank&#8221; icon_align=&#8221;left&#8221; sm_align=&#8221;center&#8221; width=&#8221;205&#8243; icon_font_size=&#8221;lg:14&#8243;][\/vc_column_inner][\/vc_row_inner][\/vc_column][vc_column offset=&#8221;vc_col-md-6&#8243;][tm_image align=&#8221;center&#8221; image=&#8221;3302&#8243;][tm_spacer size=&#8221;sm:30&#8243;][\/vc_column][\/vc_row]<\/p>\n<\/div>","protected":false},"excerpt":{"rendered":"<p>[vc_row full_width=&#8221;stretch_row&#8221; background_image=&#8221;3708&#8243; background_position=&#8221;center&#8221;][vc_column][tm_spacer size=&#8221;sm:150;lg:192&#8243;][tm_heading tag=&#8221;h4&#8243; custom_google_font=&#8221;&#8221; align=&#8221;center&#8221; text_color=&#8221;custom&#8221; custom_text_color=&#8221;#ffffff&#8221; font_size=&#8221;xs:34;sm:44;md:54;lg:64&#8243; line_height=&#8221;1.13&#8243;]Robusta Robot[\/tm_heading][tm_spacer size=&#8221;lg:16&#8243;][tm_heading tag=&#8221;div&#8221; custom_google_font=&#8221;&#8221; font_weight=&#8221;500&#8243; align=&#8221;center&#8221; text_color=&#8221;custom&#8221; custom_text_color=&#8221;#ffffff&#8221; font_size=&#8221;sm:16;md:18;lg:20&#8243; line_height=&#8221;1.2&#8243; max_width=&#8221;740px&#8221;]Robusta Yapay Zeka \u00d6zellikli Dijital \u00c7al\u0131\u015fan Mod\u00fcl\u00fc ( RB-RPA-019, RB-RPA-020 )[\/tm_heading][tm_spacer size=&#8221;lg:21&#8243;][tm_heading tag=&#8221;div&#8221; custom_google_font=&#8221;&#8221; font_weight=&#8221;500&#8243; align=&#8221;center&#8221; text_color=&#8221;custom&#8221; custom_text_color=&#8221;#ffffff&#8221; font_size=&#8221;sm:18;md:21;lg:24&#8243; line_height=&#8221;1.67&#8243; max_width=&#8221;740px&#8221;]Sanal \u00c7al\u0131\u015fanlar\u0131n\u0131z \u0130\u015f Ba\u015f\u0131nda [\/tm_heading][tm_spacer size=&#8221;sm:120;lg:165&#8243;][\/vc_column][\/vc_row][vc_row][vc_column][tm_spacer size=&#8221;lg:70&#8243;][tm_heading tag=&#8221;h4&#8243; custom_google_font=&#8221;&#8221; align=&#8221;center&#8221; font_size=&#8221;sm:28;md:34;lg:30&#8243; line_height=&#8221;1.4&#8243; max_width=&#8221;600px&#8221;]Kusursuz ve h\u0131zl\u0131 s\u00fcre\u00e7ler i\u00e7in Robusta sanal i\u015f g\u00fcc\u00fc ile tan\u0131\u015f\u0131n[\/tm_heading][tm_spacer size=&#8221;lg:70&#8243;][\/vc_column][\/vc_row][vc_row sm_spacing=&#8221;padding_bottom:100&#8243; lg_spacing=&#8221;padding_bottom:120&#8243;][vc_column offset=&#8221;vc_col-md-5&#8243;][tm_heading style=&#8221;left-line&#8221; custom_google_font=&#8221;&#8221; font_weight=&#8221;800&#8243; font_size=&#8221;sm:18;md:21;lg:24&#8243; line_height=&#8221;1.67&#8243; max_width=&#8221;400px&#8221;]Robusta\u2019n\u0131n g\u00fc\u00e7l\u00fc ve esnek robotlar\u0131 dijital ortamda ger\u00e7ekle\u015ftirdi\u011finiz, uzun saatlerinizi alan t\u00fcm i\u015flerinizi yapmaya aday. Maksimum verimlilik ve kusursuz s\u00fcre\u00e7ler i\u00e7in robot i\u015fg\u00fcc\u00fcn\u00fc hemen deneyin![\/tm_heading][tm_spacer size=&#8221;sm:30&#8243;][\/vc_column][vc_column offset=&#8221;vc_col-md-7&#8243;][tm_heading tag=&#8221;div&#8221; custom_google_font=&#8221;&#8221; google_fonts=&#8221;font_family:Poppins%3A300%2Cregular%2C500%2C600%2C700|font_style:300%20light%20regular%3A300%3Anormal&#8221; font_size=&#8221;lg:18&#8243; line_height=&#8221;1.67&#8243;]Robusta RPA robotlar\u0131 | Robusta Yapay Zeka \u00d6zellikli Dijital \u00c7al\u0131\u015fan Mod\u00fcl\u00fc ( RB-RPA-019, RB-RPA-020 ) ile s\u00fcre\u00e7lerinizi ger\u00e7ek bir insan\u0131n yapt\u0131\u011f\u0131 \u015fekliyle, uygulamalar ile entegrasyona gerek kalmadan \u00f6n y\u00fczden haberle\u015ferek ger\u00e7ekle\u015ftirir. 7\/24 \u00e7al\u0131\u015fan robotlar t\u00fcm kurumsal uygulama veya modern i\u015f sistemleri, web sitesi, portal, veritaban\u0131 ve i\u00e7erikler ile (\u00f6r. PDF\u2019ler, Excel, XML, Dosyalar \u2026) etkile\u015fimde bulunur. Robusta ile gelen t\u00fcmle\u015fik ve \u00fccretsiz OCR uygulamas\u0131 sayesinde metin s\u0131n\u0131fland\u0131rma, kategorize etme, \u00f6zetleme, imaj i\u015fleme, s\u0131n\u0131fland\u0131rma gibi bir \u00e7ok \u00f6zellik \u00fcr\u00fcn\u00fcn i\u00e7erisinde t\u00fcmle\u015fik olarak bulunuyor. Bu sayede OCR ihtiya\u00e7lar\u0131n\u0131z i\u00e7in g\u00f6r\u00fcnmeyen maliyetlere katlanmak zorunda kalmazs\u0131n\u0131z.[\/tm_heading][tm_spacer size=&#8221;lg:50&#8243;][tm_button_group][tm_button size=&#8221;custom&#8221; button=&#8221;url:https%3A%2F%2Frobusta.ai%2Ftr%2Fdemo-talep-edin%2F|title:Demo%20Talep%20Edin|target:_blank&#8221; width=&#8221;250&#8243;][tm_button style=&#8221;solid&#8221; size=&#8221;custom&#8221; button=&#8221;url:https%3A%2F%2Frobusta.ai%2Ftr%2Filetisim%2F|title:Bize%20Ula%C5%9F%C4%B1n|target:_blank&#8221; color=&#8221;custom&#8221; button_border_color=&#8221;custom&#8221; button_border_color_hover=&#8221;primary&#8221; width=&#8221;162&#8243; custom_button_border_color=&#8221;#dddddd&#8221;][\/tm_button_group][\/vc_column][\/vc_row][vc_row full_width=&#8221;stretch_row&#8221; background_color=&#8221;custom&#8221; custom_background_color=&#8221;#F8F8F8&#8243;][vc_column][tm_spacer size=&#8221;sm:100;lg:120&#8243;][tm_heading tag=&#8221;h4&#8243; custom_google_font=&#8221;&#8221; align=&#8221;center&#8221; font_size=&#8221;sm:28;md:34;lg:40&#8243; line_height=&#8221;1.4&#8243;]Robusta Robotlar\u0131 | Robusta Yapay Zeka \u00d6zellikli Dijital \u00c7al\u0131\u015fan Mod\u00fcl\u00fcn\u00fcn ( RB-RPA-019, RB-RPA-020 ) Fark Yaratan \u00d6zellikleri [\/tm_heading][tm_spacer size=&#8221;lg:86&#8243;][tm_grid equal_height=&#8221;1&#8243; columns=&#8221;xs:1;sm:2;lg:3&#8243; column_gutter=&#8221;lg:30&#8243; row_gutter=&#8221;lg:30&#8243;][tm_box_image style=&#8221;05&#8243; box_link=&#8221;url:%23&#8243; heading=&#8221;Kapsaml\u0131 K\u00fct\u00fcphane&#8221; text=&#8221;Klavye ve fare, Excel, metin dosyas\u0131, posta, veritaban\u0131, komut sat\u0131r\u0131, PDF, pano ve dosya i\u015flemlerini i\u00e7eren kapsaml\u0131 k\u00fct\u00fcphane&#8221; button=&#8221;|||&#8221;][tm_box_image style=&#8221;05&#8243; box_link=&#8221;url:%23&#8243; heading=&#8221;G\u00f6m\u00fcl\u00fc OCR Avantaj\u0131&#8221; text=&#8221;G\u00f6m\u00fcl\u00fc olarak gelen \u00fccretsiz OCR uygulamas\u0131&#8221; button=&#8221;|||&#8221;][tm_box_image style=&#8221;05&#8243; box_link=&#8221;url:%23&#8243; heading=&#8221;S\u00fcre\u00e7lerinizi Chat-Bot ile Ba\u015flat\u0131n&#8221; text=&#8221;S\u00fcre\u00e7lerin tetiklenmesi, ba\u015flat\u0131lmas\u0131 a\u015famas\u0131nda kullanabilece\u011finiz g\u00f6m\u00fcl\u00fc chat-bot uygulamas\u0131&#8221; button=&#8221;|||&#8221;][tm_box_image style=&#8221;05&#8243; box_link=&#8221;url:%23&#8243; heading=&#8221;Esnek Mimari Yap\u0131&#8221; text=&#8221;\u00dc\u00e7\u00fcnc\u00fc parti bili\u015fsel hizmetlere kolayca ba\u011flanmak i\u00e7in esnek mimari&#8221; button=&#8221;|||&#8221;][tm_box_image style=&#8221;05&#8243; box_link=&#8221;url:%23&#8243; heading=&#8221;Robot Kullan\u0131m\u0131nda Esneklik&#8221; text=&#8221;Kat\u0131l\u0131ml\u0131, kat\u0131l\u0131ms\u0131z ve hibrit modelde robot kullan\u0131m\u0131&#8221; button=&#8221;|||&#8221;][tm_box_image style=&#8221;05&#8243; box_link=&#8221;url:%23&#8243; heading=&#8221;REST Servis Yap\u0131s\u0131&#8221; text=&#8221;Di\u011fer sistemlerden ve i\u015f ak\u0131\u015f\u0131 s\u00fcre\u00e7lerinden \u00e7a\u011fr\u0131labilen REST servis yap\u0131s\u0131&#8221; button=&#8221;|||&#8221;][tm_box_image style=&#8221;05&#8243; box_link=&#8221;url:%23&#8243; heading=&#8221;T\u00fcm Uygulamalar ile E\u015fsiz Uyum&#8221; text=&#8221;Taray\u0131c\u0131 tabanl\u0131 uygulamalar, Windows ve Java uygulamalar\u0131, Oracle EBS, SAP, MS Office, posta istemcileri ve veritabanlar\u0131 gibi mevcut sistemlerinize ba\u011flant\u0131&#8221; button=&#8221;|||&#8221;][\/tm_grid][tm_spacer size=&#8221;lg:123&#8243;][\/vc_column][\/vc_row][vc_row full_width=&#8221;stretch_row_content&#8221; content_placement=&#8221;middle&#8221; background_color=&#8221;custom&#8221; background_size=&#8221;auto&#8221; lg_spacing=&#8221;padding_top:40;padding_bottom:40&#8243; custom_background_color=&#8221;#f8f8f8&#8243; background_image=&#8221;725&#8243; background_position=&#8221;center right 40px&#8221; sm_spacing=&#8221;padding_top:100;padding_bottom:100&#8243;][vc_column offset=&#8221;vc_col-md-6&#8243; order=&#8221;sm:3&#8243;][vc_row_inner content_alignment=&#8221;right&#8221; sm_content_alignment=&#8221;center&#8221; max_width=&#8221;600px&#8221;][vc_column_inner][tm_heading style=&#8221;modern&#8221; custom_google_font=&#8221;&#8221; sm_align=&#8221;center&#8221; text_color=&#8221;custom&#8221; custom_text_color=&#8221;#ababab&#8221;]Robusta Kaynaklar\u0131[\/tm_heading][tm_spacer size=&#8221;lg:25&#8243;][tm_heading tag=&#8221;h4&#8243; custom_google_font=&#8221;&#8221; sm_align=&#8221;center&#8221; font_size=&#8221;sm:18;md:24;lg:34&#8243; line_height=&#8221;1.2&#8243;]Robusta Robotlar\u0131 | Robusta Yapay Zeka \u00d6zellikli Dijital \u00c7al\u0131\u015fan Mod\u00fcl\u00fcn\u00fcn ( RB-RPA-019, RB-RPA-020 ) ile ilgili detayl\u0131 bilgiye buradan ula\u015f\u0131n. [\/tm_heading][tm_spacer size=&#8221;lg:40&#8243;][tm_button size=&#8221;custom&#8221; button=&#8221;url:https%3A%2F%2Frobusta.ai%2Fwp-content%2Fuploads%2F2022%2F04%2F202104_RobustaRPA_Brosur.pdf|title:Bro%C5%9F%C3%BCr%C3%BC%20%C4%B0ndirin|target:_blank&#8221; icon_align=&#8221;left&#8221; sm_align=&#8221;center&#8221; width=&#8221;205&#8243; icon_font_size=&#8221;lg:14&#8243;][\/vc_column_inner][\/vc_row_inner][\/vc_column][vc_column offset=&#8221;vc_col-md-6&#8243;][tm_image align=&#8221;center&#8221; image=&#8221;3302&#8243;][tm_spacer size=&#8221;sm:30&#8243;][\/vc_column][\/vc_row]<\/p>\n","protected":false},"author":2,"featured_media":0,"parent":0,"menu_order":0,"comment_status":"closed","ping_status":"closed","template":"","meta":{"footnotes":""},"class_list":["post-8614","page","type-page","status-publish","hentry","post-no-thumbnail"],"_links":{"self":[{"href":"https:\/\/robusta.ai\/tr\/wp-json\/wp\/v2\/pages\/8614","targetHints":{"allow":["GET"]}}],"collection":[{"href":"https:\/\/robusta.ai\/tr\/wp-json\/wp\/v2\/pages"}],"about":[{"href":"https:\/\/robusta.ai\/tr\/wp-json\/wp\/v2\/types\/page"}],"author":[{"embeddable":true,"href":"https:\/\/robusta.ai\/tr\/wp-json\/wp\/v2\/users\/2"}],"replies":[{"embeddable":true,"href":"https:\/\/robusta.ai\/tr\/wp-json\/wp\/v2\/comments?post=8614"}],"version-history":[{"count":14,"href":"https:\/\/robusta.ai\/tr\/wp-json\/wp\/v2\/pages\/8614\/revisions"}],"predecessor-version":[{"id":9006,"href":"https:\/\/robusta.ai\/tr\/wp-json\/wp\/v2\/pages\/8614\/revisions\/9006"}],"wp:attachment":[{"href":"https:\/\/robusta.ai\/tr\/wp-json\/wp\/v2\/media?parent=8614"}],"curies":[{"name":"wp","href":"https:\/\/api.w.org\/{rel}","templated":true}]}}