{"id":8624,"date":"2022-04-26T17:01:16","date_gmt":"2022-04-26T14:01:16","guid":{"rendered":"https:\/\/robusta.ai\/?page_id=8624"},"modified":"2024-07-05T14:24:35","modified_gmt":"2024-07-05T11:24:35","slug":"robusta-hakkinda","status":"publish","type":"page","link":"https:\/\/robusta.ai\/tr\/robusta-hakkinda\/","title":{"rendered":"Robusta Hakk\u0131nda"},"content":{"rendered":"<div class=\"wpb-content-wrapper\"><p>[vc_row full_width=&#8221;stretch_row&#8221; background_image=&#8221;9420&#8243; background_position=&#8221;center&#8221;][vc_column][tm_spacer size=&#8221;sm:150;lg:192&#8243;][tm_heading tag=&#8221;h4&#8243; custom_google_font=&#8221;&#8221; align=&#8221;center&#8221; text_color=&#8221;custom&#8221; custom_text_color=&#8221;#ffffff&#8221; font_size=&#8221;xs:34;sm:44;md:54;lg:64&#8243; line_height=&#8221;1.13&#8243;]\u015eirketimiz[\/tm_heading][tm_spacer size=&#8221;lg:21&#8243;][tm_spacer size=&#8221;lg:21&#8243;][\/vc_column][\/vc_row][vc_row custom_border_color=&#8221;#1e73be&#8221;][vc_column][tm_spacer size=&#8221;lg:118&#8243;][tm_heading tag=&#8221;h6&#8243; custom_google_font=&#8221;&#8221; align=&#8221;center&#8221; font_size=&#8221;sm:28;md:34;lg:40&#8243; line_height=&#8221;1.4&#8243; max_width=&#8221;1040px&#8221;]Robusta Hakk\u0131nda[\/tm_heading][tm_spacer size=&#8221;lg:100&#8243;][\/vc_column][\/vc_row][vc_row sm_spacing=&#8221;padding_bottom:100&#8243; lg_spacing=&#8221;padding_bottom:120&#8243;][vc_column offset=&#8221;vc_col-md-5&#8243;][tm_heading style=&#8221;left-line&#8221; custom_google_font=&#8221;&#8221; font_weight=&#8221;800&#8243; font_size=&#8221;sm:18;md:21;lg:24&#8243; line_height=&#8221;1.67&#8243; max_width=&#8221;400px&#8221;]Her bir bireyin i\u015f ve g\u00fcnl\u00fck hayattaki mutlulu\u011funu, verimlili\u011fini, ba\u015far\u0131s\u0131n\u0131 art\u0131rmas\u0131 i\u00e7in <mark>bir robota sahip oldu\u011fu bir d\u00fcnyaya <\/mark>ula\u015fmak i\u00e7in \u00e7al\u0131\u015f\u0131yoruz. [\/tm_heading][tm_spacer size=&#8221;sm:30&#8243;][\/vc_column][vc_column offset=&#8221;vc_col-md-7&#8243;][tm_heading tag=&#8221;div&#8221; custom_google_font=&#8221;&#8221; font_size=&#8221;lg:18&#8243; line_height=&#8221;1.67&#8243;]Robusta, kurulu\u015flar\u0131n i\u015f s\u00fcre\u00e7lerinin, yaz\u0131l\u0131m geli\u015ftirme bilgisine ihtiya\u00e7 duymadan, verimli bir \u015fekilde otomasyonunu sa\u011flayan ve Robotik S\u00fcre\u00e7 Otomasyonu (RPA) alan\u0131nda faaliyet g\u00f6steren bir teknoloji \u015firketidir.<\/p>\n<p>Geli\u015fmi\u015f m\u00fchendisli\u011fi kullan\u0131c\u0131 odakl\u0131 bir yakla\u015f\u0131mla birle\u015ftiren Robusta, geli\u015ftirdi\u011fi no code RPA Platformu ile i\u015f s\u00fcre\u00e7lerini otomatize etmek ve kendini dijital olarak d\u00f6n\u00fc\u015ft\u00fcrmek isteyen her b\u00fcy\u00fckl\u00fckteki kurulu\u015f i\u00e7in robotik ve bili\u015fsel otomasyon \u00fcr\u00fcnleri sunar.<\/p>\n<p>Robusta, kullan\u0131m\u0131 ve \u00f6\u011frenmesi kolay, i\u015f s\u00fcreci y\u00f6netim motoru (BPM) tabanl\u0131, AI teknolojileri ile entegre platformu sayesinde i\u015f ihtiya\u00e7lar\u0131na g\u00f6re uyarlanm\u0131\u015f h\u0131zl\u0131, pratik, esnek ve \u00f6l\u00e7eklenebilir \u00fcr\u00fcnlerle verimlili\u011fi art\u0131r\u0131rken maliyetleri d\u00fc\u015f\u00fcr\u00fcr.[\/tm_heading][tm_spacer size=&#8221;lg:50&#8243;][\/vc_column][\/vc_row][vc_row full_width=&#8221;stretch_row_content&#8221;][vc_column][tm_spacer size=&#8221;lg:50&#8243;][tm_grid align=&#8221;center&#8221; equal_height=&#8221;1&#8243; columns=&#8221;xs:1;lg:2&#8243; row_gutter=&#8221;lg:30&#8243; max_width=&#8221;lg:1230&#8243;][tm_box_icon style=&#8221;03&#8243; icon_type=&#8221;fontawesome5&#8243; icon_fontawesome5=&#8221;fal fa-chart-network&#8221; box_link=&#8221;title:24%2F7%20Support|rel:nofollow&#8221; heading=&#8221;Yenilik\u00e7ilik&#8221; text=&#8221;Robusta olarak yola \u00e7\u0131kt\u0131\u011f\u0131m\u0131z ilk g\u00fcnden bu yana en b\u00fcy\u00fck de\u011fer ve ilkemiz olan yenilik\u00e7ilik sayesinde \u00fcr\u00fcn\u00fcm\u00fcz\u00fc her ge\u00e7en g\u00fcn en yeni teknolojiler ile donat\u0131yoruz. Biliyoruz ki yenilik\u00e7ilik hayatta b\u00fcy\u00fcmek i\u00e7in en iyi yoldur.&#8221; button=&#8221;|||&#8221;][tm_box_icon style=&#8221;03&#8243; icon_type=&#8221;fontawesome5&#8243; icon_fontawesome5=&#8221;fal fa-user-tie&#8221; box_link=&#8221;title:Top%20Security|rel:nofollow&#8221; heading=&#8221;M\u00fc\u015fteri Odakl\u0131l\u0131k&#8221; text=&#8221;M\u00fc\u015fterilerimizin ihtiya\u00e7lar\u0131n\u0131 ve beklentilerini do\u011fru bir \u015fekilde analiz ederek her bir m\u00fc\u015fterimiz i\u00e7in kendi dinamiklerine ve ihtiya\u00e7lar\u0131na uygun \u00e7\u00f6z\u00fcmler sunuyoruz.&#8221; button=&#8221;|||&#8221;][tm_box_icon style=&#8221;03&#8243; icon_type=&#8221;fontawesome5&#8243; icon_fontawesome5=&#8221;fal fa-cog&#8221; box_link=&#8221;title:API%20for%20All%20Services|rel:nofollow&#8221; heading=&#8221;\u00c7eviklik&#8221; text=&#8221;\u0130\u015f d\u00fcnyas\u0131n\u0131n h\u0131zl\u0131, de\u011fi\u015fen g\u00fcndem ve ihtiya\u00e7lar\u0131na yan\u0131t verebilmek \u00fczere \u00fcr\u00fcn ve hizmetlerimizi \u00e7evik ve dinamik bir yakla\u015f\u0131mla sunuyoruz.&#8221; button=&#8221;|||&#8221;][tm_box_icon style=&#8221;03&#8243; icon_type=&#8221;fontawesome5&#8243; icon_fontawesome5=&#8221;fal fa-user-shield&#8221; box_link=&#8221;title:Reliability|rel:nofollow&#8221; heading=&#8221;G\u00fcven&#8221; text=&#8221;Bir kurumda varolan en \u00f6nemli de\u011ferin g\u00fcven oldu\u011funu biliyor, bu bilgi \u0131\u015f\u0131\u011f\u0131nda \u00e7al\u0131\u015fanlar\u0131m\u0131z, m\u00fc\u015fterilerimiz ve i\u015f ortaklar\u0131m\u0131z ile ili\u015fkilerimizde g\u00fcveni \u00f6n planda tutuyoruz.&#8221; button=&#8221;|||&#8221;][\/tm_grid][tm_spacer size=&#8221;lg:100&#8243;][\/vc_column][\/vc_row][vc_row full_width=&#8221;stretch_row&#8221; disable_element=&#8221;yes&#8221;][vc_column][tm_spacer size=&#8221;lg:106&#8243;][tm_grid centered_items=&#8221;1&#8243; equal_height=&#8221;1&#8243; columns=&#8221;xs:1;sm:1;lg:4&#8243; column_gutter=&#8221;lg:30&#8243; row_gutter=&#8221;lg:30&#8243; item_max_width=&#8221;lg:370&#8243;][tm_box_image style=&#8221;06&#8243; align=&#8221;center&#8221; heading=&#8221;Yenilik\u00e7ilik&#8221; text=&#8221;Robusta olarak yola \u00e7\u0131kt\u0131\u011f\u0131m\u0131z ilk g\u00fcnden bu yana en b\u00fcy\u00fck de\u011fer ve \u00fclkemiz olan yenilik\u00e7ilik sayesinde \u00fcr\u00fcn\u00fcm\u00fcz\u00fc her ge\u00e7en g\u00fcn en yeni teknolojiler ile donat\u0131yoruz. Biliyoruz ki yenilik\u00e7ili\u011fin hayatta b\u00fcy\u00fcmek i\u00e7in en iyi yoldur. Yenilik\u00e7ili\u011fe h\u0131z vermeyenler yok olmaya mahkumdur.&#8221; image=&#8221;1068&#8243; box_link=&#8221;url:%23|title:%20&#8243;][tm_box_image style=&#8221;06&#8243; align=&#8221;center&#8221; heading=&#8221;M\u00fc\u015fteri Odakl\u0131l\u0131k&#8221; text=&#8221;M\u00fc\u015fterilerimizin ihtiya\u00e7lar\u0131n\u0131 ve beklentilerini do\u011fru bir \u015fekilde analiz ederek her bir m\u00fc\u015fterimiz i\u00e7in kendi dinamiklerine ve ihtiya\u00e7lar\u0131na uygun \u00e7\u00f6z\u00fcmler sunuyoruz.&#8221; image=&#8221;1067&#8243;][tm_box_image style=&#8221;06&#8243; align=&#8221;center&#8221; heading=&#8221;\u00c7eviklik&#8221; text=&#8221;\u0130\u015f d\u00fcnyas\u0131n\u0131n h\u0131zl\u0131, de\u011fi\u015fen d\u00fcndem ve ihtiya\u00e7lar\u0131na yan\u0131t verebilmek \u00fczere \u00fcr\u00fcn ve hizmetlerimizi \u00e7evik ve dinamik bir yakla\u015f\u0131mla sunuyoruz.&#8221; image=&#8221;1066&#8243;][tm_box_image style=&#8221;06&#8243; align=&#8221;center&#8221; heading=&#8221;G\u00fcven&#8221; text=&#8221;Bir kurumda varolan en \u00f6nemli de\u011ferin g\u00fcven oldu\u011funu biliyor, bu bilgi \u0131\u015f\u0131\u011f\u0131nda \u00e7al\u0131\u015fanlar\u0131m\u0131z, m\u00fc\u015fterilerimiz ve i\u015f ortaklar\u0131m\u0131z ile ili\u015fkilerimizde g\u00fcveni \u00f6n planda tutuyoruz.&#8221; image=&#8221;1066&#8243;][\/tm_grid][tm_spacer size=&#8221;lg:70&#8243;][\/vc_column][\/vc_row][vc_row full_width=&#8221;stretch_row_content&#8221; content_placement=&#8221;middle&#8221; background_color=&#8221;custom&#8221; background_size=&#8221;auto&#8221; lg_spacing=&#8221;padding_top:40;padding_bottom:40&#8243; custom_background_color=&#8221;#f8f8f8&#8243; background_image=&#8221;725&#8243; background_position=&#8221;center right 40px&#8221; sm_spacing=&#8221;padding_top:100;padding_bottom:100&#8243;][vc_column offset=&#8221;vc_col-md-6&#8243; order=&#8221;sm:3&#8243;][vc_row_inner content_alignment=&#8221;right&#8221; sm_content_alignment=&#8221;center&#8221; max_width=&#8221;600px&#8221;][vc_column_inner][tm_heading style=&#8221;modern&#8221; custom_google_font=&#8221;&#8221; sm_align=&#8221;center&#8221; text_color=&#8221;custom&#8221; custom_text_color=&#8221;#ababab&#8221;]Robusta Dok\u00fcman K\u00fct\u00fcphanesi[\/tm_heading][tm_spacer size=&#8221;lg:25&#8243;][tm_heading tag=&#8221;h4&#8243; custom_google_font=&#8221;&#8221; sm_align=&#8221;center&#8221; font_size=&#8221;sm:28;md:34;lg:40&#8243; line_height=&#8221;1.4&#8243;]Robusta&#8217;n\u0131n \u00fcr\u00fcn ve \u00e7\u00f6z\u00fcmleri ile ilgili bilgilere <mark> buradan ula\u015f\u0131n. <\/mark><br \/>\n[\/tm_heading][tm_spacer size=&#8221;lg:40&#8243;][tm_button size=&#8221;custom&#8221; button=&#8221;url:%2Ftr%2Fpdf-kutuphanesi%2F|title:T%C3%BCm%20bro%C5%9F%C3%BCrler|target:_blank&#8221; icon_align=&#8221;left&#8221; sm_align=&#8221;center&#8221; width=&#8221;205&#8243; icon_font_size=&#8221;lg:14&#8243;][\/vc_column_inner][\/vc_row_inner][\/vc_column][vc_column offset=&#8221;vc_col-md-6&#8243;][tm_image align=&#8221;center&#8221; image=&#8221;3302&#8243;][tm_spacer size=&#8221;sm:30&#8243;][\/vc_column][\/vc_row]<\/p>\n<\/div>","protected":false},"excerpt":{"rendered":"<p>[vc_row full_width=&#8221;stretch_row&#8221; background_image=&#8221;9420&#8243; background_position=&#8221;center&#8221;][vc_column][tm_spacer size=&#8221;sm:150;lg:192&#8243;][tm_heading tag=&#8221;h4&#8243; custom_google_font=&#8221;&#8221; align=&#8221;center&#8221; text_color=&#8221;custom&#8221; custom_text_color=&#8221;#ffffff&#8221; font_size=&#8221;xs:34;sm:44;md:54;lg:64&#8243; line_height=&#8221;1.13&#8243;]\u015eirketimiz[\/tm_heading][tm_spacer size=&#8221;lg:21&#8243;][tm_spacer size=&#8221;lg:21&#8243;][\/vc_column][\/vc_row][vc_row custom_border_color=&#8221;#1e73be&#8221;][vc_column][tm_spacer size=&#8221;lg:118&#8243;][tm_heading tag=&#8221;h6&#8243; custom_google_font=&#8221;&#8221; align=&#8221;center&#8221; font_size=&#8221;sm:28;md:34;lg:40&#8243; line_height=&#8221;1.4&#8243; max_width=&#8221;1040px&#8221;]Robusta Hakk\u0131nda[\/tm_heading][tm_spacer size=&#8221;lg:100&#8243;][\/vc_column][\/vc_row][vc_row sm_spacing=&#8221;padding_bottom:100&#8243; lg_spacing=&#8221;padding_bottom:120&#8243;][vc_column offset=&#8221;vc_col-md-5&#8243;][tm_heading style=&#8221;left-line&#8221; custom_google_font=&#8221;&#8221; font_weight=&#8221;800&#8243; font_size=&#8221;sm:18;md:21;lg:24&#8243; line_height=&#8221;1.67&#8243; max_width=&#8221;400px&#8221;]Her bir bireyin i\u015f ve g\u00fcnl\u00fck hayattaki mutlulu\u011funu, verimlili\u011fini, ba\u015far\u0131s\u0131n\u0131 art\u0131rmas\u0131 i\u00e7in bir robota sahip oldu\u011fu bir d\u00fcnyaya ula\u015fmak i\u00e7in \u00e7al\u0131\u015f\u0131yoruz. [\/tm_heading][tm_spacer size=&#8221;sm:30&#8243;][\/vc_column][vc_column offset=&#8221;vc_col-md-7&#8243;][tm_heading tag=&#8221;div&#8221; custom_google_font=&#8221;&#8221; font_size=&#8221;lg:18&#8243; line_height=&#8221;1.67&#8243;]Robusta, kurulu\u015flar\u0131n i\u015f s\u00fcre\u00e7lerinin, yaz\u0131l\u0131m geli\u015ftirme bilgisine ihtiya\u00e7 duymadan, verimli bir \u015fekilde otomasyonunu sa\u011flayan ve Robotik S\u00fcre\u00e7 Otomasyonu (RPA) alan\u0131nda faaliyet g\u00f6steren bir teknoloji \u015firketidir. Geli\u015fmi\u015f m\u00fchendisli\u011fi kullan\u0131c\u0131 odakl\u0131 bir yakla\u015f\u0131mla birle\u015ftiren Robusta, geli\u015ftirdi\u011fi no code RPA Platformu ile i\u015f s\u00fcre\u00e7lerini otomatize etmek ve kendini dijital olarak d\u00f6n\u00fc\u015ft\u00fcrmek isteyen her b\u00fcy\u00fckl\u00fckteki kurulu\u015f i\u00e7in robotik ve bili\u015fsel otomasyon \u00fcr\u00fcnleri sunar. Robusta, kullan\u0131m\u0131 ve \u00f6\u011frenmesi kolay, i\u015f s\u00fcreci y\u00f6netim motoru (BPM) tabanl\u0131, AI teknolojileri ile entegre platformu sayesinde i\u015f ihtiya\u00e7lar\u0131na g\u00f6re uyarlanm\u0131\u015f h\u0131zl\u0131, pratik, esnek ve \u00f6l\u00e7eklenebilir \u00fcr\u00fcnlerle verimlili\u011fi art\u0131r\u0131rken maliyetleri d\u00fc\u015f\u00fcr\u00fcr.[\/tm_heading][tm_spacer size=&#8221;lg:50&#8243;][\/vc_column][\/vc_row][vc_row full_width=&#8221;stretch_row_content&#8221;][vc_column][tm_spacer size=&#8221;lg:50&#8243;][tm_grid align=&#8221;center&#8221; equal_height=&#8221;1&#8243; columns=&#8221;xs:1;lg:2&#8243; row_gutter=&#8221;lg:30&#8243; max_width=&#8221;lg:1230&#8243;][tm_box_icon style=&#8221;03&#8243; icon_type=&#8221;fontawesome5&#8243; icon_fontawesome5=&#8221;fal fa-chart-network&#8221; box_link=&#8221;title:24%2F7%20Support|rel:nofollow&#8221; heading=&#8221;Yenilik\u00e7ilik&#8221; text=&#8221;Robusta olarak yola \u00e7\u0131kt\u0131\u011f\u0131m\u0131z ilk g\u00fcnden bu yana en b\u00fcy\u00fck de\u011fer ve ilkemiz olan yenilik\u00e7ilik sayesinde \u00fcr\u00fcn\u00fcm\u00fcz\u00fc her ge\u00e7en g\u00fcn en yeni teknolojiler ile donat\u0131yoruz. Biliyoruz ki yenilik\u00e7ilik hayatta b\u00fcy\u00fcmek i\u00e7in en iyi yoldur.&#8221; button=&#8221;|||&#8221;][tm_box_icon style=&#8221;03&#8243; icon_type=&#8221;fontawesome5&#8243; icon_fontawesome5=&#8221;fal fa-user-tie&#8221; box_link=&#8221;title:Top%20Security|rel:nofollow&#8221; heading=&#8221;M\u00fc\u015fteri Odakl\u0131l\u0131k&#8221; text=&#8221;M\u00fc\u015fterilerimizin ihtiya\u00e7lar\u0131n\u0131 ve beklentilerini do\u011fru bir \u015fekilde analiz ederek her bir m\u00fc\u015fterimiz i\u00e7in kendi dinamiklerine ve ihtiya\u00e7lar\u0131na uygun \u00e7\u00f6z\u00fcmler sunuyoruz.&#8221; button=&#8221;|||&#8221;][tm_box_icon style=&#8221;03&#8243; icon_type=&#8221;fontawesome5&#8243; icon_fontawesome5=&#8221;fal fa-cog&#8221; box_link=&#8221;title:API%20for%20All%20Services|rel:nofollow&#8221; heading=&#8221;\u00c7eviklik&#8221; text=&#8221;\u0130\u015f d\u00fcnyas\u0131n\u0131n h\u0131zl\u0131, de\u011fi\u015fen g\u00fcndem ve ihtiya\u00e7lar\u0131na yan\u0131t verebilmek \u00fczere \u00fcr\u00fcn ve hizmetlerimizi \u00e7evik ve dinamik bir yakla\u015f\u0131mla sunuyoruz.&#8221; button=&#8221;|||&#8221;][tm_box_icon style=&#8221;03&#8243; icon_type=&#8221;fontawesome5&#8243; icon_fontawesome5=&#8221;fal fa-user-shield&#8221; box_link=&#8221;title:Reliability|rel:nofollow&#8221; heading=&#8221;G\u00fcven&#8221; text=&#8221;Bir kurumda varolan en \u00f6nemli de\u011ferin g\u00fcven oldu\u011funu biliyor, bu bilgi \u0131\u015f\u0131\u011f\u0131nda \u00e7al\u0131\u015fanlar\u0131m\u0131z, m\u00fc\u015fterilerimiz ve i\u015f ortaklar\u0131m\u0131z ile ili\u015fkilerimizde g\u00fcveni \u00f6n planda tutuyoruz.&#8221; button=&#8221;|||&#8221;][\/tm_grid][tm_spacer size=&#8221;lg:100&#8243;][\/vc_column][\/vc_row][vc_row full_width=&#8221;stretch_row&#8221; disable_element=&#8221;yes&#8221;][vc_column][tm_spacer size=&#8221;lg:106&#8243;][tm_grid centered_items=&#8221;1&#8243; equal_height=&#8221;1&#8243; columns=&#8221;xs:1;sm:1;lg:4&#8243; column_gutter=&#8221;lg:30&#8243; row_gutter=&#8221;lg:30&#8243; item_max_width=&#8221;lg:370&#8243;][tm_box_image style=&#8221;06&#8243; align=&#8221;center&#8221; heading=&#8221;Yenilik\u00e7ilik&#8221; text=&#8221;Robusta olarak yola \u00e7\u0131kt\u0131\u011f\u0131m\u0131z ilk g\u00fcnden bu yana en b\u00fcy\u00fck de\u011fer ve \u00fclkemiz olan yenilik\u00e7ilik sayesinde \u00fcr\u00fcn\u00fcm\u00fcz\u00fc her ge\u00e7en g\u00fcn en yeni teknolojiler ile donat\u0131yoruz. Biliyoruz ki yenilik\u00e7ili\u011fin hayatta b\u00fcy\u00fcmek i\u00e7in en iyi yoldur. Yenilik\u00e7ili\u011fe h\u0131z vermeyenler yok olmaya mahkumdur.&#8221; image=&#8221;1068&#8243; box_link=&#8221;url:%23|title:%20&#8243;][tm_box_image style=&#8221;06&#8243; align=&#8221;center&#8221; heading=&#8221;M\u00fc\u015fteri Odakl\u0131l\u0131k&#8221; text=&#8221;M\u00fc\u015fterilerimizin ihtiya\u00e7lar\u0131n\u0131 ve beklentilerini do\u011fru bir \u015fekilde analiz ederek her bir m\u00fc\u015fterimiz i\u00e7in kendi dinamiklerine ve ihtiya\u00e7lar\u0131na uygun \u00e7\u00f6z\u00fcmler sunuyoruz.&#8221; image=&#8221;1067&#8243;][tm_box_image style=&#8221;06&#8243; align=&#8221;center&#8221; heading=&#8221;\u00c7eviklik&#8221; text=&#8221;\u0130\u015f d\u00fcnyas\u0131n\u0131n h\u0131zl\u0131, de\u011fi\u015fen d\u00fcndem ve ihtiya\u00e7lar\u0131na yan\u0131t verebilmek \u00fczere \u00fcr\u00fcn ve hizmetlerimizi \u00e7evik ve dinamik bir yakla\u015f\u0131mla sunuyoruz.&#8221; image=&#8221;1066&#8243;][tm_box_image style=&#8221;06&#8243; align=&#8221;center&#8221; heading=&#8221;G\u00fcven&#8221; text=&#8221;Bir kurumda varolan en \u00f6nemli de\u011ferin g\u00fcven oldu\u011funu biliyor, bu bilgi \u0131\u015f\u0131\u011f\u0131nda \u00e7al\u0131\u015fanlar\u0131m\u0131z, m\u00fc\u015fterilerimiz ve i\u015f ortaklar\u0131m\u0131z ile ili\u015fkilerimizde g\u00fcveni \u00f6n planda tutuyoruz.&#8221; image=&#8221;1066&#8243;][\/tm_grid][tm_spacer size=&#8221;lg:70&#8243;][\/vc_column][\/vc_row][vc_row full_width=&#8221;stretch_row_content&#8221; content_placement=&#8221;middle&#8221; background_color=&#8221;custom&#8221; background_size=&#8221;auto&#8221; lg_spacing=&#8221;padding_top:40;padding_bottom:40&#8243; custom_background_color=&#8221;#f8f8f8&#8243; background_image=&#8221;725&#8243; background_position=&#8221;center right 40px&#8221; sm_spacing=&#8221;padding_top:100;padding_bottom:100&#8243;][vc_column offset=&#8221;vc_col-md-6&#8243; order=&#8221;sm:3&#8243;][vc_row_inner content_alignment=&#8221;right&#8221; sm_content_alignment=&#8221;center&#8221; max_width=&#8221;600px&#8221;][vc_column_inner][tm_heading style=&#8221;modern&#8221; custom_google_font=&#8221;&#8221; sm_align=&#8221;center&#8221; text_color=&#8221;custom&#8221; custom_text_color=&#8221;#ababab&#8221;]Robusta Dok\u00fcman K\u00fct\u00fcphanesi[\/tm_heading][tm_spacer size=&#8221;lg:25&#8243;][tm_heading tag=&#8221;h4&#8243; custom_google_font=&#8221;&#8221; sm_align=&#8221;center&#8221; font_size=&#8221;sm:28;md:34;lg:40&#8243; line_height=&#8221;1.4&#8243;]Robusta&#8217;n\u0131n \u00fcr\u00fcn ve \u00e7\u00f6z\u00fcmleri ile ilgili bilgilere buradan ula\u015f\u0131n. [\/tm_heading][tm_spacer size=&#8221;lg:40&#8243;][tm_button size=&#8221;custom&#8221; button=&#8221;url:%2Ftr%2Fpdf-kutuphanesi%2F|title:T%C3%BCm%20bro%C5%9F%C3%BCrler|target:_blank&#8221; icon_align=&#8221;left&#8221; sm_align=&#8221;center&#8221; width=&#8221;205&#8243; icon_font_size=&#8221;lg:14&#8243;][\/vc_column_inner][\/vc_row_inner][\/vc_column][vc_column offset=&#8221;vc_col-md-6&#8243;][tm_image align=&#8221;center&#8221; image=&#8221;3302&#8243;][tm_spacer size=&#8221;sm:30&#8243;][\/vc_column][\/vc_row]<\/p>\n","protected":false},"author":2,"featured_media":0,"parent":0,"menu_order":0,"comment_status":"closed","ping_status":"closed","template":"","meta":{"footnotes":""},"class_list":["post-8624","page","type-page","status-publish","hentry","post-no-thumbnail"],"_links":{"self":[{"href":"https:\/\/robusta.ai\/tr\/wp-json\/wp\/v2\/pages\/8624","targetHints":{"allow":["GET"]}}],"collection":[{"href":"https:\/\/robusta.ai\/tr\/wp-json\/wp\/v2\/pages"}],"about":[{"href":"https:\/\/robusta.ai\/tr\/wp-json\/wp\/v2\/types\/page"}],"author":[{"embeddable":true,"href":"https:\/\/robusta.ai\/tr\/wp-json\/wp\/v2\/users\/2"}],"replies":[{"embeddable":true,"href":"https:\/\/robusta.ai\/tr\/wp-json\/wp\/v2\/comments?post=8624"}],"version-history":[{"count":15,"href":"https:\/\/robusta.ai\/tr\/wp-json\/wp\/v2\/pages\/8624\/revisions"}],"predecessor-version":[{"id":12431,"href":"https:\/\/robusta.ai\/tr\/wp-json\/wp\/v2\/pages\/8624\/revisions\/12431"}],"wp:attachment":[{"href":"https:\/\/robusta.ai\/tr\/wp-json\/wp\/v2\/media?parent=8624"}],"curies":[{"name":"wp","href":"https:\/\/api.w.org\/{rel}","templated":true}]}}