{"id":8640,"date":"2022-04-26T17:06:20","date_gmt":"2022-04-26T14:06:20","guid":{"rendered":"https:\/\/robusta.ai\/?page_id=8640"},"modified":"2024-02-23T21:11:02","modified_gmt":"2024-02-23T18:11:02","slug":"kariyer","status":"publish","type":"page","link":"https:\/\/robusta.ai\/tr\/kariyer\/","title":{"rendered":"Kariyer"},"content":{"rendered":"<div class=\"wpb-content-wrapper\"><p>[vc_row][vc_column][tm_spacer size=&#8221;lg:108&#8243;][tm_heading custom_google_font=&#8221;&#8221; google_fonts=&#8221;font_family:Lato%3A100%2C100italic%2C300%2C300italic%2Cregular%2Citalic%2C700%2C700italic%2C900%2C900italic|font_style:100%20light%20regular%3A100%3Anormal&#8221; align=&#8221;center&#8221; animation=&#8221;none&#8221; font_size=&#8221;sm:28;md:34;lg:40&#8243; line_height=&#8221;1.4&#8243; max_width=&#8221;740px&#8221;]Her g\u00fcn b\u00fcy\u00fcyen Robusta ailesinin bir par\u00e7as\u0131 olmak ister misiniz?<br \/>\n<mark>Gelin birlikte tasarlayal\u0131m, geli\u015ftirelim, b\u00fcy\u00fcyelim!<\/mark>[\/tm_heading][tm_spacer size=&#8221;lg:57&#8243;][tm_simple_job_listing animation=&#8221;none&#8221; jobs=&#8221;%5B%5D&#8221; lg_spacing=&#8221;padding_bottom:20&#8243; md_spacing=&#8221;padding_bottom:8&#8243; sm_spacing=&#8221;padding_bottom:10&#8243;][\/vc_column][\/vc_row][vc_row el_id=&#8221;career&#8221; custom_css=&#8221;JTIza2FyaXllciU3QiUwQXBhZGRpbmclM0ElMjAxMGVtJTIwMCUyMDVlbSUyMDAlM0IlMEElN0Q=&#8221;][vc_column][\/vc_column][\/vc_row][vc_section][\/vc_section]<\/p>\n<\/div>","protected":false},"excerpt":{"rendered":"<p>[vc_row][vc_column][tm_spacer size=&#8221;lg:108&#8243;][tm_heading custom_google_font=&#8221;&#8221; google_fonts=&#8221;font_family:Lato%3A100%2C100italic%2C300%2C300italic%2Cregular%2Citalic%2C700%2C700italic%2C900%2C900italic|font_style:100%20light%20regular%3A100%3Anormal&#8221; align=&#8221;center&#8221; animation=&#8221;none&#8221; font_size=&#8221;sm:28;md:34;lg:40&#8243; line_height=&#8221;1.4&#8243; max_width=&#8221;740px&#8221;]Her g\u00fcn b\u00fcy\u00fcyen Robusta ailesinin bir par\u00e7as\u0131 olmak ister misiniz? Gelin birlikte tasarlayal\u0131m, geli\u015ftirelim, b\u00fcy\u00fcyelim![\/tm_heading][tm_spacer size=&#8221;lg:57&#8243;][tm_simple_job_listing animation=&#8221;none&#8221; jobs=&#8221;%5B%5D&#8221; lg_spacing=&#8221;padding_bottom:20&#8243; md_spacing=&#8221;padding_bottom:8&#8243; sm_spacing=&#8221;padding_bottom:10&#8243;][\/vc_column][\/vc_row][vc_row el_id=&#8221;career&#8221; custom_css=&#8221;JTIza2FyaXllciU3QiUwQXBhZGRpbmclM0ElMjAxMGVtJTIwMCUyMDVlbSUyMDAlM0IlMEElN0Q=&#8221;][vc_column][\/vc_column][\/vc_row][vc_section][\/vc_section]<\/p>\n","protected":false},"author":2778,"featured_media":0,"parent":0,"menu_order":0,"comment_status":"closed","ping_status":"closed","template":"","meta":{"footnotes":""},"class_list":["post-8640","page","type-page","status-publish","hentry","post-no-thumbnail"],"_links":{"self":[{"href":"https:\/\/robusta.ai\/tr\/wp-json\/wp\/v2\/pages\/8640","targetHints":{"allow":["GET"]}}],"collection":[{"href":"https:\/\/robusta.ai\/tr\/wp-json\/wp\/v2\/pages"}],"about":[{"href":"https:\/\/robusta.ai\/tr\/wp-json\/wp\/v2\/types\/page"}],"author":[{"embeddable":true,"href":"https:\/\/robusta.ai\/tr\/wp-json\/wp\/v2\/users\/2778"}],"replies":[{"embeddable":true,"href":"https:\/\/robusta.ai\/tr\/wp-json\/wp\/v2\/comments?post=8640"}],"version-history":[{"count":16,"href":"https:\/\/robusta.ai\/tr\/wp-json\/wp\/v2\/pages\/8640\/revisions"}],"predecessor-version":[{"id":11569,"href":"https:\/\/robusta.ai\/tr\/wp-json\/wp\/v2\/pages\/8640\/revisions\/11569"}],"wp:attachment":[{"href":"https:\/\/robusta.ai\/tr\/wp-json\/wp\/v2\/media?parent=8640"}],"curies":[{"name":"wp","href":"https:\/\/api.w.org\/{rel}","templated":true}]}}