{"id":8656,"date":"2022-04-26T17:43:20","date_gmt":"2022-04-26T14:43:20","guid":{"rendered":"https:\/\/robusta.ai\/?page_id=8656"},"modified":"2024-02-23T20:57:41","modified_gmt":"2024-02-23T17:57:41","slug":"basari-hikayelerimiz","status":"publish","type":"page","link":"https:\/\/robusta.ai\/tr\/basari-hikayelerimiz\/","title":{"rendered":"Ba\u015far\u0131 Hikayelerimiz"},"content":{"rendered":"<div class=\"wpb-content-wrapper\"><p>[vc_row][vc_column][\/vc_column][\/vc_row][vc_row][vc_column][tm_heading style=&#8221;modern&#8221; tag=&#8221;h6&#8243; custom_google_font=&#8221;&#8221; align=&#8221;center&#8221; text_color=&#8221;custom&#8221; custom_text_color=&#8221;#ababab&#8221;]Ba\u015far\u0131l\u0131 projelerimizden \u00f6rnekler[\/tm_heading][tm_spacer size=&#8221;lg:23&#8243;][tm_heading custom_google_font=&#8221;&#8221; align=&#8221;center&#8221; font_size=&#8221;sm:28;md:34;lg:40&#8243; line_height=&#8221;1.4&#8243;]Ba\u015far\u0131 <mark>hikayeleri<\/mark> [\/tm_heading][tm_spacer size=&#8221;lg:75&#8243;][tm_grid align=&#8221;center&#8221; centered_items=&#8221;1&#8243; equal_height=&#8221;1&#8243; columns=&#8221;xs:1;sm:1;lg:3&#8243; column_gutter=&#8221;sm:30;md:50;lg:70&#8243; row_gutter=&#8221;lg:50&#8243; max_width=&#8221;lg:1130&#8243; item_max_width=&#8221;lg:370&#8243;][tm_box_large_image image_size=&#8221;custom&#8221; align=&#8221;center&#8221; heading=&#8221;Securitas&#8221; text=&#8221;T\u00fcrkiye\u2019de 20 binden fazla \u00e7al\u0131\u015fan\u0131 ile 21 farkl\u0131 sekt\u00f6rden 800 kurum ve kurulu\u015fa g\u00fcvenlik hizmeti sunan Securitas \u00e7al\u0131\u015fanlar\u0131 ile ilgili \u00d6GNET ( \u00d6zel G\u00fcvenlik Bilgi Sistemi ) bildirimlerini Robusta RPA ile ger\u00e7ekle\u015ftiriyor.&#8221; button=&#8221;url:https%3A%2F%2Frobusta.ai%2Ftr%2Fsecuritas-ognet-bildirimlerini-robusta-rpaye-emanet-etti%2F|title:Detayl%C4%B1%20Bilgi|target:_blank&#8221; image=&#8221;2952&#8243; image_size_width=&#8221;330&#8243; image_size_height=&#8221;330&#8243; box_link=&#8221;url:https%3A%2F%2Frobusta.ai%2Ftr%2Fsecuritas-ognet-bildirimlerini-robusta-rpaye-emanet-etti%2F|title:Detayl%C4%B1%20Bilgi|target:_blank&#8221;][tm_box_large_image image_size=&#8221;custom&#8221; align=&#8221;center&#8221; heading=&#8221;D\u00fcnya Varl\u0131k&#8221; text=&#8221;Gayrimenkul de\u011ferleme s\u00fcrecini Robusta\u2019ya emanet eden D\u00fcnya Varl\u0131k, s\u00fcrecin Robusta RPA\u2019ya ta\u015f\u0131nmas\u0131yla %80 oran\u0131nda h\u0131z ve ba\u015far\u0131 elde etmeye ba\u015flad\u0131.&#8221; button=&#8221;url:https%3A%2F%2Frobusta.ai%2Ftr%2Fdunya-varlikta-gayrimenkul-degerleme-sureci-robusta-rpa-ile-artik-daha-hizli%2F|title:Detayl%C4%B1%20Bilgi|target:_blank&#8221; image=&#8221;2888&#8243; image_size_width=&#8221;330&#8243; image_size_height=&#8221;330&#8243; box_link=&#8221;url:https%3A%2F%2Frobusta.ai%2Ftr%2Fdunya-varlikta-gayrimenkul-degerleme-sureci-robusta-rpa-ile-artik-daha-hizli%2F|title:Detayl%C4%B1%20Bilgi|target:_blank&#8221;][tm_box_large_image image_size=&#8221;custom&#8221; align=&#8221;center&#8221; heading=&#8221;DPWorld Yar\u0131mca&#8221; text=&#8221;DP World Yar\u0131mca&#8217;da g\u00fcmr\u00fckleme, y\u00fckleme ve bo\u015faltma gibi kritik s\u00fcre\u00e7lerin otomasyonu Robusta&#8217;ya emanet.&#8221; button=&#8221;url:https%3A%2F%2Frobusta.ai%2Ftr%2Fdp-world-yarimcada-terminal-isletme-ve-otomasyonunda-rpa-kolayligi%2F|title:Detayl%C4%B1%20Bilgi|target:_blank&#8221; image=&#8221;3164&#8243; image_size_width=&#8221;330&#8243; image_size_height=&#8221;330&#8243; box_link=&#8221;url:https%3A%2F%2Frobusta.ai%2Ftr%2Fdp-world-yarimcada-terminal-isletme-ve-otomasyonunda-rpa-kolayligi%2F|title:Detayl%C4%B1%20Bilgi|target:_blank&#8221;][\/tm_grid][tm_spacer size=&#8221;lg:61&#8243;][\/vc_column][\/vc_row]<\/p>\n<\/div>","protected":false},"excerpt":{"rendered":"<p>[vc_row][vc_column][\/vc_column][\/vc_row][vc_row][vc_column][tm_heading style=&#8221;modern&#8221; tag=&#8221;h6&#8243; custom_google_font=&#8221;&#8221; align=&#8221;center&#8221; text_color=&#8221;custom&#8221; custom_text_color=&#8221;#ababab&#8221;]Ba\u015far\u0131l\u0131 projelerimizden \u00f6rnekler[\/tm_heading][tm_spacer size=&#8221;lg:23&#8243;][tm_heading custom_google_font=&#8221;&#8221; align=&#8221;center&#8221; font_size=&#8221;sm:28;md:34;lg:40&#8243; line_height=&#8221;1.4&#8243;]Ba\u015far\u0131 hikayeleri [\/tm_heading][tm_spacer size=&#8221;lg:75&#8243;][tm_grid align=&#8221;center&#8221; centered_items=&#8221;1&#8243; equal_height=&#8221;1&#8243; columns=&#8221;xs:1;sm:1;lg:3&#8243; column_gutter=&#8221;sm:30;md:50;lg:70&#8243; row_gutter=&#8221;lg:50&#8243; max_width=&#8221;lg:1130&#8243; item_max_width=&#8221;lg:370&#8243;][tm_box_large_image image_size=&#8221;custom&#8221; align=&#8221;center&#8221; heading=&#8221;Securitas&#8221; text=&#8221;T\u00fcrkiye\u2019de 20 binden fazla \u00e7al\u0131\u015fan\u0131 ile 21 farkl\u0131 sekt\u00f6rden 800 kurum ve kurulu\u015fa g\u00fcvenlik hizmeti sunan Securitas \u00e7al\u0131\u015fanlar\u0131 ile ilgili \u00d6GNET ( \u00d6zel G\u00fcvenlik Bilgi Sistemi ) bildirimlerini Robusta RPA ile ger\u00e7ekle\u015ftiriyor.&#8221; button=&#8221;url:https%3A%2F%2Frobusta.ai%2Ftr%2Fsecuritas-ognet-bildirimlerini-robusta-rpaye-emanet-etti%2F|title:Detayl%C4%B1%20Bilgi|target:_blank&#8221; image=&#8221;2952&#8243; image_size_width=&#8221;330&#8243; image_size_height=&#8221;330&#8243; box_link=&#8221;url:https%3A%2F%2Frobusta.ai%2Ftr%2Fsecuritas-ognet-bildirimlerini-robusta-rpaye-emanet-etti%2F|title:Detayl%C4%B1%20Bilgi|target:_blank&#8221;][tm_box_large_image image_size=&#8221;custom&#8221; align=&#8221;center&#8221; heading=&#8221;D\u00fcnya Varl\u0131k&#8221; text=&#8221;Gayrimenkul de\u011ferleme s\u00fcrecini Robusta\u2019ya emanet eden D\u00fcnya Varl\u0131k, s\u00fcrecin Robusta RPA\u2019ya ta\u015f\u0131nmas\u0131yla %80 oran\u0131nda h\u0131z ve ba\u015far\u0131 elde etmeye ba\u015flad\u0131.&#8221; button=&#8221;url:https%3A%2F%2Frobusta.ai%2Ftr%2Fdunya-varlikta-gayrimenkul-degerleme-sureci-robusta-rpa-ile-artik-daha-hizli%2F|title:Detayl%C4%B1%20Bilgi|target:_blank&#8221; image=&#8221;2888&#8243; image_size_width=&#8221;330&#8243; image_size_height=&#8221;330&#8243; box_link=&#8221;url:https%3A%2F%2Frobusta.ai%2Ftr%2Fdunya-varlikta-gayrimenkul-degerleme-sureci-robusta-rpa-ile-artik-daha-hizli%2F|title:Detayl%C4%B1%20Bilgi|target:_blank&#8221;][tm_box_large_image image_size=&#8221;custom&#8221; align=&#8221;center&#8221; heading=&#8221;DPWorld Yar\u0131mca&#8221; text=&#8221;DP World Yar\u0131mca&#8217;da g\u00fcmr\u00fckleme, y\u00fckleme ve bo\u015faltma gibi kritik s\u00fcre\u00e7lerin otomasyonu Robusta&#8217;ya emanet.&#8221; button=&#8221;url:https%3A%2F%2Frobusta.ai%2Ftr%2Fdp-world-yarimcada-terminal-isletme-ve-otomasyonunda-rpa-kolayligi%2F|title:Detayl%C4%B1%20Bilgi|target:_blank&#8221; image=&#8221;3164&#8243; image_size_width=&#8221;330&#8243; image_size_height=&#8221;330&#8243; box_link=&#8221;url:https%3A%2F%2Frobusta.ai%2Ftr%2Fdp-world-yarimcada-terminal-isletme-ve-otomasyonunda-rpa-kolayligi%2F|title:Detayl%C4%B1%20Bilgi|target:_blank&#8221;][\/tm_grid][tm_spacer size=&#8221;lg:61&#8243;][\/vc_column][\/vc_row]<\/p>\n","protected":false},"author":2778,"featured_media":0,"parent":0,"menu_order":0,"comment_status":"closed","ping_status":"closed","template":"","meta":{"footnotes":""},"class_list":["post-8656","page","type-page","status-publish","hentry","post-no-thumbnail"],"_links":{"self":[{"href":"https:\/\/robusta.ai\/tr\/wp-json\/wp\/v2\/pages\/8656","targetHints":{"allow":["GET"]}}],"collection":[{"href":"https:\/\/robusta.ai\/tr\/wp-json\/wp\/v2\/pages"}],"about":[{"href":"https:\/\/robusta.ai\/tr\/wp-json\/wp\/v2\/types\/page"}],"author":[{"embeddable":true,"href":"https:\/\/robusta.ai\/tr\/wp-json\/wp\/v2\/users\/2778"}],"replies":[{"embeddable":true,"href":"https:\/\/robusta.ai\/tr\/wp-json\/wp\/v2\/comments?post=8656"}],"version-history":[{"count":12,"href":"https:\/\/robusta.ai\/tr\/wp-json\/wp\/v2\/pages\/8656\/revisions"}],"predecessor-version":[{"id":8924,"href":"https:\/\/robusta.ai\/tr\/wp-json\/wp\/v2\/pages\/8656\/revisions\/8924"}],"wp:attachment":[{"href":"https:\/\/robusta.ai\/tr\/wp-json\/wp\/v2\/media?parent=8656"}],"curies":[{"name":"wp","href":"https:\/\/api.w.org\/{rel}","templated":true}]}}