{"id":8662,"date":"2022-04-26T17:48:18","date_gmt":"2022-04-26T14:48:18","guid":{"rendered":"https:\/\/robusta.ai\/?page_id=8662"},"modified":"2022-05-23T22:12:53","modified_gmt":"2022-05-23T19:12:53","slug":"securitas-ognet-bildirimlerini-robusta-rpaye-emanet-etti","status":"publish","type":"page","link":"https:\/\/robusta.ai\/tr\/securitas-ognet-bildirimlerini-robusta-rpaye-emanet-etti\/","title":{"rendered":"Securitas OGNET Bildirimlerini Robusta RPA&#8217;ye Emanet Etti"},"content":{"rendered":"<div class=\"wpb-content-wrapper\"><p>[vc_row full_width=&#8221;stretch_row&#8221; background_image=&#8221;2989&#8243; background_position=&#8221;center&#8221;][vc_column][tm_spacer size=&#8221;sm:150;md:180;lg:219&#8243;][tm_heading tag=&#8221;h4&#8243; custom_google_font=&#8221;&#8221; align=&#8221;center&#8221; text_color=&#8221;custom&#8221; custom_text_color=&#8221;#ffffff&#8221; font_size=&#8221;xs:34;sm:44;md:54;lg:64&#8243; line_height=&#8221;1.13&#8243;]Securitas[\/tm_heading][tm_spacer size=&#8221;lg:21&#8243;][tm_heading tag=&#8221;div&#8221; custom_google_font=&#8221;&#8221; font_weight=&#8221;500&#8243; align=&#8221;center&#8221; text_color=&#8221;custom&#8221; custom_text_color=&#8221;#ffffff&#8221; font_size=&#8221;sm:18;md:21;lg:24&#8243; line_height=&#8221;1.67&#8243;]Securitas T\u00fcrkiye, \u00e7al\u0131\u015fanlar\u0131na ait \u00d6GNET bildirimlerinin yap\u0131lmas\u0131,<br \/>\nkontrollerin ger\u00e7ekle\u015ftirilmesi ile ilgili s\u00fcreci Robusta RPA\u2019ye ta\u015f\u0131d\u0131.[\/tm_heading][tm_spacer size=&#8221;sm:150;md:180;lg:219&#8243;][\/vc_column][\/vc_row][vc_row lg_spacing=&#8221;padding_top:140;padding_bottom:110&#8243; sm_spacing=&#8221;padding_top:100;padding_bottom:100&#8243;][vc_column offset=&#8221;vc_col-md-4&#8243;][tm_heading tag=&#8221;h5&#8243; custom_google_font=&#8221;&#8221; text_color=&#8221;primary&#8221; font_size=&#8221;sm:25;md:25;lg:25&#8243; line_height=&#8221;1.4&#8243;]Securitas \u00d6GNET bildirimlerini Robusta\u2019ya emanet etti.[\/tm_heading][tm_spacer size=&#8221;lg:24&#8243;][tm_button button=&#8221;url:https%3A%2F%2Frobusta.ai%2Ftr%2F202104_Securitas_OGNETBildirimleri_Brosur_PDF.pdf|title:Bro%C5%9F%C3%BCr%C3%BC%20indirin|target:_blank&#8221;][\/vc_column][vc_column offset=&#8221;vc_col-md-offset-1 vc_col-md-7&#8243;][tm_heading style=&#8221;left-line&#8221; custom_google_font=&#8221;&#8221; font_weight=&#8221;800&#8243; font_size=&#8221;sm:18;md:18;lg:18&#8243; line_height=&#8221;1.67&#8243;]T\u00fcrkiye\u2019de 20 binden fazla \u00e7al\u0131\u015fan\u0131 ile 21 farkl\u0131 sekt\u00f6rden 800 kurum ve kurulu\u015fa g\u00fcvenlik hizmeti sunan Securitas \u00e7al\u0131\u015fanlar\u0131 ile ilgili \u00d6GNET ( \u00d6zel G\u00fcvenlik Bilgi Sistemi ) bildirimlerini Robusta RPA ile ger\u00e7ekle\u015ftiriyor.[\/tm_heading][\/vc_column][\/vc_row][vc_row full_width=&#8221;stretch_row_content&#8221;][vc_column][tm_spacer size=&#8221;lg:30&#8243;][tm_text_box heading=&#8221;Mevcut Durum&#8221; text=&#8221;T\u00fcrkiye\u2019de Emniyet Genel M\u00fcd\u00fcrl\u00fc\u011f\u00fc taraf\u0131ndan hayata ge\u00e7irilen projesi ile birlikte g\u00fcvenlik alan\u0131nda hizmet veren \u00e7al\u0131\u015fanlar\u0131n\u0131n personel i\u015fe al\u0131mlar\u0131 ve i\u015ften \u00e7\u0131k\u0131\u015flar\u0131, g\u00f6rev yapt\u0131klar\u0131 \u015firkete atama bilgileri ya da g\u00f6rev biti\u015fi gibi bilgilerinin \u00e7al\u0131\u015ft\u0131klar\u0131 firma taraf\u0131ndan \u00d6GNET\u2019e (\u00d6zel G\u00fcvenlik Bilgi Otomasyon Sistemi ) d\u00fczenli ve anl\u0131k olarak bildirilmesi gerekiyor.<\/p>\n<p>\u00d6zel G\u00fcvenlik Bilgi Sistemi (\u00d6GNET) web sayfas\u0131 \u00fczerinden yap\u0131lan bildirimlerin eksik ya da hatal\u0131 olmas\u0131 durumunda kurumlar \u00f6nemli cezai yapt\u0131r\u0131mlar ile kar\u015f\u0131 kar\u015f\u0131ya kal\u0131yor.<\/p>\n<p>20 bin \u00e7al\u0131\u015fan\u0131 bulunan Securitas\u2019ta, \u00e7al\u0131\u015fanlar\u0131n \u00d6GNET bildirimlerinin yap\u0131lmas\u0131, kontrollerin ger\u00e7ekle\u015ftirilmesi i\u00e7in \u00f6nemli bir kaynak ay\u0131rmak durumunda kal\u0131yordu.&#8221;][tm_text_box style=&#8221;03&#8243; heading=&#8221;Robusta&#8217;n\u0131n \u00e7\u00f6z\u00fcm\u00fc&#8221; text=&#8221;Securitas T\u00fcrkiye, \u00e7al\u0131\u015fanlar\u0131na ait \u00d6GNET bildirimlerinin yap\u0131lmas\u0131, kontrollerin ger\u00e7ekle\u015ftirilmesi ile ilgili s\u00fcreci Robusta RPA\u2019ye ta\u015f\u0131d\u0131.<br \/>\nT\u00fcm bildirimlerin Robusta RPA ile eksiksiz ve hatas\u0131z olarak ger\u00e7ekle\u015ftirilmesinin yan\u0131 s\u0131ra mesai saatleri i\u00e7erisinde \u00f6nemli bir zaman ayr\u0131larak ger\u00e7ekle\u015ftirilen bu operasyonel s\u00fcrecin yaz\u0131l\u0131m robotu taraf\u0131ndan 24 saat boyunca aral\u0131ks\u0131z olarak ger\u00e7ekle\u015ftirilmesi ile 2,5 katl\u0131k bir zaman verimlili\u011fi sa\u011flanm\u0131\u015ft\u0131r.&#8221;][tm_spacer size=&#8221;lg:50&#8243;][\/vc_column][\/vc_row][vc_row][vc_column][\/vc_column][\/vc_row]<\/p>\n<\/div>","protected":false},"excerpt":{"rendered":"<p>[vc_row full_width=&#8221;stretch_row&#8221; background_image=&#8221;2989&#8243; background_position=&#8221;center&#8221;][vc_column][tm_spacer size=&#8221;sm:150;md:180;lg:219&#8243;][tm_heading tag=&#8221;h4&#8243; custom_google_font=&#8221;&#8221; align=&#8221;center&#8221; text_color=&#8221;custom&#8221; custom_text_color=&#8221;#ffffff&#8221; font_size=&#8221;xs:34;sm:44;md:54;lg:64&#8243; line_height=&#8221;1.13&#8243;]Securitas[\/tm_heading][tm_spacer size=&#8221;lg:21&#8243;][tm_heading tag=&#8221;div&#8221; custom_google_font=&#8221;&#8221; font_weight=&#8221;500&#8243; align=&#8221;center&#8221; text_color=&#8221;custom&#8221; custom_text_color=&#8221;#ffffff&#8221; font_size=&#8221;sm:18;md:21;lg:24&#8243; line_height=&#8221;1.67&#8243;]Securitas T\u00fcrkiye, \u00e7al\u0131\u015fanlar\u0131na ait \u00d6GNET bildirimlerinin yap\u0131lmas\u0131, kontrollerin ger\u00e7ekle\u015ftirilmesi ile ilgili s\u00fcreci Robusta RPA\u2019ye ta\u015f\u0131d\u0131.[\/tm_heading][tm_spacer size=&#8221;sm:150;md:180;lg:219&#8243;][\/vc_column][\/vc_row][vc_row lg_spacing=&#8221;padding_top:140;padding_bottom:110&#8243; sm_spacing=&#8221;padding_top:100;padding_bottom:100&#8243;][vc_column offset=&#8221;vc_col-md-4&#8243;][tm_heading tag=&#8221;h5&#8243; custom_google_font=&#8221;&#8221; text_color=&#8221;primary&#8221; font_size=&#8221;sm:25;md:25;lg:25&#8243; line_height=&#8221;1.4&#8243;]Securitas \u00d6GNET bildirimlerini Robusta\u2019ya emanet etti.[\/tm_heading][tm_spacer size=&#8221;lg:24&#8243;][tm_button button=&#8221;url:https%3A%2F%2Frobusta.ai%2Ftr%2F202104_Securitas_OGNETBildirimleri_Brosur_PDF.pdf|title:Bro%C5%9F%C3%BCr%C3%BC%20indirin|target:_blank&#8221;][\/vc_column][vc_column offset=&#8221;vc_col-md-offset-1 vc_col-md-7&#8243;][tm_heading style=&#8221;left-line&#8221; custom_google_font=&#8221;&#8221; font_weight=&#8221;800&#8243; font_size=&#8221;sm:18;md:18;lg:18&#8243; line_height=&#8221;1.67&#8243;]T\u00fcrkiye\u2019de 20 binden fazla \u00e7al\u0131\u015fan\u0131 ile 21 farkl\u0131 sekt\u00f6rden 800 kurum ve kurulu\u015fa g\u00fcvenlik hizmeti sunan Securitas \u00e7al\u0131\u015fanlar\u0131 ile ilgili \u00d6GNET ( \u00d6zel G\u00fcvenlik Bilgi Sistemi ) bildirimlerini Robusta RPA ile ger\u00e7ekle\u015ftiriyor.[\/tm_heading][\/vc_column][\/vc_row][vc_row full_width=&#8221;stretch_row_content&#8221;][vc_column][tm_spacer size=&#8221;lg:30&#8243;][tm_text_box heading=&#8221;Mevcut Durum&#8221; text=&#8221;T\u00fcrkiye\u2019de Emniyet Genel M\u00fcd\u00fcrl\u00fc\u011f\u00fc taraf\u0131ndan hayata ge\u00e7irilen projesi ile birlikte g\u00fcvenlik alan\u0131nda hizmet veren \u00e7al\u0131\u015fanlar\u0131n\u0131n personel i\u015fe al\u0131mlar\u0131 ve i\u015ften \u00e7\u0131k\u0131\u015flar\u0131, g\u00f6rev yapt\u0131klar\u0131 \u015firkete atama bilgileri ya da g\u00f6rev biti\u015fi gibi bilgilerinin \u00e7al\u0131\u015ft\u0131klar\u0131 firma taraf\u0131ndan \u00d6GNET\u2019e (\u00d6zel G\u00fcvenlik Bilgi Otomasyon Sistemi ) d\u00fczenli ve anl\u0131k olarak bildirilmesi gerekiyor. \u00d6zel G\u00fcvenlik Bilgi Sistemi (\u00d6GNET) web sayfas\u0131 \u00fczerinden yap\u0131lan bildirimlerin eksik ya da hatal\u0131 olmas\u0131 durumunda kurumlar \u00f6nemli cezai yapt\u0131r\u0131mlar ile kar\u015f\u0131 kar\u015f\u0131ya kal\u0131yor. 20 bin \u00e7al\u0131\u015fan\u0131 bulunan Securitas\u2019ta, \u00e7al\u0131\u015fanlar\u0131n \u00d6GNET bildirimlerinin yap\u0131lmas\u0131, kontrollerin ger\u00e7ekle\u015ftirilmesi i\u00e7in \u00f6nemli bir kaynak ay\u0131rmak durumunda kal\u0131yordu.&#8221;][tm_text_box style=&#8221;03&#8243; heading=&#8221;Robusta&#8217;n\u0131n \u00e7\u00f6z\u00fcm\u00fc&#8221; text=&#8221;Securitas T\u00fcrkiye, \u00e7al\u0131\u015fanlar\u0131na ait \u00d6GNET bildirimlerinin yap\u0131lmas\u0131, kontrollerin ger\u00e7ekle\u015ftirilmesi ile ilgili s\u00fcreci Robusta RPA\u2019ye ta\u015f\u0131d\u0131. T\u00fcm bildirimlerin Robusta RPA ile eksiksiz ve hatas\u0131z olarak ger\u00e7ekle\u015ftirilmesinin yan\u0131 s\u0131ra mesai saatleri i\u00e7erisinde \u00f6nemli bir zaman ayr\u0131larak ger\u00e7ekle\u015ftirilen bu operasyonel s\u00fcrecin yaz\u0131l\u0131m robotu taraf\u0131ndan 24 saat boyunca aral\u0131ks\u0131z olarak ger\u00e7ekle\u015ftirilmesi ile 2,5 katl\u0131k bir zaman verimlili\u011fi sa\u011flanm\u0131\u015ft\u0131r.&#8221;][tm_spacer size=&#8221;lg:50&#8243;][\/vc_column][\/vc_row][vc_row][vc_column][\/vc_column][\/vc_row]<\/p>\n","protected":false},"author":2778,"featured_media":0,"parent":0,"menu_order":0,"comment_status":"closed","ping_status":"closed","template":"","meta":{"footnotes":""},"class_list":["post-8662","page","type-page","status-publish","hentry","post-no-thumbnail"],"_links":{"self":[{"href":"https:\/\/robusta.ai\/tr\/wp-json\/wp\/v2\/pages\/8662","targetHints":{"allow":["GET"]}}],"collection":[{"href":"https:\/\/robusta.ai\/tr\/wp-json\/wp\/v2\/pages"}],"about":[{"href":"https:\/\/robusta.ai\/tr\/wp-json\/wp\/v2\/types\/page"}],"author":[{"embeddable":true,"href":"https:\/\/robusta.ai\/tr\/wp-json\/wp\/v2\/users\/2778"}],"replies":[{"embeddable":true,"href":"https:\/\/robusta.ai\/tr\/wp-json\/wp\/v2\/comments?post=8662"}],"version-history":[{"count":9,"href":"https:\/\/robusta.ai\/tr\/wp-json\/wp\/v2\/pages\/8662\/revisions"}],"predecessor-version":[{"id":9205,"href":"https:\/\/robusta.ai\/tr\/wp-json\/wp\/v2\/pages\/8662\/revisions\/9205"}],"wp:attachment":[{"href":"https:\/\/robusta.ai\/tr\/wp-json\/wp\/v2\/media?parent=8662"}],"curies":[{"name":"wp","href":"https:\/\/api.w.org\/{rel}","templated":true}]}}