{"id":8669,"date":"2022-04-26T17:51:28","date_gmt":"2022-04-26T14:51:28","guid":{"rendered":"https:\/\/robusta.ai\/?page_id=8669"},"modified":"2022-04-29T19:55:59","modified_gmt":"2022-04-29T16:55:59","slug":"dunya-varlikta-gayrimenkul-degerleme-sureci-robusta-rpa-ile-artik-daha-hizli","status":"publish","type":"page","link":"https:\/\/robusta.ai\/tr\/dunya-varlikta-gayrimenkul-degerleme-sureci-robusta-rpa-ile-artik-daha-hizli\/","title":{"rendered":"Du\u0308nya Varl\u0131k\u2019ta Gayrimenkul de\u011ferleme su\u0308reci Robusta RPA ile art\u0131k daha h\u0131zl\u0131"},"content":{"rendered":"<div class=\"wpb-content-wrapper\"><p>[vc_row full_width=&#8221;stretch_row&#8221; background_image=&#8221;3888&#8243; background_position=&#8221;center&#8221;][vc_column][tm_spacer size=&#8221;sm:150;md:180;lg:219&#8243;][tm_heading tag=&#8221;h4&#8243; custom_google_font=&#8221;&#8221; align=&#8221;center&#8221; text_color=&#8221;custom&#8221; custom_text_color=&#8221;#ffffff&#8221; font_size=&#8221;xs:34;sm:44;md:54;lg:64&#8243; line_height=&#8221;1.13&#8243;]D\u00fcnya Varl\u0131k[\/tm_heading][tm_spacer size=&#8221;lg:21&#8243;][tm_heading tag=&#8221;div&#8221; custom_google_font=&#8221;&#8221; font_weight=&#8221;500&#8243; align=&#8221;center&#8221; text_color=&#8221;custom&#8221; custom_text_color=&#8221;#ffffff&#8221; font_size=&#8221;sm:18;md:21;lg:24&#8243; line_height=&#8221;1.67&#8243;] Robusta RPA u\u0308ru\u0308nu\u0308 ile hayata ge\u00e7irilen proje ile Du\u0308nya Varl\u0131k gayrimenkul de\u011ferleme su\u0308recinde yu\u0308zde 80\u2019e varan bir h\u0131z ve performans art\u0131\u015f\u0131 elde etti.[\/tm_heading][tm_spacer size=&#8221;sm:150;md:180;lg:219&#8243;][\/vc_column][\/vc_row][vc_row lg_spacing=&#8221;padding_top:140;padding_bottom:110&#8243; sm_spacing=&#8221;padding_top:100;padding_bottom:100&#8243;][vc_column offset=&#8221;vc_col-md-4&#8243;][tm_heading tag=&#8221;h5&#8243; custom_google_font=&#8221;&#8221; google_fonts=&#8221;font_family:Poppins%3A300%2Cregular%2C500%2C600%2C700|font_style:300%20light%20regular%3A300%3Anormal&#8221; text_color=&#8221;primary&#8221; font_size=&#8221;sm:25;md:25;lg:25&#8243; line_height=&#8221;1.4&#8243;]Du\u0308nya Varl\u0131k\u2019ta Gayrimenkul de\u011ferleme su\u0308reci Robusta RPA ile art\u0131k daha h\u0131zl\u0131[\/tm_heading][tm_spacer size=&#8221;lg:24&#8243;][tm_button button=&#8221;url:https%3A%2F%2Frobusta.ai%2Fwp-content%2Fuploads%2F2022%2F04%2F202104_GayrimenkulDegerleme_UseCase_TR.pdf|title:Bro%C5%9F%C3%BCr%C3%BC%20%C4%B0ndirin|target:_blank&#8221;][\/vc_column][vc_column offset=&#8221;vc_col-md-offset-1 vc_col-md-7&#8243;][tm_heading style=&#8221;left-line&#8221; custom_google_font=&#8221;&#8221; google_fonts=&#8221;font_family:Poppins%3A300%2Cregular%2C500%2C600%2C700|font_style:300%20light%20regular%3A300%3Anormal&#8221; font_weight=&#8221;800&#8243; font_size=&#8221;sm:15;md:18;lg:18&#8243; line_height=&#8221;1.67&#8243;]Gayrimenkul de\u011ferleme su\u0308recini Robusta\u2019ya emanet eden Du\u0308nya Varl\u0131k, su\u0308recin Robusta RPA\u2019ya ta\u015f\u0131nmas\u0131yla %80 oran\u0131nda h\u0131z ve ba\u015far\u0131 elde etmeye ba\u015flad\u0131.[\/tm_heading][tm_spacer size=&#8221;lg:30&#8243;][\/vc_column][\/vc_row][vc_row full_width=&#8221;stretch_row_content&#8221;][vc_column][tm_spacer size=&#8221;lg:25&#8243;][tm_text_box heading=&#8221;Mevcut Durum&#8221; text=&#8221;Bankalardan devral\u0131nan bor\u00e7lu portf\u00f6yu\u0308ne ait ta\u015f\u0131nmazlar\u0131n de\u011ferlemesine y\u00f6nelik onlarca \u00e7al\u0131\u015fan\u0131 bulunan Du\u0308nya Varl\u0131k, \u00e7e\u015fitli i\u00e7 sistemleri de dahil olmak u\u0308zere parsel sorgu sistemi, kent rehberi, farkl\u0131 gayrimenkul siteleri gibi kaynaklardan ald\u0131\u011f\u0131 bilgilere g\u00f6re ta\u015f\u0131nmazlar u\u0308zerinde fiyat de\u011ferlemesi yapmaktad\u0131r.<\/p>\n<p>Farkl\u0131 bir \u00e7ok sistemden veri toplama, bu verileri analiz ederek anlaml\u0131 sonu\u00e7lar \u00e7\u0131karma ve olu\u015fan veriyi kendi i\u00e7 sistemlerine aktarma gibi bir\u00e7ok a\u015famay\u0131 i\u00e7erisinde bulunduran gayrimenkul de\u011ferleme i\u015flemi manuel olarak ger\u00e7ekle\u015ftirilmekteydi.<\/p>\n<p>Du\u0308nya Varl\u0131k\u2019\u0131n yu\u0308ru\u0308ttu\u0308\u011fu\u0308 bu manuel su\u0308re\u00e7 birden \u00e7ok noktadan bilgi toplama, anlamland\u0131rma gibi a\u015famalar\u0131 bar\u0131nd\u0131r\u0131rken insan hatalar\u0131n\u0131 da beraberinde getiriyordu.&#8221;][tm_text_box style=&#8221;03&#8243; heading=&#8221;Robusta&#8217;n\u0131n \u00e7\u00f6z\u00fcm\u00fc&#8221; text=&#8221;Robusta taraf\u0131ndan hayata ge\u00e7irilen gayrimenkul de\u011ferleme otomasyonu projesi ile gayrimenkul de\u011ferleme ekipleri taraf\u0131ndan ger\u00e7ekle\u015ftirilen bu manuel su\u0308re\u00e7 otomatize edildi.<\/p>\n<p>Parsel sorgu sistemi u\u0308zerinden al\u0131nan bilgilere ek olarak Google Maps u\u0308zerinden al\u0131nan koordinat bilgileri ile etrafta okul, otobu\u0308s, metro dura\u011f\u0131, AVM gibi yap\u0131lar\u0131n olup olmad\u0131\u011f\u0131 ve yak\u0131nl\u0131\u011f\u0131 ile ilgili bilgiler eklendi. Ayr\u0131ca emlak sitelerinden al\u0131nan fiyatlar ve ge\u00e7mi\u015f d\u00f6nem fiyatlar\u0131n\u0131n da de\u011ferlendirilmesi ile varsay\u0131mlarda eskiye oranla daha ba\u015far\u0131l\u0131 sonu\u00e7lar elde edilmeye ba\u015fland\u0131.<\/p>\n<p>Yu\u0308zde yu\u0308z Tu\u0308rk mu\u0308hendisli\u011fi ile geli\u015ftirilen Robusta RPA u\u0308ru\u0308nu\u0308 ile hayata ge\u00e7irilen bu proje ile Du\u0308nya Varl\u0131k gayrimenkul de\u011ferleme su\u0308recinde yu\u0308zde 80\u2019e varan bir h\u0131z ve performans art\u0131\u015f\u0131 elde etti.&#8221;][tm_spacer size=&#8221;lg:50&#8243;][\/vc_column][\/vc_row][vc_row][vc_column][\/vc_column][\/vc_row]<\/p>\n<\/div>","protected":false},"excerpt":{"rendered":"<p>[vc_row full_width=&#8221;stretch_row&#8221; background_image=&#8221;3888&#8243; background_position=&#8221;center&#8221;][vc_column][tm_spacer size=&#8221;sm:150;md:180;lg:219&#8243;][tm_heading tag=&#8221;h4&#8243; custom_google_font=&#8221;&#8221; align=&#8221;center&#8221; text_color=&#8221;custom&#8221; custom_text_color=&#8221;#ffffff&#8221; font_size=&#8221;xs:34;sm:44;md:54;lg:64&#8243; line_height=&#8221;1.13&#8243;]D\u00fcnya Varl\u0131k[\/tm_heading][tm_spacer size=&#8221;lg:21&#8243;][tm_heading tag=&#8221;div&#8221; custom_google_font=&#8221;&#8221; font_weight=&#8221;500&#8243; align=&#8221;center&#8221; text_color=&#8221;custom&#8221; custom_text_color=&#8221;#ffffff&#8221; font_size=&#8221;sm:18;md:21;lg:24&#8243; line_height=&#8221;1.67&#8243;] Robusta RPA u\u0308ru\u0308nu\u0308 ile hayata ge\u00e7irilen proje ile Du\u0308nya Varl\u0131k gayrimenkul de\u011ferleme su\u0308recinde yu\u0308zde 80\u2019e varan bir h\u0131z ve performans art\u0131\u015f\u0131 elde etti.[\/tm_heading][tm_spacer size=&#8221;sm:150;md:180;lg:219&#8243;][\/vc_column][\/vc_row][vc_row lg_spacing=&#8221;padding_top:140;padding_bottom:110&#8243; sm_spacing=&#8221;padding_top:100;padding_bottom:100&#8243;][vc_column offset=&#8221;vc_col-md-4&#8243;][tm_heading tag=&#8221;h5&#8243; custom_google_font=&#8221;&#8221; google_fonts=&#8221;font_family:Poppins%3A300%2Cregular%2C500%2C600%2C700|font_style:300%20light%20regular%3A300%3Anormal&#8221; text_color=&#8221;primary&#8221; font_size=&#8221;sm:25;md:25;lg:25&#8243; line_height=&#8221;1.4&#8243;]Du\u0308nya Varl\u0131k\u2019ta Gayrimenkul de\u011ferleme su\u0308reci Robusta RPA ile art\u0131k daha h\u0131zl\u0131[\/tm_heading][tm_spacer size=&#8221;lg:24&#8243;][tm_button button=&#8221;url:https%3A%2F%2Frobusta.ai%2Fwp-content%2Fuploads%2F2022%2F04%2F202104_GayrimenkulDegerleme_UseCase_TR.pdf|title:Bro%C5%9F%C3%BCr%C3%BC%20%C4%B0ndirin|target:_blank&#8221;][\/vc_column][vc_column offset=&#8221;vc_col-md-offset-1 vc_col-md-7&#8243;][tm_heading style=&#8221;left-line&#8221; custom_google_font=&#8221;&#8221; google_fonts=&#8221;font_family:Poppins%3A300%2Cregular%2C500%2C600%2C700|font_style:300%20light%20regular%3A300%3Anormal&#8221; font_weight=&#8221;800&#8243; font_size=&#8221;sm:15;md:18;lg:18&#8243; line_height=&#8221;1.67&#8243;]Gayrimenkul de\u011ferleme su\u0308recini Robusta\u2019ya emanet eden Du\u0308nya Varl\u0131k, su\u0308recin Robusta RPA\u2019ya ta\u015f\u0131nmas\u0131yla %80 oran\u0131nda h\u0131z ve ba\u015far\u0131 elde etmeye ba\u015flad\u0131.[\/tm_heading][tm_spacer size=&#8221;lg:30&#8243;][\/vc_column][\/vc_row][vc_row full_width=&#8221;stretch_row_content&#8221;][vc_column][tm_spacer size=&#8221;lg:25&#8243;][tm_text_box heading=&#8221;Mevcut Durum&#8221; text=&#8221;Bankalardan devral\u0131nan bor\u00e7lu portf\u00f6yu\u0308ne ait ta\u015f\u0131nmazlar\u0131n de\u011ferlemesine y\u00f6nelik onlarca \u00e7al\u0131\u015fan\u0131 bulunan Du\u0308nya Varl\u0131k, \u00e7e\u015fitli i\u00e7 sistemleri de dahil olmak u\u0308zere parsel sorgu sistemi, kent rehberi, farkl\u0131 gayrimenkul siteleri gibi kaynaklardan ald\u0131\u011f\u0131 bilgilere g\u00f6re ta\u015f\u0131nmazlar u\u0308zerinde fiyat de\u011ferlemesi yapmaktad\u0131r. Farkl\u0131 bir \u00e7ok sistemden veri toplama, bu verileri analiz ederek anlaml\u0131 sonu\u00e7lar \u00e7\u0131karma ve olu\u015fan veriyi kendi i\u00e7 sistemlerine aktarma gibi bir\u00e7ok a\u015famay\u0131 i\u00e7erisinde bulunduran gayrimenkul de\u011ferleme i\u015flemi manuel olarak ger\u00e7ekle\u015ftirilmekteydi. Du\u0308nya Varl\u0131k\u2019\u0131n yu\u0308ru\u0308ttu\u0308\u011fu\u0308 bu manuel su\u0308re\u00e7 birden \u00e7ok noktadan bilgi toplama, anlamland\u0131rma gibi a\u015famalar\u0131 bar\u0131nd\u0131r\u0131rken insan hatalar\u0131n\u0131 da beraberinde getiriyordu.&#8221;][tm_text_box style=&#8221;03&#8243; heading=&#8221;Robusta&#8217;n\u0131n \u00e7\u00f6z\u00fcm\u00fc&#8221; text=&#8221;Robusta taraf\u0131ndan hayata ge\u00e7irilen gayrimenkul de\u011ferleme otomasyonu projesi ile gayrimenkul de\u011ferleme ekipleri taraf\u0131ndan ger\u00e7ekle\u015ftirilen bu manuel su\u0308re\u00e7 otomatize edildi. Parsel sorgu sistemi u\u0308zerinden al\u0131nan bilgilere ek olarak Google Maps u\u0308zerinden al\u0131nan koordinat bilgileri ile etrafta okul, otobu\u0308s, metro dura\u011f\u0131, AVM gibi yap\u0131lar\u0131n olup olmad\u0131\u011f\u0131 ve yak\u0131nl\u0131\u011f\u0131 ile ilgili bilgiler eklendi. Ayr\u0131ca emlak sitelerinden al\u0131nan fiyatlar ve ge\u00e7mi\u015f d\u00f6nem fiyatlar\u0131n\u0131n da de\u011ferlendirilmesi ile varsay\u0131mlarda eskiye oranla daha ba\u015far\u0131l\u0131 sonu\u00e7lar elde edilmeye ba\u015fland\u0131. Yu\u0308zde yu\u0308z Tu\u0308rk mu\u0308hendisli\u011fi ile geli\u015ftirilen Robusta RPA u\u0308ru\u0308nu\u0308 ile hayata ge\u00e7irilen bu proje ile Du\u0308nya Varl\u0131k gayrimenkul de\u011ferleme su\u0308recinde yu\u0308zde 80\u2019e varan bir h\u0131z ve performans art\u0131\u015f\u0131 elde etti.&#8221;][tm_spacer size=&#8221;lg:50&#8243;][\/vc_column][\/vc_row][vc_row][vc_column][\/vc_column][\/vc_row]<\/p>\n","protected":false},"author":2778,"featured_media":0,"parent":0,"menu_order":0,"comment_status":"closed","ping_status":"closed","template":"","meta":{"footnotes":""},"class_list":["post-8669","page","type-page","status-publish","hentry","post-no-thumbnail"],"_links":{"self":[{"href":"https:\/\/robusta.ai\/tr\/wp-json\/wp\/v2\/pages\/8669","targetHints":{"allow":["GET"]}}],"collection":[{"href":"https:\/\/robusta.ai\/tr\/wp-json\/wp\/v2\/pages"}],"about":[{"href":"https:\/\/robusta.ai\/tr\/wp-json\/wp\/v2\/types\/page"}],"author":[{"embeddable":true,"href":"https:\/\/robusta.ai\/tr\/wp-json\/wp\/v2\/users\/2778"}],"replies":[{"embeddable":true,"href":"https:\/\/robusta.ai\/tr\/wp-json\/wp\/v2\/comments?post=8669"}],"version-history":[{"count":9,"href":"https:\/\/robusta.ai\/tr\/wp-json\/wp\/v2\/pages\/8669\/revisions"}],"predecessor-version":[{"id":9036,"href":"https:\/\/robusta.ai\/tr\/wp-json\/wp\/v2\/pages\/8669\/revisions\/9036"}],"wp:attachment":[{"href":"https:\/\/robusta.ai\/tr\/wp-json\/wp\/v2\/media?parent=8669"}],"curies":[{"name":"wp","href":"https:\/\/api.w.org\/{rel}","templated":true}]}}