{"id":8677,"date":"2022-04-26T17:53:14","date_gmt":"2022-04-26T14:53:14","guid":{"rendered":"https:\/\/robusta.ai\/?page_id=8677"},"modified":"2022-05-05T13:26:58","modified_gmt":"2022-05-05T10:26:58","slug":"dp-world-yarimcada-terminal-isletme-ve-otomasyonunda-rpa-kolayligi","status":"publish","type":"page","link":"https:\/\/robusta.ai\/tr\/dp-world-yarimcada-terminal-isletme-ve-otomasyonunda-rpa-kolayligi\/","title":{"rendered":"DP World Yar\u0131mca\u2019da terminal i\u015fletme ve otomasyonunda RPA kolayl\u0131\u011f\u0131"},"content":{"rendered":"<div class=\"wpb-content-wrapper\"><p>[vc_row full_width=&#8221;stretch_row&#8221; background_image=&#8221;3768&#8243; background_position=&#8221;center&#8221;][vc_column][tm_spacer size=&#8221;sm:150;md:180;lg:219&#8243;][tm_heading tag=&#8221;h4&#8243; custom_google_font=&#8221;&#8221; align=&#8221;center&#8221; text_color=&#8221;custom&#8221; custom_text_color=&#8221;#ffffff&#8221; font_size=&#8221;xs:34;sm:44;md:54;lg:64&#8243; line_height=&#8221;1.13&#8243;]DP World Yar\u0131mca[\/tm_heading][tm_spacer size=&#8221;lg:21&#8243;][tm_heading tag=&#8221;div&#8221; custom_google_font=&#8221;&#8221; font_weight=&#8221;500&#8243; align=&#8221;center&#8221; text_color=&#8221;custom&#8221; custom_text_color=&#8221;#ffffff&#8221; font_size=&#8221;sm:18;md:21;lg:24&#8243; line_height=&#8221;1.67&#8243;]DP World Yar\u0131mca&#8217;da terminal i\u015fletme ve otomasyonunda RPA kolayl\u0131\u011f\u0131<br \/>\n[\/tm_heading][tm_spacer size=&#8221;sm:150;md:180;lg:219&#8243;][\/vc_column][\/vc_row][vc_row lg_spacing=&#8221;padding_top:140;padding_bottom:110&#8243; sm_spacing=&#8221;padding_top:100;padding_bottom:100&#8243;][vc_column offset=&#8221;vc_col-md-4&#8243;][tm_heading tag=&#8221;h5&#8243; custom_google_font=&#8221;&#8221; google_fonts=&#8221;font_family:Poppins%3A300%2Cregular%2C500%2C600%2C700|font_style:300%20light%20regular%3A300%3Anormal&#8221; text_color=&#8221;primary&#8221; font_size=&#8221;sm:25;md:25;lg:25&#8243; line_height=&#8221;1.4&#8243;]DP World Yar\u0131mca&#8217;da terminal i\u015fletme ve otomasyonunda RPA kolayl\u0131\u011f\u0131<br \/>\n[\/tm_heading][tm_spacer size=&#8221;lg:24&#8243;][tm_button button=&#8221;url:https%3A%2F%2Frobusta.ai%2Fwp-content%2Fuploads%2F2022%2F05%2FDPWorld-Yarimca-Usecase.pdf|title:Bro%C5%9F%C3%BCr%C3%BC%20%C4%B0ndirin|target:_blank&#8221;][\/vc_column][vc_column offset=&#8221;vc_col-md-offset-1 vc_col-md-7&#8243;][tm_heading style=&#8221;left-line&#8221; custom_google_font=&#8221;&#8221; google_fonts=&#8221;font_family:Poppins%3A300%2Cregular%2C500%2C600%2C700|font_style:300%20light%20regular%3A300%3Anormal&#8221; font_weight=&#8221;800&#8243; font_size=&#8221;sm:15;md:18;lg:18&#8243; line_height=&#8221;1.67&#8243;]DP World Yar\u0131mca konteyner terminali, 1.3 Milyon TEU* kapasitesiyle T\u00fcrkiye\u2019nin en b\u00fcy\u00fck konteyner terminallerinden biridir. D\u00fc\u015f\u00fck karbon emisyonunu ve tedarik zinciri verimlili\u011fini hedefleyen \u00e7evre dostu teknolojilerle donat\u0131lan DP World Yar\u0131mca Konteyner Terminali, merkezile\u015fmi\u015f bir faaliyet planlamas\u0131 ile en son teknoloji y\u00f6netim sistemlerini kullanmaktad\u0131r.[\/tm_heading][tm_spacer size=&#8221;lg:30&#8243;][\/vc_column][\/vc_row][vc_row full_width=&#8221;stretch_row_content&#8221;][vc_column][tm_spacer size=&#8221;lg:25&#8243;][tm_text_box heading=&#8221;Mevcut Durum&#8221; text=&#8221;DP World Yar\u0131mca Tesislerinde,<br \/>\nkonteynerlar\u0131n takibi ve saha i\u00e7erisinde konumland\u0131r\u0131lmas\u0131nda hava \u015fartlar\u0131n\u0131n g\u00f6zetilmesi,<br \/>\nkonteynerlar\u0131n liman i\u00e7erisindeki konumlar\u0131n\u0131n belirlenmesi,<br \/>\nweb servisler arac\u0131l\u0131\u011f\u0131yla farkl\u0131 lokasyonlardan al\u0131nmas\u0131 gereken \u00e7e\u015fitli verilerin i\u015flenmesi ve i\u015fletilmesi gibi bir\u00e7ok s\u00fcrecin takibi birden fazla y\u00f6netim arac\u0131nda ve manuel olarak yap\u0131lmaktayd\u0131.<\/p>\n<p>G\u00fcnl\u00fck, saatlik hatta dakikal\u0131k al\u0131nan bu verilerin olu\u015fturulmas\u0131 ve \u00f6l\u00e7\u00fcmlenmesi \u00e7al\u0131\u015fanlarda ciddi bir y\u00fck ve risk olu\u015fturacak \u015fekilde yap\u0131lmaktayd\u0131. T\u00fcm bu verilerin yanl\u0131\u015f belirlenmesi durumunda liman i\u015fletmesinde finansal olarak d\u00f6viz kurlar\u0131 cinsinden \u00f6nemli \u00f6l\u00e7\u00fcde kay\u0131plar ya\u015fanmaktayd\u0131.&#8221;][tm_text_box style=&#8221;03&#8243; heading=&#8221;Robusta&#8217;n\u0131n \u00e7\u00f6z\u00fcm\u00fc&#8221; text=&#8221;Robusta, liman i\u015fletmesinde y\u00fcr\u00fct\u00fclen ve finansal a\u00e7\u0131dan risk yaratan 18 s\u00fcrecin otomatize etmesiyle birlikte dakikal\u0131k, saatlik \u00f6l\u00e7\u00fcmlenmesi gereken verilerin do\u011frulu\u011fu aksakl\u0131k ya\u015fanmadan kontrol alt\u0131na al\u0131nmaya ba\u015flad\u0131. S\u00fcre\u00e7lerin robotize edilmesiyle bir kullan\u0131c\u0131n\u0131n tek bir s\u00fcre\u00e7 i\u00e7in g\u00fcnl\u00fck 4-6 saati ge\u00e7en eforu birka\u00e7 dakika mertebesine indirildi. Bu yolla hem zaman kay\u0131plar\u0131n\u0131n hem de finansal kay\u0131plar\u0131n \u00f6n\u00fcne ge\u00e7ilmi\u015f oldu.&#8221;][tm_spacer size=&#8221;lg:50&#8243;][\/vc_column][\/vc_row][vc_row][vc_column][\/vc_column][\/vc_row]<\/p>\n<\/div>","protected":false},"excerpt":{"rendered":"<p>[vc_row full_width=&#8221;stretch_row&#8221; background_image=&#8221;3768&#8243; background_position=&#8221;center&#8221;][vc_column][tm_spacer size=&#8221;sm:150;md:180;lg:219&#8243;][tm_heading tag=&#8221;h4&#8243; custom_google_font=&#8221;&#8221; align=&#8221;center&#8221; text_color=&#8221;custom&#8221; custom_text_color=&#8221;#ffffff&#8221; font_size=&#8221;xs:34;sm:44;md:54;lg:64&#8243; line_height=&#8221;1.13&#8243;]DP World Yar\u0131mca[\/tm_heading][tm_spacer size=&#8221;lg:21&#8243;][tm_heading tag=&#8221;div&#8221; custom_google_font=&#8221;&#8221; font_weight=&#8221;500&#8243; align=&#8221;center&#8221; text_color=&#8221;custom&#8221; custom_text_color=&#8221;#ffffff&#8221; font_size=&#8221;sm:18;md:21;lg:24&#8243; line_height=&#8221;1.67&#8243;]DP World Yar\u0131mca&#8217;da terminal i\u015fletme ve otomasyonunda RPA kolayl\u0131\u011f\u0131 [\/tm_heading][tm_spacer size=&#8221;sm:150;md:180;lg:219&#8243;][\/vc_column][\/vc_row][vc_row lg_spacing=&#8221;padding_top:140;padding_bottom:110&#8243; sm_spacing=&#8221;padding_top:100;padding_bottom:100&#8243;][vc_column offset=&#8221;vc_col-md-4&#8243;][tm_heading tag=&#8221;h5&#8243; custom_google_font=&#8221;&#8221; google_fonts=&#8221;font_family:Poppins%3A300%2Cregular%2C500%2C600%2C700|font_style:300%20light%20regular%3A300%3Anormal&#8221; text_color=&#8221;primary&#8221; font_size=&#8221;sm:25;md:25;lg:25&#8243; line_height=&#8221;1.4&#8243;]DP World Yar\u0131mca&#8217;da terminal i\u015fletme ve otomasyonunda RPA kolayl\u0131\u011f\u0131 [\/tm_heading][tm_spacer size=&#8221;lg:24&#8243;][tm_button button=&#8221;url:https%3A%2F%2Frobusta.ai%2Fwp-content%2Fuploads%2F2022%2F05%2FDPWorld-Yarimca-Usecase.pdf|title:Bro%C5%9F%C3%BCr%C3%BC%20%C4%B0ndirin|target:_blank&#8221;][\/vc_column][vc_column offset=&#8221;vc_col-md-offset-1 vc_col-md-7&#8243;][tm_heading style=&#8221;left-line&#8221; custom_google_font=&#8221;&#8221; google_fonts=&#8221;font_family:Poppins%3A300%2Cregular%2C500%2C600%2C700|font_style:300%20light%20regular%3A300%3Anormal&#8221; font_weight=&#8221;800&#8243; font_size=&#8221;sm:15;md:18;lg:18&#8243; line_height=&#8221;1.67&#8243;]DP World Yar\u0131mca konteyner terminali, 1.3 Milyon TEU* kapasitesiyle T\u00fcrkiye\u2019nin en b\u00fcy\u00fck konteyner terminallerinden biridir. D\u00fc\u015f\u00fck karbon emisyonunu ve tedarik zinciri verimlili\u011fini hedefleyen \u00e7evre dostu teknolojilerle donat\u0131lan DP World Yar\u0131mca Konteyner Terminali, merkezile\u015fmi\u015f bir faaliyet planlamas\u0131 ile en son teknoloji y\u00f6netim sistemlerini kullanmaktad\u0131r.[\/tm_heading][tm_spacer size=&#8221;lg:30&#8243;][\/vc_column][\/vc_row][vc_row full_width=&#8221;stretch_row_content&#8221;][vc_column][tm_spacer size=&#8221;lg:25&#8243;][tm_text_box heading=&#8221;Mevcut Durum&#8221; text=&#8221;DP World Yar\u0131mca Tesislerinde, konteynerlar\u0131n takibi ve saha i\u00e7erisinde konumland\u0131r\u0131lmas\u0131nda hava \u015fartlar\u0131n\u0131n g\u00f6zetilmesi, konteynerlar\u0131n liman i\u00e7erisindeki konumlar\u0131n\u0131n belirlenmesi, web servisler arac\u0131l\u0131\u011f\u0131yla farkl\u0131 lokasyonlardan al\u0131nmas\u0131 gereken \u00e7e\u015fitli verilerin i\u015flenmesi ve i\u015fletilmesi gibi bir\u00e7ok s\u00fcrecin takibi birden fazla y\u00f6netim arac\u0131nda ve manuel olarak yap\u0131lmaktayd\u0131. G\u00fcnl\u00fck, saatlik hatta dakikal\u0131k al\u0131nan bu verilerin olu\u015fturulmas\u0131 ve \u00f6l\u00e7\u00fcmlenmesi \u00e7al\u0131\u015fanlarda ciddi bir y\u00fck ve risk olu\u015fturacak \u015fekilde yap\u0131lmaktayd\u0131. T\u00fcm bu verilerin yanl\u0131\u015f belirlenmesi durumunda liman i\u015fletmesinde finansal olarak d\u00f6viz kurlar\u0131 cinsinden \u00f6nemli \u00f6l\u00e7\u00fcde kay\u0131plar ya\u015fanmaktayd\u0131.&#8221;][tm_text_box style=&#8221;03&#8243; heading=&#8221;Robusta&#8217;n\u0131n \u00e7\u00f6z\u00fcm\u00fc&#8221; text=&#8221;Robusta, liman i\u015fletmesinde y\u00fcr\u00fct\u00fclen ve finansal a\u00e7\u0131dan risk yaratan 18 s\u00fcrecin otomatize etmesiyle birlikte dakikal\u0131k, saatlik \u00f6l\u00e7\u00fcmlenmesi gereken verilerin do\u011frulu\u011fu aksakl\u0131k ya\u015fanmadan kontrol alt\u0131na al\u0131nmaya ba\u015flad\u0131. S\u00fcre\u00e7lerin robotize edilmesiyle bir kullan\u0131c\u0131n\u0131n tek bir s\u00fcre\u00e7 i\u00e7in g\u00fcnl\u00fck 4-6 saati ge\u00e7en eforu birka\u00e7 dakika mertebesine indirildi. Bu yolla hem zaman kay\u0131plar\u0131n\u0131n hem de finansal kay\u0131plar\u0131n \u00f6n\u00fcne ge\u00e7ilmi\u015f oldu.&#8221;][tm_spacer size=&#8221;lg:50&#8243;][\/vc_column][\/vc_row][vc_row][vc_column][\/vc_column][\/vc_row]<\/p>\n","protected":false},"author":2778,"featured_media":0,"parent":0,"menu_order":0,"comment_status":"closed","ping_status":"closed","template":"","meta":{"footnotes":""},"class_list":["post-8677","page","type-page","status-publish","hentry","post-no-thumbnail"],"_links":{"self":[{"href":"https:\/\/robusta.ai\/tr\/wp-json\/wp\/v2\/pages\/8677","targetHints":{"allow":["GET"]}}],"collection":[{"href":"https:\/\/robusta.ai\/tr\/wp-json\/wp\/v2\/pages"}],"about":[{"href":"https:\/\/robusta.ai\/tr\/wp-json\/wp\/v2\/types\/page"}],"author":[{"embeddable":true,"href":"https:\/\/robusta.ai\/tr\/wp-json\/wp\/v2\/users\/2778"}],"replies":[{"embeddable":true,"href":"https:\/\/robusta.ai\/tr\/wp-json\/wp\/v2\/comments?post=8677"}],"version-history":[{"count":9,"href":"https:\/\/robusta.ai\/tr\/wp-json\/wp\/v2\/pages\/8677\/revisions"}],"predecessor-version":[{"id":9055,"href":"https:\/\/robusta.ai\/tr\/wp-json\/wp\/v2\/pages\/8677\/revisions\/9055"}],"wp:attachment":[{"href":"https:\/\/robusta.ai\/tr\/wp-json\/wp\/v2\/media?parent=8677"}],"curies":[{"name":"wp","href":"https:\/\/api.w.org\/{rel}","templated":true}]}}