{"id":8691,"date":"2022-04-26T17:59:02","date_gmt":"2022-04-26T14:59:02","guid":{"rendered":"https:\/\/robusta.ai\/?page_id=8691"},"modified":"2024-02-23T20:58:23","modified_gmt":"2024-02-23T17:58:23","slug":"musteri-yorumlari","status":"publish","type":"page","link":"https:\/\/robusta.ai\/tr\/musteri-yorumlari\/","title":{"rendered":"M\u00fc\u015fteri Yorumlar\u0131"},"content":{"rendered":"<div class=\"wpb-content-wrapper\"><p>[vc_row full_width=&#8221;stretch_row&#8221;][vc_column][tm_spacer size=&#8221;lg:100&#8243;][tm_heading style=&#8221;modern&#8221; tag=&#8221;h6&#8243; custom_google_font=&#8221;&#8221; align=&#8221;center&#8221; text_color=&#8221;custom&#8221; custom_text_color=&#8221;#ababab&#8221;]M\u00fc\u015fteri Yorumlar\u0131[\/tm_heading][tm_spacer size=&#8221;lg:23&#8243;][tm_heading custom_google_font=&#8221;&#8221; align=&#8221;center&#8221; font_size=&#8221;sm:28;md:34;lg:40&#8243; line_height=&#8221;1.4&#8243;]M\u00fc\u015fterilerimizin g\u00f6z\u00fcnden[\/tm_heading][tm_spacer size=&#8221;lg:75&#8243;][tm_testimonial number=&#8221;9&#8243; auto_play=&#8221;5000&#8243; pagination=&#8221;01&#8243; carousel_gutter=&#8221;lg:20&#8243; carousel_items_display=&#8221;xs:1;sm:2;lg:2&#8243;][tm_spacer size=&#8221;lg:100&#8243;][\/vc_column][\/vc_row]<\/p>\n<\/div>","protected":false},"excerpt":{"rendered":"<p>[vc_row full_width=&#8221;stretch_row&#8221;][vc_column][tm_spacer size=&#8221;lg:100&#8243;][tm_heading style=&#8221;modern&#8221; tag=&#8221;h6&#8243; custom_google_font=&#8221;&#8221; align=&#8221;center&#8221; text_color=&#8221;custom&#8221; custom_text_color=&#8221;#ababab&#8221;]M\u00fc\u015fteri Yorumlar\u0131[\/tm_heading][tm_spacer size=&#8221;lg:23&#8243;][tm_heading custom_google_font=&#8221;&#8221; align=&#8221;center&#8221; font_size=&#8221;sm:28;md:34;lg:40&#8243; line_height=&#8221;1.4&#8243;]M\u00fc\u015fterilerimizin g\u00f6z\u00fcnden[\/tm_heading][tm_spacer size=&#8221;lg:75&#8243;][tm_testimonial number=&#8221;9&#8243; auto_play=&#8221;5000&#8243; pagination=&#8221;01&#8243; carousel_gutter=&#8221;lg:20&#8243; carousel_items_display=&#8221;xs:1;sm:2;lg:2&#8243;][tm_spacer size=&#8221;lg:100&#8243;][\/vc_column][\/vc_row]<\/p>\n","protected":false},"author":2778,"featured_media":0,"parent":0,"menu_order":0,"comment_status":"closed","ping_status":"closed","template":"","meta":{"footnotes":""},"class_list":["post-8691","page","type-page","status-publish","hentry","post-no-thumbnail"],"_links":{"self":[{"href":"https:\/\/robusta.ai\/tr\/wp-json\/wp\/v2\/pages\/8691","targetHints":{"allow":["GET"]}}],"collection":[{"href":"https:\/\/robusta.ai\/tr\/wp-json\/wp\/v2\/pages"}],"about":[{"href":"https:\/\/robusta.ai\/tr\/wp-json\/wp\/v2\/types\/page"}],"author":[{"embeddable":true,"href":"https:\/\/robusta.ai\/tr\/wp-json\/wp\/v2\/users\/2778"}],"replies":[{"embeddable":true,"href":"https:\/\/robusta.ai\/tr\/wp-json\/wp\/v2\/comments?post=8691"}],"version-history":[{"count":5,"href":"https:\/\/robusta.ai\/tr\/wp-json\/wp\/v2\/pages\/8691\/revisions"}],"predecessor-version":[{"id":9017,"href":"https:\/\/robusta.ai\/tr\/wp-json\/wp\/v2\/pages\/8691\/revisions\/9017"}],"wp:attachment":[{"href":"https:\/\/robusta.ai\/tr\/wp-json\/wp\/v2\/media?parent=8691"}],"curies":[{"name":"wp","href":"https:\/\/api.w.org\/{rel}","templated":true}]}}