{"id":8711,"date":"2022-04-26T18:09:51","date_gmt":"2022-04-26T15:09:51","guid":{"rendered":"https:\/\/robusta.ai\/?page_id=8711"},"modified":"2024-12-26T12:51:00","modified_gmt":"2024-12-26T09:51:00","slug":"iletisim","status":"publish","type":"page","link":"https:\/\/robusta.ai\/tr\/iletisim\/","title":{"rendered":"\u0130leti\u015fim"},"content":{"rendered":"<div class=\"wpb-content-wrapper\"><p>[vc_row full_width=&#8221;stretch_row&#8221; lg_spacing=&#8221;padding_top:120;padding_bottom:110&#8243; sm_spacing=&#8221;padding_top:100;padding_bottom:100&#8243;][vc_column offset=&#8221;vc_col-md-6&#8243;][tm_spacer size=&#8221;sm:0;lg:32&#8243;][tm_heading style=&#8221;left-line&#8221; custom_google_font=&#8221;&#8221; max_width=&#8221;540px&#8221;]Detayl\u0131 bilgi<br \/>\nve sorular\u0131n\u0131z i\u00e7in formu doldurabilirsiniz. <mark> Sizinle irtibata ge\u00e7mek i\u00e7in sab\u0131rs\u0131zlan\u0131yoruz! <\/mark>[\/tm_heading][tm_spacer size=&#8221;lg:12&#8243;][tm_heading tag=&#8221;div&#8221; custom_google_font=&#8221;&#8221; font_size=&#8221;lg:18&#8243; line_height=&#8221;1.67&#8243; css=&#8221;.vc_custom_1614216245951{margin-left: 34px !important;}&#8221;][\/tm_heading][tm_spacer size=&#8221;sm:40&#8243;][\/vc_column][vc_column offset=&#8221;vc_col-md-6&#8243;][vc_raw_html]JTNDZGl2JTIwY2xhc3MlM0QlMjJwaXBlZHJpdmVXZWJGb3JtcyUyMiUyMGRhdGEtcGQtd2ViZm9ybXMlM0QlMjJodHRwcyUzQSUyRiUyRndlYmZvcm1zLnBpcGVkcml2ZS5jb20lMkZmJTJGNnhYVVhiMzVic2xxdHN5WEZUdTRjSnE3WWM4VWJ3YXFuQWpyS1B5alZQdkRVQ2R2NVdvelg4T3djcmVyS2RmRWl2JTIyJTNFJTNDc2NyaXB0JTIwc3JjJTNEJTIyaHR0cHMlM0ElMkYlMkZ3ZWJmb3Jtcy5waXBlZHJpdmUuY29tJTJGZiUyRmxvYWRlciUyMiUzRSUzQyUyRnNjcmlwdCUzRSUzQyUyRmRpdiUzRQ==[\/vc_raw_html][\/vc_column][\/vc_row][vc_row][vc_column width=&#8221;1\/2&#8243;][tm_heading custom_google_font=&#8221;&#8221; font_size=&#8221;sm:18;md:21;lg:24&#8243; line_height=&#8221;1.25&#8243;]Merkez Ofis[\/tm_heading][tm_spacer size=&#8221;lg:19&#8243;][tm_heading tag=&#8221;div&#8221; custom_google_font=&#8221;&#8221; css=&#8221;.vc_custom_1614260101205{margin-bottom: 5px !important;}&#8221;]Palladium Office<br \/>\nResidence No: 8\/A Kat: 2-3 34746 Ata\u015fehir \/ \u0130stanbul[\/tm_heading][tm_spacer size=&#8221;lg:20&#8243;][tm_heading tag=&#8221;div&#8221; custom_google_font=&#8221;&#8221; font_weight=&#8221;700&#8243; text_color=&#8221;custom&#8221; custom_text_color=&#8221;#696969&#8243; hover_text_color=&#8221;primary&#8221; css=&#8221;.vc_custom_1614203442562{margin-bottom: 5px !important;}&#8221;]Telefon: <a href=\"tel:(+90)216 663 61 18\">+90 216 663 61 18<\/a>[\/tm_heading][tm_heading tag=&#8221;div&#8221; custom_google_font=&#8221;&#8221; font_weight=&#8221;700&#8243; text_color=&#8221;custom&#8221; custom_text_color=&#8221;#696969&#8243; hover_text_color=&#8221;primary&#8221; css=&#8221;.vc_custom_1614203551022{margin-bottom: 5px !important;}&#8221;]Faks: +90 216 663 61 00[\/tm_heading][tm_heading tag=&#8221;div&#8221; custom_google_font=&#8221;&#8221; text_color=&#8221;primary&#8221; hover_text_color=&#8221;secondary&#8221; css=&#8221;.vc_custom_1614203384016{margin-bottom: 5px !important;}&#8221;]<a href=\"mailto:info@robusta.com.tr\">info@robusta.com.tr<\/a>[\/tm_heading][\/vc_column][vc_column width=&#8221;1\/2&#8243;][tm_heading custom_google_font=&#8221;&#8221; font_size=&#8221;sm:18;md:21;lg:24&#8243; line_height=&#8221;1.25&#8243;]Ar-Ge Ofis[\/tm_heading][tm_spacer size=&#8221;lg:19&#8243;][tm_heading tag=&#8221;div&#8221; custom_google_font=&#8221;&#8221; css=&#8221;.vc_custom_1686751739628{margin-bottom: 5px !important;}&#8221;]\u0130T\u00dc Ayaza\u011fa Kamp\u00fcs\u00fc<br \/>\nTeknokent ARI 6 Binas\u0131 No:2 Ofis No: 10 34469 Maslak, \u0130stanbul[\/tm_heading][tm_spacer size=&#8221;lg:20&#8243;][tm_heading tag=&#8221;div&#8221; custom_google_font=&#8221;&#8221; text_color=&#8221;primary&#8221; hover_text_color=&#8221;secondary&#8221; css=&#8221;.vc_custom_1614203544800{margin-bottom: 5px !important;}&#8221;]<a href=\"mailto:info@robusta.com.tr\">info@robusta.com.tr<\/a>[\/tm_heading][\/vc_column][\/vc_row][vc_row][vc_column][tm_spacer size=&#8221;lg:48&#8243;][\/vc_column][\/vc_row][vc_row full_width=&#8221;stretch_row&#8221; content_placement=&#8221;middle&#8221; disable_element=&#8221;yes&#8221; background_color=&#8221;custom&#8221; custom_background_color=&#8221;#f6f2ed&#8221; lg_spacing=&#8221;padding_top:84;padding_bottom:84&#8243;][vc_column offset=&#8221;vc_col-md-8&#8243;][tm_heading custom_google_font=&#8221;&#8221; sm_align=&#8221;center&#8221; font_size=&#8221;sm:28;md:34;lg:40&#8243; line_height=&#8221;1.4&#8243;]We run all kinds of IT services that vow your <mark>success<\/mark>[\/tm_heading][tm_spacer size=&#8221;sm:30&#8243;][\/vc_column][vc_column offset=&#8221;vc_col-md-4&#8243;][tm_button_group align=&#8221;right&#8221; sm_align=&#8221;center&#8221;][tm_button size=&#8221;custom&#8221; button=&#8221;url:%23|title:Let&#8217;s%20talk||&#8221; icon_align=&#8221;left&#8221; icon_type=&#8221;fontawesome5&#8243; icon_fontawesome5=&#8221;far fa-comment-alt-dots&#8221; color=&#8221;custom&#8221; button_bg_color_hover=&#8221;secondary&#8221; button_border_color_hover=&#8221;secondary&#8221; width=&#8221;170&#8243; icon_font_size=&#8221;lg:14&#8243;][tm_button size=&#8221;custom&#8221; button=&#8221;url:%23|title:Get%20info||&#8221; icon_align=&#8221;left&#8221; icon_type=&#8221;fontawesome5&#8243; icon_fontawesome5=&#8221;far fa-info-circle&#8221; color=&#8221;custom&#8221; button_bg_color=&#8221;secondary&#8221; font_color=&#8221;custom&#8221; button_border_color=&#8221;secondary&#8221; button_icon_color=&#8221;custom&#8221; button_bg_color_hover=&#8221;primary&#8221; font_color_hover=&#8221;custom&#8221; button_border_color_hover=&#8221;primary&#8221; button_icon_color_hover=&#8221;custom&#8221; width=&#8221;170&#8243; custom_font_color=&#8221;#ffffff&#8221; custom_button_icon_color=&#8221;#ffffff&#8221; custom_font_color_hover=&#8221;#ffffff&#8221; custom_button_icon_color_hover=&#8221;#ffffff&#8221; icon_font_size=&#8221;lg:14&#8243;][\/tm_button_group][\/vc_column][\/vc_row][vc_row lg_spacing=&#8221;padding_top:20;padding_bottom:20&#8243;][vc_column][vc_raw_html]JTNDZGl2JTIwY2xhc3MlM0QlMjJtYXBvdXRlciUyMiUzRSUzQ2RpdiUyMGNsYXNzJTNEJTIyZ21hcF9jYW52YXMlMjIlM0UlM0NpZnJhbWUlMjB3aWR0aCUzRCUyMjEwMzUlMjIlMjBoZWlnaHQlM0QlMjI1MDAlMjIlMjBpZCUzRCUyMmdtYXBfY2FudmFzJTIyJTIwc3JjJTNEJTIyaHR0cHMlM0ElMkYlMkZtYXBzLmdvb2dsZS5jb20lMkZtYXBzJTNGcSUzRFJvYnVzdGElMjUyMCUyNUM0JTI1QjBUJTI1QzMlMjU5QyUyNTIwQXlhemElMjVDNCUyNTlGYSUyNTIwS2FtcCUyNUMzJTI1QkNzJTI1QzMlMjVCQyUyNTIwVGVrbm9rZW50QXIlMjVDNCUyNUIxNCUyNTIwJTI2dCUzRCUyNnolM0QxNyUyNmllJTNEVVRGOCUyNml3bG9jJTNEJTI2b3V0cHV0JTNEZW1iZWQlMjIlMjBmcmFtZWJvcmRlciUzRCUyMjAlMjIlMjBzY3JvbGxpbmclM0QlMjJubyUyMiUyMG1hcmdpbmhlaWdodCUzRCUyMjAlMjIlMjBtYXJnaW53aWR0aCUzRCUyMjAlMjIlM0UlM0MlMkZpZnJhbWUlM0UlM0NhJTIwaHJlZiUzRCUyMmh0dHBzJTNBJTJGJTJGcHV0bG9ja2VyLWlzLm9yZyUyMiUzRSUzQyUyRmElM0UlM0NiciUzRSUzQ3N0eWxlJTNFLm1hcG91dGVyJTdCcG9zaXRpb24lM0FyZWxhdGl2ZSUzQnRleHQtYWxpZ24lM0FyaWdodCUzQmhlaWdodCUzQTUwMHB4JTNCd2lkdGglM0ExMDM1cHglM0IlN0QlM0MlMkZzdHlsZSUzRSUzQ2ElMjBocmVmJTNEJTIyaHR0cHMlM0ElMkYlMkZ3d3cuZW1iZWRnb29nbGVtYXAubmV0JTIyJTNFZ29vZ2xlJTIwbWFwJTIwaWZyYW1lJTNDJTJGYSUzRSUzQ3N0eWxlJTNFLmdtYXBfY2FudmFzJTIwJTdCb3ZlcmZsb3clM0FoaWRkZW4lM0JiYWNrZ3JvdW5kJTNBbm9uZSUyMWltcG9ydGFudCUzQmhlaWdodCUzQTUwMHB4JTNCd2lkdGglM0ExMDM1cHglM0IlN0QlM0MlMkZzdHlsZSUzRSUzQyUyRmRpdiUzRSUzQyUyRmRpdiUzRQ==[\/vc_raw_html][\/vc_column][\/vc_row]<\/p>\n<\/div>","protected":false},"excerpt":{"rendered":"<p>[vc_row full_width=&#8221;stretch_row&#8221; lg_spacing=&#8221;padding_top:120;padding_bottom:110&#8243; sm_spacing=&#8221;padding_top:100;padding_bottom:100&#8243;][vc_column offset=&#8221;vc_col-md-6&#8243;][tm_spacer size=&#8221;sm:0;lg:32&#8243;][tm_heading style=&#8221;left-line&#8221; custom_google_font=&#8221;&#8221; max_width=&#8221;540px&#8221;]Detayl\u0131 bilgi ve sorular\u0131n\u0131z i\u00e7in formu doldurabilirsiniz. Sizinle irtibata ge\u00e7mek i\u00e7in sab\u0131rs\u0131zlan\u0131yoruz! [\/tm_heading][tm_spacer size=&#8221;lg:12&#8243;][tm_heading tag=&#8221;div&#8221; custom_google_font=&#8221;&#8221; font_size=&#8221;lg:18&#8243; line_height=&#8221;1.67&#8243; css=&#8221;.vc_custom_1614216245951{margin-left: 34px !important;}&#8221;][\/tm_heading][tm_spacer size=&#8221;sm:40&#8243;][\/vc_column][vc_column offset=&#8221;vc_col-md-6&#8243;][vc_raw_html]JTNDZGl2JTIwY2xhc3MlM0QlMjJwaXBlZHJpdmVXZWJGb3JtcyUyMiUyMGRhdGEtcGQtd2ViZm9ybXMlM0QlMjJodHRwcyUzQSUyRiUyRndlYmZvcm1zLnBpcGVkcml2ZS5jb20lMkZmJTJGNnhYVVhiMzVic2xxdHN5WEZUdTRjSnE3WWM4VWJ3YXFuQWpyS1B5alZQdkRVQ2R2NVdvelg4T3djcmVyS2RmRWl2JTIyJTNFJTNDc2NyaXB0JTIwc3JjJTNEJTIyaHR0cHMlM0ElMkYlMkZ3ZWJmb3Jtcy5waXBlZHJpdmUuY29tJTJGZiUyRmxvYWRlciUyMiUzRSUzQyUyRnNjcmlwdCUzRSUzQyUyRmRpdiUzRQ==[\/vc_raw_html][\/vc_column][\/vc_row][vc_row][vc_column width=&#8221;1\/2&#8243;][tm_heading custom_google_font=&#8221;&#8221; font_size=&#8221;sm:18;md:21;lg:24&#8243; line_height=&#8221;1.25&#8243;]Merkez Ofis[\/tm_heading][tm_spacer size=&#8221;lg:19&#8243;][tm_heading tag=&#8221;div&#8221; custom_google_font=&#8221;&#8221; css=&#8221;.vc_custom_1614260101205{margin-bottom: 5px !important;}&#8221;]Palladium Office Residence No: 8\/A Kat: 2-3 34746 Ata\u015fehir \/ \u0130stanbul[\/tm_heading][tm_spacer size=&#8221;lg:20&#8243;][tm_heading tag=&#8221;div&#8221; custom_google_font=&#8221;&#8221; font_weight=&#8221;700&#8243; text_color=&#8221;custom&#8221; custom_text_color=&#8221;#696969&#8243; hover_text_color=&#8221;primary&#8221; css=&#8221;.vc_custom_1614203442562{margin-bottom: 5px !important;}&#8221;]Telefon: +90 216 663 61 18[\/tm_heading][tm_heading tag=&#8221;div&#8221; custom_google_font=&#8221;&#8221; font_weight=&#8221;700&#8243; text_color=&#8221;custom&#8221; custom_text_color=&#8221;#696969&#8243; hover_text_color=&#8221;primary&#8221; css=&#8221;.vc_custom_1614203551022{margin-bottom: 5px !important;}&#8221;]Faks: +90 216 663 61 00[\/tm_heading][tm_heading tag=&#8221;div&#8221; custom_google_font=&#8221;&#8221; text_color=&#8221;primary&#8221; hover_text_color=&#8221;secondary&#8221; css=&#8221;.vc_custom_1614203384016{margin-bottom: 5px !important;}&#8221;]info@robusta.com.tr[\/tm_heading][\/vc_column][vc_column width=&#8221;1\/2&#8243;][tm_heading custom_google_font=&#8221;&#8221; font_size=&#8221;sm:18;md:21;lg:24&#8243; line_height=&#8221;1.25&#8243;]Ar-Ge Ofis[\/tm_heading][tm_spacer size=&#8221;lg:19&#8243;][tm_heading tag=&#8221;div&#8221; custom_google_font=&#8221;&#8221; css=&#8221;.vc_custom_1686751739628{margin-bottom: 5px !important;}&#8221;]\u0130T\u00dc Ayaza\u011fa Kamp\u00fcs\u00fc Teknokent ARI 6 Binas\u0131 No:2 Ofis No: 10 34469 Maslak, \u0130stanbul[\/tm_heading][tm_spacer size=&#8221;lg:20&#8243;][tm_heading tag=&#8221;div&#8221; custom_google_font=&#8221;&#8221; text_color=&#8221;primary&#8221; hover_text_color=&#8221;secondary&#8221; css=&#8221;.vc_custom_1614203544800{margin-bottom: 5px !important;}&#8221;]info@robusta.com.tr[\/tm_heading][\/vc_column][\/vc_row][vc_row][vc_column][tm_spacer size=&#8221;lg:48&#8243;][\/vc_column][\/vc_row][vc_row full_width=&#8221;stretch_row&#8221; content_placement=&#8221;middle&#8221; disable_element=&#8221;yes&#8221; background_color=&#8221;custom&#8221; custom_background_color=&#8221;#f6f2ed&#8221; lg_spacing=&#8221;padding_top:84;padding_bottom:84&#8243;][vc_column offset=&#8221;vc_col-md-8&#8243;][tm_heading custom_google_font=&#8221;&#8221; sm_align=&#8221;center&#8221; font_size=&#8221;sm:28;md:34;lg:40&#8243; line_height=&#8221;1.4&#8243;]We run all kinds of IT services that vow your success[\/tm_heading][tm_spacer size=&#8221;sm:30&#8243;][\/vc_column][vc_column offset=&#8221;vc_col-md-4&#8243;][tm_button_group align=&#8221;right&#8221; sm_align=&#8221;center&#8221;][tm_button size=&#8221;custom&#8221; button=&#8221;url:%23|title:Let&#8217;s%20talk||&#8221; icon_align=&#8221;left&#8221; icon_type=&#8221;fontawesome5&#8243; icon_fontawesome5=&#8221;far fa-comment-alt-dots&#8221; color=&#8221;custom&#8221; button_bg_color_hover=&#8221;secondary&#8221; button_border_color_hover=&#8221;secondary&#8221; width=&#8221;170&#8243; icon_font_size=&#8221;lg:14&#8243;][tm_button size=&#8221;custom&#8221; button=&#8221;url:%23|title:Get%20info||&#8221; icon_align=&#8221;left&#8221; icon_type=&#8221;fontawesome5&#8243; icon_fontawesome5=&#8221;far fa-info-circle&#8221; color=&#8221;custom&#8221; button_bg_color=&#8221;secondary&#8221; font_color=&#8221;custom&#8221; button_border_color=&#8221;secondary&#8221; button_icon_color=&#8221;custom&#8221; button_bg_color_hover=&#8221;primary&#8221; font_color_hover=&#8221;custom&#8221; button_border_color_hover=&#8221;primary&#8221; button_icon_color_hover=&#8221;custom&#8221; width=&#8221;170&#8243; custom_font_color=&#8221;#ffffff&#8221; custom_button_icon_color=&#8221;#ffffff&#8221; custom_font_color_hover=&#8221;#ffffff&#8221; custom_button_icon_color_hover=&#8221;#ffffff&#8221; icon_font_size=&#8221;lg:14&#8243;][\/tm_button_group][\/vc_column][\/vc_row][vc_row lg_spacing=&#8221;padding_top:20;padding_bottom:20&#8243;][vc_column][vc_raw_html]JTNDZGl2JTIwY2xhc3MlM0QlMjJtYXBvdXRlciUyMiUzRSUzQ2RpdiUyMGNsYXNzJTNEJTIyZ21hcF9jYW52YXMlMjIlM0UlM0NpZnJhbWUlMjB3aWR0aCUzRCUyMjEwMzUlMjIlMjBoZWlnaHQlM0QlMjI1MDAlMjIlMjBpZCUzRCUyMmdtYXBfY2FudmFzJTIyJTIwc3JjJTNEJTIyaHR0cHMlM0ElMkYlMkZtYXBzLmdvb2dsZS5jb20lMkZtYXBzJTNGcSUzRFJvYnVzdGElMjUyMCUyNUM0JTI1QjBUJTI1QzMlMjU5QyUyNTIwQXlhemElMjVDNCUyNTlGYSUyNTIwS2FtcCUyNUMzJTI1QkNzJTI1QzMlMjVCQyUyNTIwVGVrbm9rZW50QXIlMjVDNCUyNUIxNCUyNTIwJTI2dCUzRCUyNnolM0QxNyUyNmllJTNEVVRGOCUyNml3bG9jJTNEJTI2b3V0cHV0JTNEZW1iZWQlMjIlMjBmcmFtZWJvcmRlciUzRCUyMjAlMjIlMjBzY3JvbGxpbmclM0QlMjJubyUyMiUyMG1hcmdpbmhlaWdodCUzRCUyMjAlMjIlMjBtYXJnaW53aWR0aCUzRCUyMjAlMjIlM0UlM0MlMkZpZnJhbWUlM0UlM0NhJTIwaHJlZiUzRCUyMmh0dHBzJTNBJTJGJTJGcHV0bG9ja2VyLWlzLm9yZyUyMiUzRSUzQyUyRmElM0UlM0NiciUzRSUzQ3N0eWxlJTNFLm1hcG91dGVyJTdCcG9zaXRpb24lM0FyZWxhdGl2ZSUzQnRleHQtYWxpZ24lM0FyaWdodCUzQmhlaWdodCUzQTUwMHB4JTNCd2lkdGglM0ExMDM1cHglM0IlN0QlM0MlMkZzdHlsZSUzRSUzQ2ElMjBocmVmJTNEJTIyaHR0cHMlM0ElMkYlMkZ3d3cuZW1iZWRnb29nbGVtYXAubmV0JTIyJTNFZ29vZ2xlJTIwbWFwJTIwaWZyYW1lJTNDJTJGYSUzRSUzQ3N0eWxlJTNFLmdtYXBfY2FudmFzJTIwJTdCb3ZlcmZsb3clM0FoaWRkZW4lM0JiYWNrZ3JvdW5kJTNBbm9uZSUyMWltcG9ydGFudCUzQmhlaWdodCUzQTUwMHB4JTNCd2lkdGglM0ExMDM1cHglM0IlN0QlM0MlMkZzdHlsZSUzRSUzQyUyRmRpdiUzRSUzQyUyRmRpdiUzRQ==[\/vc_raw_html][\/vc_column][\/vc_row]<\/p>\n","protected":false},"author":2778,"featured_media":0,"parent":0,"menu_order":0,"comment_status":"closed","ping_status":"closed","template":"","meta":{"footnotes":""},"class_list":["post-8711","page","type-page","status-publish","hentry","post-no-thumbnail"],"_links":{"self":[{"href":"https:\/\/robusta.ai\/tr\/wp-json\/wp\/v2\/pages\/8711","targetHints":{"allow":["GET"]}}],"collection":[{"href":"https:\/\/robusta.ai\/tr\/wp-json\/wp\/v2\/pages"}],"about":[{"href":"https:\/\/robusta.ai\/tr\/wp-json\/wp\/v2\/types\/page"}],"author":[{"embeddable":true,"href":"https:\/\/robusta.ai\/tr\/wp-json\/wp\/v2\/users\/2778"}],"replies":[{"embeddable":true,"href":"https:\/\/robusta.ai\/tr\/wp-json\/wp\/v2\/comments?post=8711"}],"version-history":[{"count":12,"href":"https:\/\/robusta.ai\/tr\/wp-json\/wp\/v2\/pages\/8711\/revisions"}],"predecessor-version":[{"id":12632,"href":"https:\/\/robusta.ai\/tr\/wp-json\/wp\/v2\/pages\/8711\/revisions\/12632"}],"wp:attachment":[{"href":"https:\/\/robusta.ai\/tr\/wp-json\/wp\/v2\/media?parent=8711"}],"curies":[{"name":"wp","href":"https:\/\/api.w.org\/{rel}","templated":true}]}}