{"id":8719,"date":"2022-04-26T18:12:04","date_gmt":"2022-04-26T15:12:04","guid":{"rendered":"https:\/\/robusta.ai\/?page_id=8719"},"modified":"2024-02-23T20:13:55","modified_gmt":"2024-02-23T17:13:55","slug":"rpa-kullanim-alanlari","status":"publish","type":"page","link":"https:\/\/robusta.ai\/tr\/rpa-kullanim-alanlari\/","title":{"rendered":"RPA Kullan\u0131m Alanlar\u0131"},"content":{"rendered":"<div class=\"wpb-content-wrapper\"><p>[vc_row full_width=&#8221;stretch_row&#8221;][vc_column][tm_spacer size=&#8221;lg:50&#8243;][tm_heading custom_google_font=&#8221;&#8221; align=&#8221;center&#8221; font_size=&#8221;sm:28;md:34;lg:40&#8243; line_height=&#8221;1.4&#8243;]T\u00fcm end\u00fcstriler, t\u00fcm departmanlar i\u00e7in<br \/>\n<mark>RPA kullan\u0131m \u00f6rnekleri<\/mark> [\/tm_heading][tm_spacer size=&#8221;lg:18&#8243;][tm_case_study caption_style=&#8221;01&#8243; number=&#8221;20&#8243; filter_enable=&#8221;1&#8243; filter_counter=&#8221;1&#8243; pagination=&#8221;pagination&#8221; columns=&#8221;xs:1;sm:2;lg:3&#8243; column_gutter=&#8221;lg:30&#8243; row_gutter=&#8221;lg:30&#8243;][tm_spacer size=&#8221;lg:100&#8243;][\/vc_column][\/vc_row]<\/p>\n<\/div>","protected":false},"excerpt":{"rendered":"<p>[vc_row full_width=&#8221;stretch_row&#8221;][vc_column][tm_spacer size=&#8221;lg:50&#8243;][tm_heading custom_google_font=&#8221;&#8221; align=&#8221;center&#8221; font_size=&#8221;sm:28;md:34;lg:40&#8243; line_height=&#8221;1.4&#8243;]T\u00fcm end\u00fcstriler, t\u00fcm departmanlar i\u00e7in RPA kullan\u0131m \u00f6rnekleri [\/tm_heading][tm_spacer size=&#8221;lg:18&#8243;][tm_case_study caption_style=&#8221;01&#8243; number=&#8221;20&#8243; filter_enable=&#8221;1&#8243; filter_counter=&#8221;1&#8243; pagination=&#8221;pagination&#8221; columns=&#8221;xs:1;sm:2;lg:3&#8243; column_gutter=&#8221;lg:30&#8243; row_gutter=&#8221;lg:30&#8243;][tm_spacer size=&#8221;lg:100&#8243;][\/vc_column][\/vc_row]<\/p>\n","protected":false},"author":2,"featured_media":8725,"parent":0,"menu_order":0,"comment_status":"closed","ping_status":"closed","template":"","meta":{"footnotes":""},"class_list":["post-8719","page","type-page","status-publish","has-post-thumbnail","hentry"],"_links":{"self":[{"href":"https:\/\/robusta.ai\/tr\/wp-json\/wp\/v2\/pages\/8719","targetHints":{"allow":["GET"]}}],"collection":[{"href":"https:\/\/robusta.ai\/tr\/wp-json\/wp\/v2\/pages"}],"about":[{"href":"https:\/\/robusta.ai\/tr\/wp-json\/wp\/v2\/types\/page"}],"author":[{"embeddable":true,"href":"https:\/\/robusta.ai\/tr\/wp-json\/wp\/v2\/users\/2"}],"replies":[{"embeddable":true,"href":"https:\/\/robusta.ai\/tr\/wp-json\/wp\/v2\/comments?post=8719"}],"version-history":[{"count":12,"href":"https:\/\/robusta.ai\/tr\/wp-json\/wp\/v2\/pages\/8719\/revisions"}],"predecessor-version":[{"id":11047,"href":"https:\/\/robusta.ai\/tr\/wp-json\/wp\/v2\/pages\/8719\/revisions\/11047"}],"wp:featuredmedia":[{"embeddable":true,"href":"https:\/\/robusta.ai\/tr\/wp-json\/wp\/v2\/media\/8725"}],"wp:attachment":[{"href":"https:\/\/robusta.ai\/tr\/wp-json\/wp\/v2\/media?parent=8719"}],"curies":[{"name":"wp","href":"https:\/\/api.w.org\/{rel}","templated":true}]}}