{"id":8727,"date":"2022-04-26T18:16:57","date_gmt":"2022-04-26T15:16:57","guid":{"rendered":"https:\/\/robusta.ai\/?page_id=8727"},"modified":"2025-09-24T12:50:51","modified_gmt":"2025-09-24T09:50:51","slug":"blog","status":"publish","type":"page","link":"https:\/\/robusta.ai\/tr\/blog\/","title":{"rendered":"Blog"},"content":{"rendered":"<div class=\"wpb-content-wrapper\"><p>[vc_row lg_spacing=&#8221;padding_top:70&#8243;][vc_column][tm_heading custom_google_font=&#8221;&#8221; align=&#8221;center&#8221; animation=&#8221;none&#8221; font_size=&#8221;sm:28;md:34;lg:40&#8243;]RPA d\u00fcnyas\u0131n\u0131 Robusta Blog ile<br \/>\n<mark>takip edin.<\/mark><br \/>\n[\/tm_heading][tm_spacer size=&#8221;lg:70&#8243;][tm_blog style=&#8221;grid-classic&#8221; animation=&#8221;none&#8221; number=&#8221;40&#8243; taxonomies=&#8221;category:blog&#8221; columns=&#8221;xs:1;sm:2;lg:1&#8243; column_gutter=&#8221;lg:20&#8243; row_gutter=&#8221;lg:20&#8243;][\/vc_column][\/vc_row]<\/p>\n<\/div>","protected":false},"excerpt":{"rendered":"<p>[vc_row lg_spacing=&#8221;padding_top:70&#8243;][vc_column][tm_heading custom_google_font=&#8221;&#8221; align=&#8221;center&#8221; animation=&#8221;none&#8221; font_size=&#8221;sm:28;md:34;lg:40&#8243;]RPA d\u00fcnyas\u0131n\u0131 Robusta Blog ile takip edin. [\/tm_heading][tm_spacer size=&#8221;lg:70&#8243;][tm_blog style=&#8221;grid-classic&#8221; animation=&#8221;none&#8221; number=&#8221;40&#8243; taxonomies=&#8221;category:blog&#8221; columns=&#8221;xs:1;sm:2;lg:1&#8243; column_gutter=&#8221;lg:20&#8243; row_gutter=&#8221;lg:20&#8243;][\/vc_column][\/vc_row]<\/p>\n","protected":false},"author":2778,"featured_media":0,"parent":0,"menu_order":0,"comment_status":"closed","ping_status":"closed","template":"","meta":{"footnotes":""},"class_list":["post-8727","page","type-page","status-publish","hentry","post-no-thumbnail"],"_links":{"self":[{"href":"https:\/\/robusta.ai\/tr\/wp-json\/wp\/v2\/pages\/8727","targetHints":{"allow":["GET"]}}],"collection":[{"href":"https:\/\/robusta.ai\/tr\/wp-json\/wp\/v2\/pages"}],"about":[{"href":"https:\/\/robusta.ai\/tr\/wp-json\/wp\/v2\/types\/page"}],"author":[{"embeddable":true,"href":"https:\/\/robusta.ai\/tr\/wp-json\/wp\/v2\/users\/2778"}],"replies":[{"embeddable":true,"href":"https:\/\/robusta.ai\/tr\/wp-json\/wp\/v2\/comments?post=8727"}],"version-history":[{"count":18,"href":"https:\/\/robusta.ai\/tr\/wp-json\/wp\/v2\/pages\/8727\/revisions"}],"predecessor-version":[{"id":13061,"href":"https:\/\/robusta.ai\/tr\/wp-json\/wp\/v2\/pages\/8727\/revisions\/13061"}],"wp:attachment":[{"href":"https:\/\/robusta.ai\/tr\/wp-json\/wp\/v2\/media?parent=8727"}],"curies":[{"name":"wp","href":"https:\/\/api.w.org\/{rel}","templated":true}]}}