{"id":8801,"date":"2022-04-28T19:42:58","date_gmt":"2022-04-28T16:42:58","guid":{"rendered":"https:\/\/robusta.ai\/?page_id=8801"},"modified":"2022-04-28T20:19:21","modified_gmt":"2022-04-28T17:19:21","slug":"kisisel-verilerin-islenmesine-iliskin-aydinlatma-metni","status":"publish","type":"page","link":"https:\/\/robusta.ai\/tr\/kisisel-verilerin-islenmesine-iliskin-aydinlatma-metni\/","title":{"rendered":"Ki\u015fisel Verilerin \u0130\u015flenmesine \u0130li\u015fkin Ayd\u0131nlatma Metni"},"content":{"rendered":"<div class=\"wpb-content-wrapper\"><p>[vc_row][vc_column][tm_heading custom_google_font=&#8221;&#8221;]Terms Of Use[\/tm_heading][tm_spacer size=&#8221;lg:30&#8243;][vc_wp_text]<span style=\"font-weight: 400;\">As Robusta Yaz\u0131l\u0131m Otomasyon Dan\u0131\u015fmanl\u0131k San. ve Tic. A.\u015e.. (\u201cCompany\u201d), we take maximum care of the security of your personal data. In this regard, we give importance to the processing and storage of personal data of each person provided to us in accordance with the Law on Protection of Personal Data numbered 6698 (\u201cLaw\u201d).<\/span><\/p>\n<p><span style=\"font-weight: 400;\">\u00a0<\/span><\/p>\n<p><span style=\"font-weight: 400;\">Collection, Processing, and Purposes of Processing of Personal Data<\/span><\/p>\n<p><span style=\"font-weight: 400;\">Your personal data including your special personal data from time to time shall be collected and processed by our Company for the recruitment process, execution and administration of employment, the performance of our Company\u2019s legal obligations, in cases where the processing of data is obligatory due to establishment, protection or exercise of a right, for establishment and performance of commercial and contractual relationship between you and our Company, for legitimate purposes of our Company or for sending of commercial electronic messages with the purpose of marketing and promotion of our Company\u2019s products and services provided that you have consented to such purpose.<\/span><\/p>\n<p><span style=\"font-weight: 400;\">\u00a0<\/span><\/p>\n<p><span style=\"font-weight: 400;\">To Whom and For Which Purposes the Processed Personal Data May Be Transferred<\/span><\/p>\n<p><span style=\"font-weight: 400;\">Your personal data that are collected by our Company may be transferred to other employees, our business partners, customers, affiliates, Company officials, suppliers, persons performing services, public institutions legally authorized and legal persons located in Turkey and\/or other countries in accordance with conditions and purposes for protection of personal data set out in articles 8 and 9 of the Law for recruitment process, execution and administration of employment, performance of our Company\u2019s legal obligations, in cases where processing of data is obligatory due to establishment, protection or exercise of a right, for establishment and performance of commercial and contractual relationship between you and our Company, for legitimate purposes of our Company or for sending of commercial electronic messages with the purpose of marketing and promotion of our Company\u2019s products and services provided that you have consented to such purpose.<\/span><\/p>\n<p><span style=\"font-weight: 400;\">In addition, such data may be transferred to servers\/programs\/cloud located in Turkey\/abroad.\u00a0<\/span><\/p>\n<p>&nbsp;<\/p>\n<p><span style=\"font-weight: 400;\">Method and Legal Cause of Collection of Personal Data\u00a0<\/span><\/p>\n<p><span style=\"font-weight: 400;\">Your personal data is obtained in all kinds of verbal, written or electronic environment. In the light of the purposes stated above, your personal data is obtained by our Company in order to fulfill of our Company\u2019s contractual and legal obligations in a complete and accurate manner. Your personal data collected for such legal cause may be processed and transferred for the purposes stated in articles (1) and (2) of this Information Note within the scope of conditions and purposed of processing of personal data stated in articles 5 and 6 of the Law.<\/span><\/p>\n<p>&nbsp;<\/p>\n<p><span style=\"font-weight: 400;\">Data Security<\/span><\/p>\n<p><span style=\"font-weight: 400;\">Our Company protects your personal data in full compliance with all reasonable technical and administrative security controls, which are required to be conducted according to information security standards and procedures, and at an appropriate level against the potential risks.<\/span><\/p>\n<p>&nbsp;<\/p>\n<p><span style=\"font-weight: 400;\">Data Subject\u2019s Rights Stated In Article 11 of the Law<\/span><\/p>\n<p><span style=\"font-weight: 400;\">In case you submit your requests regarding your rights as data subject to our Company in accordance with legislation, our Company shall respond to such request free of charge and within maximum 30 days depending on the nature of the request. If the written response to your application exceeds 10 pages, transaction fee amounting to 1 Turkish Lira may be charged for each page exceeding 10 pages. In case the response is provided in a recording environment such as CD, flash disk, a fee amounting to cost of the recording environment may be charged.<\/span><\/p>\n<p>&nbsp;<\/p>\n<p><span style=\"font-weight: 400;\">In this regard, data subjects have the following rights:<\/span><\/p>\n<p><span style=\"font-weight: 400;\">Right to acknowledge whether the personal data is processed,\u00a0<\/span><\/p>\n<p><span style=\"font-weight: 400;\">Right to request information on the matter, if the personal data is processed,\u00a0<\/span><\/p>\n<p><span style=\"font-weight: 400;\">Right to acknowledge the purpose of processing of personal data and whether the personal data is used in accordance with such purpose,\u00a0<\/span><\/p>\n<p><span style=\"font-weight: 400;\">Right to know the third parties to which the personal data are transmitted domestically or in abroad,\u00a0<\/span><\/p>\n<p><span style=\"font-weight: 400;\">If the personal data is processed wrongfully or deficiently, right to request for correction of the personal data and to request notification of the transaction performed in this respect to third parties, to which personal data is transferred,\u00a0<\/span><\/p>\n<p><span style=\"font-weight: 400;\">Right to request for deletion or disposal of the personal data, when the reasons require processing of such personal data are disappeared, even though the personal data are processed in compliance with the Law and provisions of other relevant laws, and to request notification of the transaction performed in this respect to third parties, to which personal data is transferred,\u00a0<\/span><\/p>\n<p><span style=\"font-weight: 400;\">Right to object to occurrence of a circumstance against the interest of the data subject, which came to existence as a result of analyzing the processed data exclusively by automatic systems,\u00a0<\/span><\/p>\n<p><span style=\"font-weight: 400;\">Right to request for compensation for the damages incurred due to unlawful processing of personal data.<\/span><\/p>\n<p><span style=\"font-weight: 400;\">In order to exercise your rights, you may contact us by sending a notice to Barbaros Mahallesi Halk Caddesi, Palladium Ofis ve Residence No:8\/A KAT:2-3, Atasehir 34746, Istanbul, T\u00fcrkiye or sending an e-mail to info@robusta.ai<\/span>[\/vc_wp_text][\/vc_column][\/vc_row]<\/p>\n<\/div>","protected":false},"excerpt":{"rendered":"<p>[vc_row][vc_column][tm_heading custom_google_font=&#8221;&#8221;]Terms Of Use[\/tm_heading][tm_spacer size=&#8221;lg:30&#8243;][vc_wp_text]As Robusta Yaz\u0131l\u0131m Otomasyon Dan\u0131\u015fmanl\u0131k San. ve Tic. A.\u015e.. (\u201cCompany\u201d), we take maximum care of the security of your personal data. In this regard, we give importance to the processing and storage of personal data of each person provided to us in accordance with the Law on Protection of Personal Data numbered 6698 (\u201cLaw\u201d). \u00a0 Collection, Processing, and Purposes of Processing of Personal Data Your personal data including your special personal data from time to time shall be collected and processed by our Company for the recruitment process, execution and administration of employment, the performance of our Company\u2019s legal obligations, in cases where the processing of data is obligatory due to establishment, protection or exercise of a right, for establishment and performance of commercial and contractual relationship between you and our Company, for legitimate purposes of our Company or for sending of commercial electronic messages with the purpose of marketing and promotion of our Company\u2019s products and services provided that you have consented to such purpose. \u00a0 To Whom and For Which Purposes the Processed Personal Data May Be Transferred Your personal data that are collected by our Company may be transferred to other employees, our business partners, customers, affiliates, Company officials, suppliers, persons performing services, public institutions legally authorized and legal persons located in Turkey and\/or other countries in accordance with conditions and purposes for protection of personal data set out in articles 8 and 9 of the Law for recruitment process, execution and administration of employment, performance of our Company\u2019s legal obligations, in cases where processing of data is obligatory due to establishment, protection or exercise of a right, for establishment and performance of commercial and contractual relationship between you and our Company, for legitimate purposes of our Company or for sending of commercial electronic messages with the purpose of marketing and promotion of our Company\u2019s products and services provided that you have consented to such purpose. In addition, such data may be transferred to servers\/programs\/cloud located in Turkey\/abroad.\u00a0 &nbsp; Method and Legal Cause of Collection of Personal Data\u00a0 Your personal data is obtained in all kinds of verbal, written or electronic environment. In the light of the purposes stated above, your personal data is obtained by our Company in order to fulfill of our Company\u2019s contractual and legal obligations in a complete and accurate manner. Your personal data collected for such legal cause may be processed and transferred for the purposes stated in articles (1) and (2) of this Information Note within the scope of conditions and purposed of processing of personal data stated in articles 5 and 6 of the Law. &nbsp; Data Security Our Company protects your personal data in full compliance with all reasonable technical and administrative security controls, which are required to be conducted according to information security standards and procedures, and at an appropriate level against the potential risks. &nbsp; Data Subject\u2019s Rights Stated In Article 11 of the Law In case you submit your requests regarding your rights as data subject to our Company in accordance with legislation, our Company shall respond to such request free of charge and within maximum 30 days depending on the nature of the request. If the written response to your application exceeds 10 pages, transaction fee amounting to 1 Turkish Lira may be charged for each page exceeding 10 pages. In case the response is provided in a recording environment such as CD, flash disk, a fee amounting to cost of the recording environment may be charged. &nbsp; In this regard, data subjects have the following rights: Right to acknowledge whether the personal data is processed,\u00a0 Right to request information on the matter, if the personal data is processed,\u00a0 Right to acknowledge the purpose of processing of personal data and whether the personal data is used in accordance with such purpose,\u00a0 Right to know the third parties to which the personal data are transmitted domestically or in abroad,\u00a0 If the personal data is processed wrongfully or deficiently, right to request for correction of the personal data and to request notification of the transaction performed in this respect to third parties, to which personal data is transferred,\u00a0 Right to request for deletion or disposal of the personal data, when the reasons require processing of such personal data are disappeared, even though the personal data are processed in compliance with the Law and provisions of other relevant laws, and to request notification of the transaction performed in this respect to third parties, to which personal data is transferred,\u00a0 Right to object to occurrence of a circumstance against the interest of the data subject, which came to existence as a result of analyzing the processed data exclusively by automatic systems,\u00a0 Right to request for compensation for the damages incurred due to unlawful processing of personal data. In order to exercise your rights, you may contact us by sending a notice to Barbaros Mahallesi Halk Caddesi, Palladium Ofis ve Residence No:8\/A KAT:2-3, Atasehir 34746, Istanbul, T\u00fcrkiye or sending an e-mail to info@robusta.ai[\/vc_wp_text][\/vc_column][\/vc_row]<\/p>\n","protected":false},"author":2778,"featured_media":0,"parent":0,"menu_order":0,"comment_status":"closed","ping_status":"closed","template":"","meta":{"footnotes":""},"class_list":["post-8801","page","type-page","status-publish","hentry","post-no-thumbnail"],"_links":{"self":[{"href":"https:\/\/robusta.ai\/tr\/wp-json\/wp\/v2\/pages\/8801","targetHints":{"allow":["GET"]}}],"collection":[{"href":"https:\/\/robusta.ai\/tr\/wp-json\/wp\/v2\/pages"}],"about":[{"href":"https:\/\/robusta.ai\/tr\/wp-json\/wp\/v2\/types\/page"}],"author":[{"embeddable":true,"href":"https:\/\/robusta.ai\/tr\/wp-json\/wp\/v2\/users\/2778"}],"replies":[{"embeddable":true,"href":"https:\/\/robusta.ai\/tr\/wp-json\/wp\/v2\/comments?post=8801"}],"version-history":[{"count":10,"href":"https:\/\/robusta.ai\/tr\/wp-json\/wp\/v2\/pages\/8801\/revisions"}],"predecessor-version":[{"id":8998,"href":"https:\/\/robusta.ai\/tr\/wp-json\/wp\/v2\/pages\/8801\/revisions\/8998"}],"wp:attachment":[{"href":"https:\/\/robusta.ai\/tr\/wp-json\/wp\/v2\/media?parent=8801"}],"curies":[{"name":"wp","href":"https:\/\/api.w.org\/{rel}","templated":true}]}}