{"id":8862,"date":"2022-04-28T20:24:18","date_gmt":"2022-04-28T17:24:18","guid":{"rendered":"https:\/\/robusta.ai\/?page_id=8862"},"modified":"2022-04-29T16:51:19","modified_gmt":"2022-04-29T13:51:19","slug":"demo-talep-edin","status":"publish","type":"page","link":"https:\/\/robusta.ai\/tr\/demo-talep-edin\/","title":{"rendered":"Demo Talep Edin"},"content":{"rendered":"<div class=\"wpb-content-wrapper\"><p>[vc_row][vc_column width=&#8221;1\/2&#8243; custom_border_color=&#8221;#ffffff&#8221;][tm_heading custom_google_font=&#8221;&#8221; google_fonts=&#8221;font_family:Lato%3A100%2C100italic%2C300%2C300italic%2Cregular%2Citalic%2C700%2C700italic%2C900%2C900italic|font_style:100%20light%20regular%3A100%3Anormal&#8221; animation=&#8221;none&#8221;]<mark>Robusta&#8217;y\u0131 bir demo ile <\/mark>deneyimleyin.[\/tm_heading][tm_spacer size=&#8221;lg:30&#8243;][tm_heading tag=&#8221;p&#8221; custom_google_font=&#8221;&#8221; google_fonts=&#8221;font_family:Lato%3A100%2C100italic%2C300%2C300italic%2Cregular%2Citalic%2C700%2C700italic%2C900%2C900italic|font_style:100%20light%20regular%3A100%3Anormal&#8221; font_weight=&#8221;100&#8243; animation=&#8221;none&#8221; font_size=&#8221;lg:18&#8243;]\u0130\u015fletmelerin, i\u015f s\u00fcre\u00e7lerini Robusta RPA ile otomatikle\u015ftirerek \u00fcretkenli\u011fi nas\u0131l art\u0131rd\u0131klar\u0131n\u0131 g\u00f6rmek i\u00e7in temsilcilerimizden biriyle ki\u015fiselle\u015ftirilmi\u015f bir \u00fcr\u00fcn turuna \u00e7\u0131k\u0131n.[\/tm_heading][tm_spacer size=&#8221;lg:50&#8243;][tm_grid animation=&#8221;none&#8221; columns=&#8221;xs:1;sm:1;md:1;lg:1&#8243;][tm_box_icon style=&#8221;03&#8243; icon_type=&#8221;linea&#8221; icon_linea=&#8221;linea-basic-share&#8221; animation=&#8221;none&#8221; heading=&#8221;BPM uyumlu mimari&#8221; text=&#8221;S\u00fcre\u00e7lerinizi BPMN 2.0 notasyonuna g\u00f6re kolayca tasarlay\u0131n, g\u00f6r\u00fcnt\u00fcleyin ve g\u00fcncelleyin.&#8221;][tm_box_icon style=&#8221;03&#8243; icon_type=&#8221;linea&#8221; icon_linea=&#8221;linea-arrows-info&#8221; animation=&#8221;none&#8221; heading=&#8221;Kodlama geretirmeyen s\u00fcre\u00e7 tasar\u0131m\u0131&#8221; text=&#8221;Hiperotomasyon i\u00e7in kod gerektirmeyen tasar\u0131m st\u00fcdyosu ile kolayca ak\u0131ll\u0131 botlar olu\u015fturun.&#8221;][tm_box_icon style=&#8221;03&#8243; icon_type=&#8221;linea&#8221; icon_linea=&#8221;linea-basic-lightbulb&#8221; animation=&#8221;none&#8221; heading=&#8221;Bili\u015fsel Yetenekler&#8221; text=&#8221;Robusta RPA&#8217;n\u0131n yapay zeka destekli botlar\u0131 ile ak\u0131ll\u0131 i\u015f s\u00fcreci otomasyonunu ke\u015ffedin.&#8221;][\/tm_grid][\/vc_column][vc_column width=&#8221;1\/2&#8243; align=&#8221;right&#8221;][vc_raw_html]JTNDZGl2JTIwY2xhc3MlM0QlMjJwaXBlZHJpdmVXZWJGb3JtcyUyMiUyMGRhdGEtcGQtd2ViZm9ybXMlM0QlMjJodHRwcyUzQSUyRiUyRndlYmZvcm1zLnBpcGVkcml2ZS5jb20lMkZmJTJGY2NSNkR4czBGVHNWWDYwSkRLOWRHUzhKOW1JdUpkRkVDT0hXcEtzTjNDdFJyNVlNc0xPdEdaNXpFU1Nkb2pZRGR4JTIyJTNFJTNDc2NyaXB0JTIwc3JjJTNEJTIyaHR0cHMlM0ElMkYlMkZ3ZWJmb3Jtcy5waXBlZHJpdmUuY29tJTJGZiUyRmxvYWRlciUyMiUzRSUzQyUyRnNjcmlwdCUzRSUzQyUyRmRpdiUzRQ==[\/vc_raw_html][\/vc_column][\/vc_row]<\/p>\n<\/div>","protected":false},"excerpt":{"rendered":"<p>[vc_row][vc_column width=&#8221;1\/2&#8243; custom_border_color=&#8221;#ffffff&#8221;][tm_heading custom_google_font=&#8221;&#8221; google_fonts=&#8221;font_family:Lato%3A100%2C100italic%2C300%2C300italic%2Cregular%2Citalic%2C700%2C700italic%2C900%2C900italic|font_style:100%20light%20regular%3A100%3Anormal&#8221; animation=&#8221;none&#8221;]Robusta&#8217;y\u0131 bir demo ile deneyimleyin.[\/tm_heading][tm_spacer size=&#8221;lg:30&#8243;][tm_heading tag=&#8221;p&#8221; custom_google_font=&#8221;&#8221; google_fonts=&#8221;font_family:Lato%3A100%2C100italic%2C300%2C300italic%2Cregular%2Citalic%2C700%2C700italic%2C900%2C900italic|font_style:100%20light%20regular%3A100%3Anormal&#8221; font_weight=&#8221;100&#8243; animation=&#8221;none&#8221; font_size=&#8221;lg:18&#8243;]\u0130\u015fletmelerin, i\u015f s\u00fcre\u00e7lerini Robusta RPA ile otomatikle\u015ftirerek \u00fcretkenli\u011fi nas\u0131l art\u0131rd\u0131klar\u0131n\u0131 g\u00f6rmek i\u00e7in temsilcilerimizden biriyle ki\u015fiselle\u015ftirilmi\u015f bir \u00fcr\u00fcn turuna \u00e7\u0131k\u0131n.[\/tm_heading][tm_spacer size=&#8221;lg:50&#8243;][tm_grid animation=&#8221;none&#8221; columns=&#8221;xs:1;sm:1;md:1;lg:1&#8243;][tm_box_icon style=&#8221;03&#8243; icon_type=&#8221;linea&#8221; icon_linea=&#8221;linea-basic-share&#8221; animation=&#8221;none&#8221; heading=&#8221;BPM uyumlu mimari&#8221; text=&#8221;S\u00fcre\u00e7lerinizi BPMN 2.0 notasyonuna g\u00f6re kolayca tasarlay\u0131n, g\u00f6r\u00fcnt\u00fcleyin ve g\u00fcncelleyin.&#8221;][tm_box_icon style=&#8221;03&#8243; icon_type=&#8221;linea&#8221; icon_linea=&#8221;linea-arrows-info&#8221; animation=&#8221;none&#8221; heading=&#8221;Kodlama geretirmeyen s\u00fcre\u00e7 tasar\u0131m\u0131&#8221; text=&#8221;Hiperotomasyon i\u00e7in kod gerektirmeyen tasar\u0131m st\u00fcdyosu ile kolayca ak\u0131ll\u0131 botlar olu\u015fturun.&#8221;][tm_box_icon style=&#8221;03&#8243; icon_type=&#8221;linea&#8221; icon_linea=&#8221;linea-basic-lightbulb&#8221; animation=&#8221;none&#8221; heading=&#8221;Bili\u015fsel Yetenekler&#8221; text=&#8221;Robusta RPA&#8217;n\u0131n yapay zeka destekli botlar\u0131 ile ak\u0131ll\u0131 i\u015f s\u00fcreci otomasyonunu ke\u015ffedin.&#8221;][\/tm_grid][\/vc_column][vc_column width=&#8221;1\/2&#8243; align=&#8221;right&#8221;][vc_raw_html]JTNDZGl2JTIwY2xhc3MlM0QlMjJwaXBlZHJpdmVXZWJGb3JtcyUyMiUyMGRhdGEtcGQtd2ViZm9ybXMlM0QlMjJodHRwcyUzQSUyRiUyRndlYmZvcm1zLnBpcGVkcml2ZS5jb20lMkZmJTJGY2NSNkR4czBGVHNWWDYwSkRLOWRHUzhKOW1JdUpkRkVDT0hXcEtzTjNDdFJyNVlNc0xPdEdaNXpFU1Nkb2pZRGR4JTIyJTNFJTNDc2NyaXB0JTIwc3JjJTNEJTIyaHR0cHMlM0ElMkYlMkZ3ZWJmb3Jtcy5waXBlZHJpdmUuY29tJTJGZiUyRmxvYWRlciUyMiUzRSUzQyUyRnNjcmlwdCUzRSUzQyUyRmRpdiUzRQ==[\/vc_raw_html][\/vc_column][\/vc_row]<\/p>\n","protected":false},"author":2778,"featured_media":0,"parent":0,"menu_order":0,"comment_status":"closed","ping_status":"closed","template":"","meta":{"footnotes":""},"class_list":["post-8862","page","type-page","status-publish","hentry","post-no-thumbnail"],"_links":{"self":[{"href":"https:\/\/robusta.ai\/tr\/wp-json\/wp\/v2\/pages\/8862","targetHints":{"allow":["GET"]}}],"collection":[{"href":"https:\/\/robusta.ai\/tr\/wp-json\/wp\/v2\/pages"}],"about":[{"href":"https:\/\/robusta.ai\/tr\/wp-json\/wp\/v2\/types\/page"}],"author":[{"embeddable":true,"href":"https:\/\/robusta.ai\/tr\/wp-json\/wp\/v2\/users\/2778"}],"replies":[{"embeddable":true,"href":"https:\/\/robusta.ai\/tr\/wp-json\/wp\/v2\/comments?post=8862"}],"version-history":[{"count":8,"href":"https:\/\/robusta.ai\/tr\/wp-json\/wp\/v2\/pages\/8862\/revisions"}],"predecessor-version":[{"id":9032,"href":"https:\/\/robusta.ai\/tr\/wp-json\/wp\/v2\/pages\/8862\/revisions\/9032"}],"wp:attachment":[{"href":"https:\/\/robusta.ai\/tr\/wp-json\/wp\/v2\/media?parent=8862"}],"curies":[{"name":"wp","href":"https:\/\/api.w.org\/{rel}","templated":true}]}}