{"id":9462,"date":"2022-06-06T12:58:18","date_gmt":"2022-06-06T09:58:18","guid":{"rendered":"https:\/\/robusta.ai\/?page_id=9462"},"modified":"2024-02-23T16:25:27","modified_gmt":"2024-02-23T13:25:27","slug":"robusta-rpanin-bilissel-yetenekleri","status":"publish","type":"page","link":"https:\/\/robusta.ai\/tr\/robusta-rpanin-bilissel-yetenekleri\/","title":{"rendered":"Robusta RPA&#8217;n\u0131n Bili\u015fsel Yetenekleri"},"content":{"rendered":"<div class=\"wpb-content-wrapper\"><p>[vc_row full_width=&#8221;stretch_row&#8221; background_image=&#8221;6557&#8243; background_position=&#8221;center&#8221;][vc_column][tm_spacer size=&#8221;lg:100&#8243;][tm_heading tag=&#8221;h1&#8243; custom_google_font=&#8221;&#8221; google_fonts=&#8221;font_family:Lato%3A100%2C100italic%2C300%2C300italic%2Cregular%2Citalic%2C700%2C700italic%2C900%2C900italic|font_style:100%20light%20regular%3A100%3Anormal&#8221; align=&#8221;center&#8221; text_color=&#8221;custom&#8221; custom_text_color=&#8221;#ffffff&#8221; animation=&#8221;none&#8221; font_size=&#8221;xs:34;sm:44;md:54;lg:64&#8243; line_height=&#8221;1.13&#8243;]Robusta RPA&#8217;n\u0131n Bili\u015fsel Yetenekleri[\/tm_heading][tm_spacer size=&#8221;lg:50&#8243;][vc_row_inner][vc_column_inner][tm_button button=&#8221;url:https%3A%2F%2Frobusta.ai%2Ftr%2Filetisim%2F|title:B%C4%B0ZE%20ULA%C5%9EIN|target:_blank&#8221; align=&#8221;center&#8221; animation=&#8221;none&#8221; color=&#8221;custom&#8221; button_bg_color=&#8221;custom&#8221; font_color=&#8221;primary&#8221; custom_button_bg_color=&#8221;#ffffff&#8221;][\/vc_column_inner][\/vc_row_inner][tm_spacer size=&#8221;lg:100&#8243;][\/vc_column][\/vc_row][vc_row][vc_column][tm_spacer size=&#8221;lg:70&#8243;][tm_heading tag=&#8221;div&#8221; custom_google_font=&#8221;&#8221; google_fonts=&#8221;font_family:Lato%3A100%2C100italic%2C300%2C300italic%2Cregular%2Citalic%2C700%2C700italic%2C900%2C900italic|font_style:300%20light%20regular%3A300%3Anormal&#8221; animation=&#8221;none&#8221; font_size=&#8221;lg:18&#8243; line_height=&#8221;1.67&#8243;]Optik karakter tan\u0131ma (OCR), metin analiti\u011fi ve makine \u00f6\u011frenimi gibi yapay zeka (AI) gibi bili\u015fisel teknolojilere sahip olan Robusta, bu sayede i\u015fletmelerdeki daha karma\u015f\u0131k, daha az kural tabanl\u0131 g\u00f6revlerin otomatikle\u015ftirmesini sa\u011flar. Kurumlardaki taranm\u0131\u015f belgeler, e-postalar, metinler dahil olmak \u00fczere yap\u0131land\u0131r\u0131lmam\u0131\u015f veri kaynaklar\u0131n\u0131 i\u00e7eren s\u00fcre\u00e7lerin otomatikle\u015ftirmesini m\u00fcmk\u00fcn k\u0131lar.[\/tm_heading][tm_spacer size=&#8221;lg:70&#8243;][\/vc_column][\/vc_row][vc_row full_width=&#8221;stretch_row&#8221; background_color=&#8221;custom&#8221; custom_background_color=&#8221;#F8F8F8&#8243;][vc_column][tm_spacer size=&#8221;lg:86&#8243;][tm_heading tag=&#8221;h2&#8243; custom_google_font=&#8221;&#8221; google_fonts=&#8221;font_family:Lato%3A100%2C100italic%2C300%2C300italic%2Cregular%2Citalic%2C700%2C700italic%2C900%2C900italic|font_style:100%20light%20regular%3A100%3Anormal&#8221; align=&#8221;center&#8221; animation=&#8221;none&#8221; font_size=&#8221;sm:28;md:34;lg:40&#8243; line_height=&#8221;1.4&#8243;]Robusta RPA\u2019n\u0131n <mark>bili\u015fsel yeteneklerini<\/mark> ke\u015ffedin.[\/tm_heading][tm_spacer size=&#8221;lg:86&#8243;][tm_spacer size=&#8221;lg:30&#8243;][tm_grid equal_height=&#8221;1&#8243; animation=&#8221;none&#8221; columns=&#8221;xs:1;sm:2;lg:3&#8243; column_gutter=&#8221;lg:30&#8243; row_gutter=&#8221;lg:30&#8243;][tm_box_image style=&#8221;05&#8243; animation=&#8221;none&#8221; heading=&#8221;Duygu Analizi&#8221; text=&#8221;Robusta duygu analizi \u00f6zelli\u011fi duygusal durumlar\u0131 ve \u00f6znel bilgileri sistematik olarak tan\u0131mlamak, \u00e7\u0131karmak, \u00f6l\u00e7mek ve incelemek i\u00e7in kullan\u0131lmaktad\u0131r.<br \/>\nDuygu analizinin tespit edildi\u011fi \u00e7al\u0131\u015fmalarda do\u011fal dil i\u015fleme, metin analizi, hesaplamal\u0131 dilbilim ve biyometriden faydalan\u0131l\u0131r. Duygu analizi, m\u00fc\u015fteri ve anket yan\u0131tlar\u0131, sosyal medya dinlemeleri gibi bir\u00e7ok alanda kullan\u0131l\u0131r. Belge i\u00e7erisindeki her c\u00fcmle i\u00e7in bir duygu s\u0131n\u0131f\u0131 (pozitif, negatif ve n\u00f6tr) ve duygu tahmini d\u00f6n\u00fc\u015ft\u00fcr\u00fclmesini sa\u011flar.&#8221; button=&#8221;|||&#8221; image=&#8221;5728&#8243;][tm_box_image style=&#8221;05&#8243; animation=&#8221;none&#8221; heading=&#8221;Anahtar Kelime&#8221; text=&#8221;Anahtar kelime tan\u0131ma \u00f6zelli\u011fi anahtar ifadeler, terimler, b\u00f6l\u00fcmler veya anahtar kelimeler gibi belgede yer alan en alakal\u0131 bilgileri temsil eden terimleri tan\u0131mlamak i\u00e7in kullan\u0131lan teknolojidir. Belgeleri belge takma ad\u0131 olarak indeksleyerek belgeler \u00fczerinde daha h\u0131zl\u0131 arama yapman\u0131z\u0131 sa\u011flar ve hatta bu ana konular i\u00e7in belirli bir metin par\u00e7as\u0131n\u0131 kategorilere ay\u0131rmada yard\u0131mc\u0131 olur.&#8221; button=&#8221;|||&#8221; image=&#8221;5769&#8243;][tm_box_image style=&#8221;05&#8243; animation=&#8221;none&#8221; heading=&#8221;Nesne Alg\u0131lama&#8221; text=&#8221;Robusta&#8217;da bulunan nesne alg\u0131lama \u00f6zelli\u011fi dijital g\u00f6r\u00fcnt\u00fclerde ve videolarda belirli bir s\u0131n\u0131ftaki (insanlar, binalar veya arabalar gibi) anlamsal nesnelerin \u00f6rneklerini alg\u0131lamay\u0131 m\u00fcmk\u00fcn k\u0131lar. G\u00f6r\u00fcnt\u00fc anlamland\u0131rma, ara\u00e7 sayma, etkinlik tan\u0131ma, y\u00fcz alg\u0131lama, y\u00fcz tan\u0131ma, konum belirleme gibi bir\u00e7ok amac\u0131n yan\u0131 s\u0131ra nesnelerin izlenmesinde de kullan\u0131l\u0131r. \u00d6rne\u011fin bir futbol ma\u00e7\u0131 s\u0131ras\u0131nda bir topun ya da videodaki bir ki\u015finin izlenmesi gibi ama\u00e7larla kullan\u0131l\u0131r.&#8221; button=&#8221;|||&#8221; image=&#8221;5758&#8243;][\/tm_grid][tm_spacer size=&#8221;lg:30&#8243;][tm_grid equal_height=&#8221;1&#8243; animation=&#8221;none&#8221; columns=&#8221;xs:1;sm:2;lg:3&#8243; column_gutter=&#8221;lg:30&#8243; row_gutter=&#8221;lg:30&#8243;][tm_box_image style=&#8221;05&#8243; animation=&#8221;none&#8221; heading=&#8221;Etiket Alg\u0131lama&#8221; text=&#8221;Robusta&#8217;n\u0131n etiket alg\u0131lama \u00f6zelli\u011fi geni\u015f bir kategori grubu genelinde bir g\u00f6r\u00fcnt\u00fcdeki varl\u0131klarla ilgili bilgileri alg\u0131layabilir ve belirleyebilir.<br \/>\nEtiketler genel olarak nesneleri, konumlar\u0131, etkinlikleri, hayvan t\u00fcrlerini, \u00fcr\u00fcnleri ve daha bir\u00e7ok cismi tan\u0131mlayabilir. Robusta&#8217;n\u0131n bu \u00f6zelli\u011fi ile \u00f6zel bir alanda bir cismi etiketlemek istiyorsan\u0131z makine \u00f6\u011frenimi sayesinde o etiket konusunda e\u011fiterek g\u00f6r\u00fcnt\u00fcleri s\u0131n\u0131fland\u0131rabilirsiniz.&#8221; button=&#8221;|||&#8221; image=&#8221;5752&#8243;][tm_box_image style=&#8221;05&#8243; animation=&#8221;none&#8221; heading=&#8221;Logo Alg\u0131lama&#8221; text=&#8221;Logo alg\u0131lama, g\u00f6rsellerdeki veya videolardaki ticari markalar\u0131 tan\u0131mlamak i\u00e7in binlerce global logodan olu\u015fan bir veritaban\u0131 kullanan \u00f6zel bir nesne alg\u0131lama modudur. Bu \u00f6zelli\u011fi, \u00f6rne\u011fin hangi markalar\u0131n sosyal medyada en pop\u00fcler oldu\u011funu veya medya \u00fcr\u00fcn\u00fc yerle\u015ftirmede en yayg\u0131n olan\u0131 ke\u015ffetmek i\u00e7in kullanabilirsiniz.<br \/>\nRobusta&#8217;n\u0131n bu \u00f6zelli\u011fi belirli bir g\u00f6r\u00fcnt\u00fcde marka logolar\u0131 olup olmad\u0131\u011f\u0131n\u0131 alg\u0131lar. Kulland\u0131\u011f\u0131 yerle\u015fik logo veritaban\u0131, t\u00fcketici elektroni\u011fi, giyim ve daha pek \u00e7ok alanda pop\u00fcler markalar\u0131 kapsar. Custom Vision \u00f6zelli\u011fi ile kendi logo dedekt\u00f6r\u00fcn\u00fcz\u00fc olu\u015fturup e\u011fitebilirsiniz.&#8221; button=&#8221;|||&#8221; image=&#8221;5750&#8243;][tm_box_image style=&#8221;05&#8243; animation=&#8221;none&#8221; heading=&#8221;Ak\u0131ll\u0131 K\u0131rp\u0131lm\u0131\u015f G\u00f6rseller&#8221; text=&#8221;Robusta ile gelen crop hint detection \u00f6zelli\u011fi ile k\u00fc\u00e7\u00fck resimler, g\u00f6r\u00fcnt\u00fcleri ve di\u011fer verileri daha ekonomik ve yerle\u015fim dostu bir \u015fekilde temsil etmek i\u00e7in kullan\u0131l\u0131r. Bu \u00f6zellik ile belirli bir g\u00f6r\u00fcnt\u00fcye dair k\u00fc\u00e7\u00fck resimler olu\u015fturmak i\u00e7in g\u00f6r\u00fcnt\u00fcy\u00fc yeniden boyutland\u0131rmayla birlikte ak\u0131ll\u0131 k\u0131rpma \u00f6zelli\u011fi kullan\u0131l\u0131r.&#8221; button=&#8221;|||&#8221; image=&#8221;5763&#8243;][\/tm_grid][tm_spacer size=&#8221;lg:30&#8243;][\/vc_column][\/vc_row][vc_row][vc_column width=&#8221;1\/2&#8243;][\/vc_column][vc_column width=&#8221;1\/2&#8243;][\/vc_column][\/vc_row][vc_row][vc_column][tm_button_group][\/tm_button_group][\/vc_column][\/vc_row]<\/p>\n<\/div>","protected":false},"excerpt":{"rendered":"<p>[vc_row full_width=&#8221;stretch_row&#8221; background_image=&#8221;6557&#8243; background_position=&#8221;center&#8221;][vc_column][tm_spacer size=&#8221;lg:100&#8243;][tm_heading tag=&#8221;h1&#8243; custom_google_font=&#8221;&#8221; google_fonts=&#8221;font_family:Lato%3A100%2C100italic%2C300%2C300italic%2Cregular%2Citalic%2C700%2C700italic%2C900%2C900italic|font_style:100%20light%20regular%3A100%3Anormal&#8221; align=&#8221;center&#8221; text_color=&#8221;custom&#8221; custom_text_color=&#8221;#ffffff&#8221; animation=&#8221;none&#8221; font_size=&#8221;xs:34;sm:44;md:54;lg:64&#8243; line_height=&#8221;1.13&#8243;]Robusta RPA&#8217;n\u0131n Bili\u015fsel Yetenekleri[\/tm_heading][tm_spacer size=&#8221;lg:50&#8243;][vc_row_inner][vc_column_inner][tm_button button=&#8221;url:https%3A%2F%2Frobusta.ai%2Ftr%2Filetisim%2F|title:B%C4%B0ZE%20ULA%C5%9EIN|target:_blank&#8221; align=&#8221;center&#8221; animation=&#8221;none&#8221; color=&#8221;custom&#8221; button_bg_color=&#8221;custom&#8221; font_color=&#8221;primary&#8221; custom_button_bg_color=&#8221;#ffffff&#8221;][\/vc_column_inner][\/vc_row_inner][tm_spacer size=&#8221;lg:100&#8243;][\/vc_column][\/vc_row][vc_row][vc_column][tm_spacer size=&#8221;lg:70&#8243;][tm_heading tag=&#8221;div&#8221; custom_google_font=&#8221;&#8221; google_fonts=&#8221;font_family:Lato%3A100%2C100italic%2C300%2C300italic%2Cregular%2Citalic%2C700%2C700italic%2C900%2C900italic|font_style:300%20light%20regular%3A300%3Anormal&#8221; animation=&#8221;none&#8221; font_size=&#8221;lg:18&#8243; line_height=&#8221;1.67&#8243;]Optik karakter tan\u0131ma (OCR), metin analiti\u011fi ve makine \u00f6\u011frenimi gibi yapay zeka (AI) gibi bili\u015fisel teknolojilere sahip olan Robusta, bu sayede i\u015fletmelerdeki daha karma\u015f\u0131k, daha az kural tabanl\u0131 g\u00f6revlerin otomatikle\u015ftirmesini sa\u011flar. Kurumlardaki taranm\u0131\u015f belgeler, e-postalar, metinler dahil olmak \u00fczere yap\u0131land\u0131r\u0131lmam\u0131\u015f veri kaynaklar\u0131n\u0131 i\u00e7eren s\u00fcre\u00e7lerin otomatikle\u015ftirmesini m\u00fcmk\u00fcn k\u0131lar.[\/tm_heading][tm_spacer size=&#8221;lg:70&#8243;][\/vc_column][\/vc_row][vc_row full_width=&#8221;stretch_row&#8221; background_color=&#8221;custom&#8221; custom_background_color=&#8221;#F8F8F8&#8243;][vc_column][tm_spacer size=&#8221;lg:86&#8243;][tm_heading tag=&#8221;h2&#8243; custom_google_font=&#8221;&#8221; google_fonts=&#8221;font_family:Lato%3A100%2C100italic%2C300%2C300italic%2Cregular%2Citalic%2C700%2C700italic%2C900%2C900italic|font_style:100%20light%20regular%3A100%3Anormal&#8221; align=&#8221;center&#8221; animation=&#8221;none&#8221; font_size=&#8221;sm:28;md:34;lg:40&#8243; line_height=&#8221;1.4&#8243;]Robusta RPA\u2019n\u0131n bili\u015fsel yeteneklerini ke\u015ffedin.[\/tm_heading][tm_spacer size=&#8221;lg:86&#8243;][tm_spacer size=&#8221;lg:30&#8243;][tm_grid equal_height=&#8221;1&#8243; animation=&#8221;none&#8221; columns=&#8221;xs:1;sm:2;lg:3&#8243; column_gutter=&#8221;lg:30&#8243; row_gutter=&#8221;lg:30&#8243;][tm_box_image style=&#8221;05&#8243; animation=&#8221;none&#8221; heading=&#8221;Duygu Analizi&#8221; text=&#8221;Robusta duygu analizi \u00f6zelli\u011fi duygusal durumlar\u0131 ve \u00f6znel bilgileri sistematik olarak tan\u0131mlamak, \u00e7\u0131karmak, \u00f6l\u00e7mek ve incelemek i\u00e7in kullan\u0131lmaktad\u0131r. Duygu analizinin tespit edildi\u011fi \u00e7al\u0131\u015fmalarda do\u011fal dil i\u015fleme, metin analizi, hesaplamal\u0131 dilbilim ve biyometriden faydalan\u0131l\u0131r. Duygu analizi, m\u00fc\u015fteri ve anket yan\u0131tlar\u0131, sosyal medya dinlemeleri gibi bir\u00e7ok alanda kullan\u0131l\u0131r. Belge i\u00e7erisindeki her c\u00fcmle i\u00e7in bir duygu s\u0131n\u0131f\u0131 (pozitif, negatif ve n\u00f6tr) ve duygu tahmini d\u00f6n\u00fc\u015ft\u00fcr\u00fclmesini sa\u011flar.&#8221; button=&#8221;|||&#8221; image=&#8221;5728&#8243;][tm_box_image style=&#8221;05&#8243; animation=&#8221;none&#8221; heading=&#8221;Anahtar Kelime&#8221; text=&#8221;Anahtar kelime tan\u0131ma \u00f6zelli\u011fi anahtar ifadeler, terimler, b\u00f6l\u00fcmler veya anahtar kelimeler gibi belgede yer alan en alakal\u0131 bilgileri temsil eden terimleri tan\u0131mlamak i\u00e7in kullan\u0131lan teknolojidir. Belgeleri belge takma ad\u0131 olarak indeksleyerek belgeler \u00fczerinde daha h\u0131zl\u0131 arama yapman\u0131z\u0131 sa\u011flar ve hatta bu ana konular i\u00e7in belirli bir metin par\u00e7as\u0131n\u0131 kategorilere ay\u0131rmada yard\u0131mc\u0131 olur.&#8221; button=&#8221;|||&#8221; image=&#8221;5769&#8243;][tm_box_image style=&#8221;05&#8243; animation=&#8221;none&#8221; heading=&#8221;Nesne Alg\u0131lama&#8221; text=&#8221;Robusta&#8217;da bulunan nesne alg\u0131lama \u00f6zelli\u011fi dijital g\u00f6r\u00fcnt\u00fclerde ve videolarda belirli bir s\u0131n\u0131ftaki (insanlar, binalar veya arabalar gibi) anlamsal nesnelerin \u00f6rneklerini alg\u0131lamay\u0131 m\u00fcmk\u00fcn k\u0131lar. G\u00f6r\u00fcnt\u00fc anlamland\u0131rma, ara\u00e7 sayma, etkinlik tan\u0131ma, y\u00fcz alg\u0131lama, y\u00fcz tan\u0131ma, konum belirleme gibi bir\u00e7ok amac\u0131n yan\u0131 s\u0131ra nesnelerin izlenmesinde de kullan\u0131l\u0131r. \u00d6rne\u011fin bir futbol ma\u00e7\u0131 s\u0131ras\u0131nda bir topun ya da videodaki bir ki\u015finin izlenmesi gibi ama\u00e7larla kullan\u0131l\u0131r.&#8221; button=&#8221;|||&#8221; image=&#8221;5758&#8243;][\/tm_grid][tm_spacer size=&#8221;lg:30&#8243;][tm_grid equal_height=&#8221;1&#8243; animation=&#8221;none&#8221; columns=&#8221;xs:1;sm:2;lg:3&#8243; column_gutter=&#8221;lg:30&#8243; row_gutter=&#8221;lg:30&#8243;][tm_box_image style=&#8221;05&#8243; animation=&#8221;none&#8221; heading=&#8221;Etiket Alg\u0131lama&#8221; text=&#8221;Robusta&#8217;n\u0131n etiket alg\u0131lama \u00f6zelli\u011fi geni\u015f bir kategori grubu genelinde bir g\u00f6r\u00fcnt\u00fcdeki varl\u0131klarla ilgili bilgileri alg\u0131layabilir ve belirleyebilir. Etiketler genel olarak nesneleri, konumlar\u0131, etkinlikleri, hayvan t\u00fcrlerini, \u00fcr\u00fcnleri ve daha bir\u00e7ok cismi tan\u0131mlayabilir. Robusta&#8217;n\u0131n bu \u00f6zelli\u011fi ile \u00f6zel bir alanda bir cismi etiketlemek istiyorsan\u0131z makine \u00f6\u011frenimi sayesinde o etiket konusunda e\u011fiterek g\u00f6r\u00fcnt\u00fcleri s\u0131n\u0131fland\u0131rabilirsiniz.&#8221; button=&#8221;|||&#8221; image=&#8221;5752&#8243;][tm_box_image style=&#8221;05&#8243; animation=&#8221;none&#8221; heading=&#8221;Logo Alg\u0131lama&#8221; text=&#8221;Logo alg\u0131lama, g\u00f6rsellerdeki veya videolardaki ticari markalar\u0131 tan\u0131mlamak i\u00e7in binlerce global logodan olu\u015fan bir veritaban\u0131 kullanan \u00f6zel bir nesne alg\u0131lama modudur. Bu \u00f6zelli\u011fi, \u00f6rne\u011fin hangi markalar\u0131n sosyal medyada en pop\u00fcler oldu\u011funu veya medya \u00fcr\u00fcn\u00fc yerle\u015ftirmede en yayg\u0131n olan\u0131 ke\u015ffetmek i\u00e7in kullanabilirsiniz. Robusta&#8217;n\u0131n bu \u00f6zelli\u011fi belirli bir g\u00f6r\u00fcnt\u00fcde marka logolar\u0131 olup olmad\u0131\u011f\u0131n\u0131 alg\u0131lar. Kulland\u0131\u011f\u0131 yerle\u015fik logo veritaban\u0131, t\u00fcketici elektroni\u011fi, giyim ve daha pek \u00e7ok alanda pop\u00fcler markalar\u0131 kapsar. Custom Vision \u00f6zelli\u011fi ile kendi logo dedekt\u00f6r\u00fcn\u00fcz\u00fc olu\u015fturup e\u011fitebilirsiniz.&#8221; button=&#8221;|||&#8221; image=&#8221;5750&#8243;][tm_box_image style=&#8221;05&#8243; animation=&#8221;none&#8221; heading=&#8221;Ak\u0131ll\u0131 K\u0131rp\u0131lm\u0131\u015f G\u00f6rseller&#8221; text=&#8221;Robusta ile gelen crop hint detection \u00f6zelli\u011fi ile k\u00fc\u00e7\u00fck resimler, g\u00f6r\u00fcnt\u00fcleri ve di\u011fer verileri daha ekonomik ve yerle\u015fim dostu bir \u015fekilde temsil etmek i\u00e7in kullan\u0131l\u0131r. Bu \u00f6zellik ile belirli bir g\u00f6r\u00fcnt\u00fcye dair k\u00fc\u00e7\u00fck resimler olu\u015fturmak i\u00e7in g\u00f6r\u00fcnt\u00fcy\u00fc yeniden boyutland\u0131rmayla birlikte ak\u0131ll\u0131 k\u0131rpma \u00f6zelli\u011fi kullan\u0131l\u0131r.&#8221; button=&#8221;|||&#8221; image=&#8221;5763&#8243;][\/tm_grid][tm_spacer size=&#8221;lg:30&#8243;][\/vc_column][\/vc_row][vc_row][vc_column width=&#8221;1\/2&#8243;][\/vc_column][vc_column width=&#8221;1\/2&#8243;][\/vc_column][\/vc_row][vc_row][vc_column][tm_button_group][\/tm_button_group][\/vc_column][\/vc_row]<\/p>\n","protected":false},"author":2778,"featured_media":0,"parent":0,"menu_order":0,"comment_status":"closed","ping_status":"closed","template":"","meta":{"footnotes":""},"class_list":["post-9462","page","type-page","status-publish","hentry","post-no-thumbnail"],"_links":{"self":[{"href":"https:\/\/robusta.ai\/tr\/wp-json\/wp\/v2\/pages\/9462","targetHints":{"allow":["GET"]}}],"collection":[{"href":"https:\/\/robusta.ai\/tr\/wp-json\/wp\/v2\/pages"}],"about":[{"href":"https:\/\/robusta.ai\/tr\/wp-json\/wp\/v2\/types\/page"}],"author":[{"embeddable":true,"href":"https:\/\/robusta.ai\/tr\/wp-json\/wp\/v2\/users\/2778"}],"replies":[{"embeddable":true,"href":"https:\/\/robusta.ai\/tr\/wp-json\/wp\/v2\/comments?post=9462"}],"version-history":[{"count":11,"href":"https:\/\/robusta.ai\/tr\/wp-json\/wp\/v2\/pages\/9462\/revisions"}],"predecessor-version":[{"id":9485,"href":"https:\/\/robusta.ai\/tr\/wp-json\/wp\/v2\/pages\/9462\/revisions\/9485"}],"wp:attachment":[{"href":"https:\/\/robusta.ai\/tr\/wp-json\/wp\/v2\/media?parent=9462"}],"curies":[{"name":"wp","href":"https:\/\/api.w.org\/{rel}","templated":true}]}}